{"id":334639,"date":"2022-04-26T21:34:21","date_gmt":"2024-04-18T14:40:03","guid":{"rendered":"https:\/\/www.moskito.cz\/produkt\/solides-messer-sog-gambit\/"},"modified":"2025-05-07T11:12:05","modified_gmt":"2025-05-07T10:12:05","slug":"solides-messer-sog-gambit","status":"publish","type":"product","link":"https:\/\/www.moskito.cz\/de\/produkt\/solides-messer-sog-gambit\/","title":{"rendered":"Solides Messer SOG GAMBIT"},"content":{"rendered":"<p>Solides Messer <strong>SOG<\/strong> GAMBIT.<\/p>\n<p>Das SOG Gambit ist eine solide Klinge, die f\u00fcr vielf\u00e4ltige Einsatzzwecke konzipiert ist, darunter Personenschutz, Versorgungsaufgaben und mehr. Sie ist f\u00fcr den Einsatz unter allen Umst\u00e4nden ausgelegt. Der einzigartige ergonomische Griff, der sowohl beim Vorw\u00e4rts- als auch beim R\u00fcckw\u00e4rtsgriff bequem ist, wird f\u00fcr zus\u00e4tzliche Stabilit\u00e4t durch das Vollklingendesign gehalten. Die hakenf\u00f6rmige 2,6-Zoll-Klinge, die einer Klaue \u00e4hnelt, bietet zus\u00e4tzliche M\u00f6glichkeiten zum Einhaken, Rei\u00dfen und Rei\u00dfen. Der Gambit wird mit einer robusten Nylontasche f\u00fcr einfachen Transport geliefert. Historisch gesehen war dieser Klingenstil f\u00fcr die Selbstverteidigung und den landwirtschaftlichen Einsatz gedacht. Obwohl es immer noch f\u00fcr diese Zwecke verwendet wird, eignet es sich auch hervorragend f\u00fcr den Au\u00dfenbereich.<\/p>\n<p>Robustes Holster aus geformtem Nylon mit G\u00fcrtel-\/Schuhclip, G\u00fcrtelbefestigungspunkten und Trageband f\u00fcr mehrere Tragem\u00f6glichkeiten.<\/p>\n<p>Vielseitiger Einsatz inklusive Personenschutz, n\u00fctzlichen Aufgaben und vielem mehr<\/p>\n<p>Gesamtl\u00e4nge: 185 mm, Gewicht: 79 g. Klingenl\u00e4nge: 66 mm<\/p>\n<p>&nbsp;<\/p>\n","protected":false},"excerpt":{"rendered":"<p>Egal, ob Sie andere besch\u00fctzen oder eine epische Jagdexpedition leiten, eine der allt\u00e4glichen Herausforderungen des Lebens meistern oder die bisher extremsten Bedingungen meistern, machen Sie sich mit <strong>SOG<\/strong> auf den Weg.<\/p>\n<p><strong>Wir geben auf alle SOG-Messer eine lebenslange Garantie!<\/strong><\/p>\n","protected":false},"featured_media":334640,"comment_status":"open","ping_status":"closed","template":"","meta":[],"pwb-brand":[3605],"product_brand":[],"product_cat":[3285,3287],"product_tag":[3669],"class_list":{"0":"post-334639","1":"product","2":"type-product","3":"status-publish","4":"has-post-thumbnail","6":"pwb-brand-wie-g","7":"product_cat-messer","8":"product_cat-solide-messer","9":"product_tag-b2b-de","11":"first","12":"outofstock","13":"taxable","14":"shipping-taxable","15":"purchasable","16":"product-type-simple"},"brands":[{"id":3605,"name":"WIE G","slug":"wie-g"}],"_links":{"self":[{"href":"https:\/\/www.moskito.cz\/de\/wp-json\/wp\/v2\/product\/334639","targetHints":{"allow":["GET"]}}],"collection":[{"href":"https:\/\/www.moskito.cz\/de\/wp-json\/wp\/v2\/product"}],"about":[{"href":"https:\/\/www.moskito.cz\/de\/wp-json\/wp\/v2\/types\/product"}],"replies":[{"embeddable":true,"href":"https:\/\/www.moskito.cz\/de\/wp-json\/wp\/v2\/comments?post=334639"}],"wp:featuredmedia":[{"embeddable":true,"href":"https:\/\/www.moskito.cz\/de\/wp-json\/wp\/v2\/media\/334640"}],"wp:attachment":[{"href":"https:\/\/www.moskito.cz\/de\/wp-json\/wp\/v2\/media?parent=334639"}],"wp:term":[{"taxonomy":"pwb-brand","embeddable":true,"href":"https:\/\/www.moskito.cz\/de\/wp-json\/wp\/v2\/pwb-brand?post=334639"},{"taxonomy":"product_brand","embeddable":true,"href":"https:\/\/www.moskito.cz\/de\/wp-json\/wp\/v2\/product_brand?post=334639"},{"taxonomy":"product_cat","embeddable":true,"href":"https:\/\/www.moskito.cz\/de\/wp-json\/wp\/v2\/product_cat?post=334639"},{"taxonomy":"product_tag","embeddable":true,"href":"https:\/\/www.moskito.cz\/de\/wp-json\/wp\/v2\/product_tag?post=334639"}],"curies":[{"name":"wp","href":"https:\/\/api.w.org\/{rel}","templated":true}]}}