{"id":334664,"date":"2023-03-07T22:14:58","date_gmt":"2024-04-18T14:44:06","guid":{"rendered":"https:\/\/www.moskito.cz\/produkt\/solides-messer-sog-tellus-fx-wolf-grau\/"},"modified":"2025-05-07T11:12:05","modified_gmt":"2025-05-07T10:12:05","slug":"solides-messer-sog-tellus-fx-wolf-grau","status":"publish","type":"product","link":"https:\/\/www.moskito.cz\/de\/produkt\/solides-messer-sog-tellus-fx-wolf-grau\/","title":{"rendered":"Solides Messer SOG TELLUS FX WOLF GRAU"},"content":{"rendered":"<p>Solides Messer <strong>SOG<\/strong> TELLUS FX WOLF GRAU<\/p>\n<p>Das R\u00fcckgrat dieses kraftvollen Messers ist eine durchgehende Klinge aus CYRO 440-Edelstahl mit breiter Schulter. Der GRN-Griff ist f\u00fcr eine Vielzahl von Bushcrafting-Aufgaben einfach zu handhaben, auch wenn er nass ist. Die Scheide bietet Flexibilit\u00e4t, wie und wo das Messer sicher getragen werden kann. Inklusive verstellbarer UMS-kompatibler H\u00fclle.<\/p>\n<p><strong>CYRO 440C EDELSTAHL<\/strong><br \/>\nCRYO 440C-Edelstahl bietet die perfekte Kombination aus hervorragender Korrosions- und Verschlei\u00dffestigkeit, die f\u00fcr ein Messer erforderlich ist, das f\u00fcr den harten Einsatz im Freien konzipiert ist. Das Stonewashed-Finish bietet eine erh\u00f6hte Korrosionsbest\u00e4ndigkeit und verbirgt Kratzer, sodass Ihr Messer weiterhin gro\u00dfartig aussieht.<\/p>\n<p><strong>GRIFF GRN<\/strong><br \/>\nNylon ist aufgrund seiner Festigkeit, Schlagfestigkeit, chemischen Inertheit und Stabilit\u00e4t bei hohen Temperaturen ein beliebtes Material f\u00fcr Messergriffe. All diese Eigenschaften werden beim Tellus FX durch die Zugabe von Glasfasern zum Nylon verbessert, um ein neues und noch haltbareres Material zu schaffen: Fiberglas-verst\u00e4rktes Nylon (GRN).<\/p>\n<p>GEH\u00c4USE KOMPATIBEL MIT UMS<br \/>\nDie H\u00fclle enth\u00e4lt die besten Teile des universellen Befestigungssystems von SOG und erm\u00f6glicht so ein sicheres, individuelles Tragen bei einer Vielzahl von Outdoor-Abenteuern.<\/p>\n<p>STAHL: CRYO 440 (9Cr18MoV)<br \/>\nGEH\u00c4USEMATERIAL: PP<br \/>\nGEWICHT: 191g<br \/>\nKLINGENL\u00c4NGE: 10,8 cm<br \/>\nGESAMTGR\u00d6SSE: 22,9 cm<br \/>\nGraue Farbe<br \/>\nGRIFFMATERIAL: GRN<br \/>\nKLINGENST\u00c4RKE: 3,8 mm<\/p>\n<p>&nbsp;<\/p>\n","protected":false},"excerpt":{"rendered":"<p><strong>Das ultimative Arbeitsmesser f\u00fcr raues Arbeiten. Seine Anwendung findet man in der Natur.<\/strong><\/p>\n","protected":false},"featured_media":334665,"comment_status":"open","ping_status":"closed","template":"","meta":[],"pwb-brand":[3605],"product_brand":[],"product_cat":[3285,3287],"product_tag":[3669],"class_list":{"0":"post-334664","1":"product","2":"type-product","3":"status-publish","4":"has-post-thumbnail","6":"pwb-brand-wie-g","7":"product_cat-messer","8":"product_cat-solide-messer","9":"product_tag-b2b-de","11":"first","12":"outofstock","13":"taxable","14":"shipping-taxable","15":"purchasable","16":"product-type-simple"},"brands":[{"id":3605,"name":"WIE G","slug":"wie-g"}],"_links":{"self":[{"href":"https:\/\/www.moskito.cz\/de\/wp-json\/wp\/v2\/product\/334664","targetHints":{"allow":["GET"]}}],"collection":[{"href":"https:\/\/www.moskito.cz\/de\/wp-json\/wp\/v2\/product"}],"about":[{"href":"https:\/\/www.moskito.cz\/de\/wp-json\/wp\/v2\/types\/product"}],"replies":[{"embeddable":true,"href":"https:\/\/www.moskito.cz\/de\/wp-json\/wp\/v2\/comments?post=334664"}],"wp:featuredmedia":[{"embeddable":true,"href":"https:\/\/www.moskito.cz\/de\/wp-json\/wp\/v2\/media\/334665"}],"wp:attachment":[{"href":"https:\/\/www.moskito.cz\/de\/wp-json\/wp\/v2\/media?parent=334664"}],"wp:term":[{"taxonomy":"pwb-brand","embeddable":true,"href":"https:\/\/www.moskito.cz\/de\/wp-json\/wp\/v2\/pwb-brand?post=334664"},{"taxonomy":"product_brand","embeddable":true,"href":"https:\/\/www.moskito.cz\/de\/wp-json\/wp\/v2\/product_brand?post=334664"},{"taxonomy":"product_cat","embeddable":true,"href":"https:\/\/www.moskito.cz\/de\/wp-json\/wp\/v2\/product_cat?post=334664"},{"taxonomy":"product_tag","embeddable":true,"href":"https:\/\/www.moskito.cz\/de\/wp-json\/wp\/v2\/product_tag?post=334664"}],"curies":[{"name":"wp","href":"https:\/\/api.w.org\/{rel}","templated":true}]}}