{"id":334670,"date":"2023-03-13T23:43:51","date_gmt":"2023-03-13T22:43:51","guid":{"rendered":"https:\/\/www.moskito.cz\/produkt\/solides-messer-sog-tellus-fx-olive-drab\/"},"modified":"2025-05-07T11:12:05","modified_gmt":"2025-05-07T10:12:05","slug":"solides-messer-sog-tellus-fx-olive-drab","status":"publish","type":"product","link":"https:\/\/www.moskito.cz\/de\/produkt\/solides-messer-sog-tellus-fx-olive-drab\/","title":{"rendered":"Solides Messer SOG TELLUS FX OLIVE DRAB"},"content":{"rendered":"<p>Solides Messer <strong>SOG<\/strong> TELLUS FX OLIVE DRAB<\/p>\n<p>Die vollfl\u00e4chige CYRO 440C-Klinge mit breiter Schulter dient als R\u00fcckgrat dieses kraftvollen Messers. Der GRN-Griff ist f\u00fcr eine Vielzahl von Bushcrafting-Aufgaben einfach zu handhaben, auch wenn er nass ist. Die Scheide bietet Flexibilit\u00e4t, wie und wo das Messer sicher getragen werden kann. Inklusive verstellbarer UMS-kompatibler H\u00fclle.<\/p>\n<p><strong>Zu Hause im Wald oder auf dem Feld<\/strong><br \/>\nDas Tellus FX in Originalgr\u00f6\u00dfe ist ein hochwertiges und zuverl\u00e4ssiges Messer mit feststehender Klinge.<\/p>\n<p><strong>SOLIDE KLINGE ZU G\u00dcNSTIGEM PREIS<\/strong><br \/>\nDie CYRO 440C-Edelstahlklinge mit GRN-Griff und UMS-Scheide runden die Eigenschaften dieses sehr leistungsf\u00e4higen Messers mit feststehender Klinge ab.<\/p>\n<p><strong>CYRO 440C EDELSTAHL<\/strong><br \/>\nCRYO 440C-Edelstahl bietet die perfekte Kombination aus hervorragender Korrosions- und Verschlei\u00dffestigkeit, die f\u00fcr ein Messer erforderlich ist, das f\u00fcr den harten Einsatz im Freien konzipiert ist. Das Stonewashed-Finish bietet eine erh\u00f6hte Korrosionsbest\u00e4ndigkeit und verbirgt Kratzer, sodass Ihr Messer weiterhin gro\u00dfartig aussieht.<\/p>\n<p><strong>GRIFF GRN<\/strong><br \/>\nNylon ist aufgrund seiner Festigkeit, Schlagfestigkeit, chemischen Inertheit und Stabilit\u00e4t bei hohen Temperaturen ein beliebtes Material f\u00fcr Messergriffe. All diese Eigenschaften werden beim Tellus FX durch die Zugabe von Glasfasern zum Nylon verbessert, um ein neues und noch haltbareres Material zu schaffen: Fiberglas-verst\u00e4rktes Nylon (GRN).<\/p>\n<p><strong>GEH\u00c4USE KOMPATIBEL MIT UMS<\/strong><br \/>\nDie H\u00fclle enth\u00e4lt die besten Teile des universellen Befestigungssystems von SOG und erm\u00f6glicht so ein sicheres, individuelles Tragen bei einer Vielzahl von Outdoor-Abenteuern.<\/p>\n<p>STAHL: CRYO 440 (9Cr18MoV)<br \/>\nGEH\u00c4USEMATERIAL: PP<br \/>\nGEWICHT: 191 g<br \/>\nFarbe orange<br \/>\nKLINGENL\u00c4NGE: 10,8 cm<br \/>\nGESAMTGR\u00d6SSE: 22,9 cm<br \/>\nGRIFFMATERIAL: GRN<br \/>\nKLINGENST\u00c4RKE: 3,8 mm<\/p>\n<p>&nbsp;<\/p>\n","protected":false},"excerpt":{"rendered":"<p><strong>Tellus FX \u2013 ein Messer mit solider Klinge und glatter Schneide. Das ultimative Arbeitsmesser f\u00fcr raues Arbeiten. Seine Anwendung findet man in der Natur.<\/strong><\/p>\n","protected":false},"featured_media":334671,"comment_status":"open","ping_status":"closed","template":"","meta":[],"pwb-brand":[3605],"product_brand":[],"product_cat":[3287,3285],"product_tag":[3669],"class_list":{"0":"post-334670","1":"product","2":"type-product","3":"status-publish","4":"has-post-thumbnail","6":"pwb-brand-wie-g","7":"product_cat-solide-messer","8":"product_cat-messer","9":"product_tag-b2b-de","11":"first","12":"instock","13":"taxable","14":"shipping-taxable","15":"purchasable","16":"product-type-simple"},"brands":[{"id":3605,"name":"WIE G","slug":"wie-g"}],"_links":{"self":[{"href":"https:\/\/www.moskito.cz\/de\/wp-json\/wp\/v2\/product\/334670","targetHints":{"allow":["GET"]}}],"collection":[{"href":"https:\/\/www.moskito.cz\/de\/wp-json\/wp\/v2\/product"}],"about":[{"href":"https:\/\/www.moskito.cz\/de\/wp-json\/wp\/v2\/types\/product"}],"replies":[{"embeddable":true,"href":"https:\/\/www.moskito.cz\/de\/wp-json\/wp\/v2\/comments?post=334670"}],"wp:featuredmedia":[{"embeddable":true,"href":"https:\/\/www.moskito.cz\/de\/wp-json\/wp\/v2\/media\/334671"}],"wp:attachment":[{"href":"https:\/\/www.moskito.cz\/de\/wp-json\/wp\/v2\/media?parent=334670"}],"wp:term":[{"taxonomy":"pwb-brand","embeddable":true,"href":"https:\/\/www.moskito.cz\/de\/wp-json\/wp\/v2\/pwb-brand?post=334670"},{"taxonomy":"product_brand","embeddable":true,"href":"https:\/\/www.moskito.cz\/de\/wp-json\/wp\/v2\/product_brand?post=334670"},{"taxonomy":"product_cat","embeddable":true,"href":"https:\/\/www.moskito.cz\/de\/wp-json\/wp\/v2\/product_cat?post=334670"},{"taxonomy":"product_tag","embeddable":true,"href":"https:\/\/www.moskito.cz\/de\/wp-json\/wp\/v2\/product_tag?post=334670"}],"curies":[{"name":"wp","href":"https:\/\/api.w.org\/{rel}","templated":true}]}}