{"id":334820,"date":"2024-04-18T17:13:41","date_gmt":"2024-04-18T16:17:02","guid":{"rendered":"https:\/\/www.moskito.cz\/produkt\/schliessmesser-crkt-lck-3801k\/"},"modified":"2025-09-14T05:24:03","modified_gmt":"2025-09-14T04:24:03","slug":"schliessmesser-crkt-lck-3801k","status":"publish","type":"product","link":"https:\/\/www.moskito.cz\/de\/produkt\/schliessmesser-crkt-lck-3801k\/","title":{"rendered":"Schlie\u00dfmesser CRKT LCK 3801K"},"content":{"rendered":"<p>Schlie\u00dfmesser <strong>CRKT<\/strong> LCK 3801K.<\/p>\n<p>Das Klappmesser LCK+ von Matthew Lerch kehrt mit verbesserten Materialien und einem frischen, komplett schwarzen Look zur\u00fcck. Es beginnt mit einer mit Titannitrid beschichteten S35VN-Stahlklinge, die sich durch verbesserte Z\u00e4higkeit, au\u00dfergew\u00f6hnliche Verschlei\u00dffestigkeit und eine scharfe Schneide auszeichnet. Gehen Sie zum Griff und Sie werden marmorierte Kohlefaser finden, die f\u00fcr ein starkes und dennoch leichtes Gef\u00fchl sorgt, ganz zu schweigen von einem markanten Look, der das ohnehin schon schlanke und elegante Design betont.<br \/>\nPremium-Materialien: S35VN-Klingenstahl bietet hervorragende Schneidleistung<br \/>\nSanftes \u00d6ffnen: Der IKBS\u2122-Kugellagerstift entfaltet die Klinge sanft<br \/>\nSchnelles \u00d6ffnen: Flipper entfaltet die Klinge schnell<br \/>\nHigh Tech: Der Kohlefasergriff ist stabil und leicht<br \/>\nEinfach zu schlie\u00dfen: Der Einsteckverschluss l\u00e4sst sich einfach mit einer Hand schlie\u00dfen<br \/>\nNiedriges Profil: Der tiefe Trageclip sitzt tief in der Tasche<\/p>\n<p>Klinge aus S35VN-Stahl<br \/>\nKlingenkante glatt<br \/>\nOberfl\u00e4chenbehandlung der Klinge aus Titannitrid<br \/>\nKlingenl\u00e4nge: 8,51 cm<br \/>\nKlingenst\u00e4rke: 0,32 cm<br \/>\nGesamtl\u00e4nge: 9,05 cm<br \/>\nL\u00e4nge im geschlossenen Zustand: 4,15 Zoll (105,44 mm)<br \/>\nGewicht 2,50 Unzen. (70,87 g)<br \/>\nANDERE<br \/>\nGriffmaterial Kohlefaser<br \/>\nStylisches Klappmesser mit Liner Lock<\/p>\n<p><iframe title=\"LCK + Liner Lock | Matthew Lerch Design\" width=\"800\" height=\"450\" src=\"https:\/\/www.youtube.com\/embed\/XfOytQ7a7ws?feature=oembed\" frameborder=\"0\" allow=\"accelerometer; autoplay; clipboard-write; encrypted-media; gyroscope; picture-in-picture; web-share\" referrerpolicy=\"strict-origin-when-cross-origin\" allowfullscreen><\/iframe><\/p>\n<p>&nbsp;<\/p>\n","protected":false},"excerpt":{"rendered":"<p>DESIGNER<br \/>\nMatej Lerch<br \/>\nSussex, Wisconsin<br \/>\nWas passiert, wenn man Kunst und Mechanik kreuzt? Sie bekommen etwas, das wie Matthew Lerch aussieht. Nach seiner Ausbildung zum Juwelier\/Uhrmacher wandte er sich dann der Werkzeugherstellung und -fertigung zu. Mittlerweile h\u00e4lt er mehrere Patente f\u00fcr Innovationen wie Fire Safe\u00ae und hat mehrere renommierte Auszeichnungen erhalten, darunter den Buster Warenski Award. Matt betrachtet Messer als funktionale Kunst, wie sein mit dem Moxie\u2122 und dem Blade Show Award ausgezeichnetes Endorser\u2122-Design beweist.<\/p>\n<p>Kostenloser Transport.<\/p>\n","protected":false},"featured_media":334769,"comment_status":"open","ping_status":"closed","template":"","meta":[],"pwb-brand":[3457],"product_brand":[],"product_cat":[3285,3303],"product_tag":[3669],"class_list":{"0":"post-334820","1":"product","2":"type-product","3":"status-publish","4":"has-post-thumbnail","6":"pwb-brand-crkt-de","7":"product_cat-messer","8":"product_cat-schliesmesser","9":"product_tag-b2b-de","11":"first","12":"outofstock","13":"taxable","14":"shipping-taxable","15":"purchasable","16":"product-type-simple"},"brands":[{"id":3457,"name":"CRKT","slug":"crkt-de"}],"_links":{"self":[{"href":"https:\/\/www.moskito.cz\/de\/wp-json\/wp\/v2\/product\/334820","targetHints":{"allow":["GET"]}}],"collection":[{"href":"https:\/\/www.moskito.cz\/de\/wp-json\/wp\/v2\/product"}],"about":[{"href":"https:\/\/www.moskito.cz\/de\/wp-json\/wp\/v2\/types\/product"}],"replies":[{"embeddable":true,"href":"https:\/\/www.moskito.cz\/de\/wp-json\/wp\/v2\/comments?post=334820"}],"wp:featuredmedia":[{"embeddable":true,"href":"https:\/\/www.moskito.cz\/de\/wp-json\/wp\/v2\/media\/334769"}],"wp:attachment":[{"href":"https:\/\/www.moskito.cz\/de\/wp-json\/wp\/v2\/media?parent=334820"}],"wp:term":[{"taxonomy":"pwb-brand","embeddable":true,"href":"https:\/\/www.moskito.cz\/de\/wp-json\/wp\/v2\/pwb-brand?post=334820"},{"taxonomy":"product_brand","embeddable":true,"href":"https:\/\/www.moskito.cz\/de\/wp-json\/wp\/v2\/product_brand?post=334820"},{"taxonomy":"product_cat","embeddable":true,"href":"https:\/\/www.moskito.cz\/de\/wp-json\/wp\/v2\/product_cat?post=334820"},{"taxonomy":"product_tag","embeddable":true,"href":"https:\/\/www.moskito.cz\/de\/wp-json\/wp\/v2\/product_tag?post=334820"}],"curies":[{"name":"wp","href":"https:\/\/api.w.org\/{rel}","templated":true}]}}