{"id":334990,"date":"2024-04-18T18:58:10","date_gmt":"2024-04-18T18:00:39","guid":{"rendered":"https:\/\/www.moskito.cz\/produkt\/multitool-crkt-schluesselbundmesser-9704\/"},"modified":"2025-05-07T11:12:11","modified_gmt":"2025-05-07T10:12:11","slug":"multitool-crkt-schluesselbundmesser-9704","status":"publish","type":"product","link":"https:\/\/www.moskito.cz\/de\/produkt\/multitool-crkt-schluesselbundmesser-9704\/","title":{"rendered":"Multitool CRKT Schl\u00fcsselbundmesser 9704"},"content":{"rendered":"<p>Multitool <strong>CRKT<\/strong> Schl\u00fcsselbundmesser 9704.<\/p>\n<p>Wenn jemand eine v\u00f6llig einzigartige Sicht auf das Thema Vorbereitung hat, dann ist es der Designer Tom Stokes. Als Maschinenbauingenieur ist er gut ger\u00fcstet, um die Werkzeuge zu \u00fcberdenken und sich vorzustellen, die f\u00fcr die \u00dcberlebensgruppe von entscheidender Bedeutung sein werden. Das Knife Maintenance Tool \u2013 ausgestattet mit zwei Sch\u00e4rfern und zwei TORX-Gr\u00f6\u00dfen \u2013 ist ein solches Werkzeug.<br \/>\nTorx &#8211; T6 und T8<br \/>\nField Sharpener: Ein Wolframcarbid-Sch\u00e4rfer mit einer Keramik-Schleifkante<br \/>\nPraktisch: Flaschen\u00f6ffner f\u00fcr Ihr Lieblingsgetr\u00e4nk<br \/>\nFlacher Schraubendreher<br \/>\nTragbares Werkzeug: Nehmen Sie diesen Schl\u00fcsselbund mit<\/p>\n<p>Gesamtl\u00e4nge: 6,86 cm<br \/>\nGewicht 2,20 Unzen. (62,37 g)<br \/>\nGriffmaterial Nylon verst\u00e4rkt mit Glas<br \/>\nEin stilvolles Accessoire<\/p>\n","protected":false},"excerpt":{"rendered":"<p>DESIGNER<br \/>\nTom Stokes<br \/>\nWilliamsburg, Virginia<br \/>\nImmer wenn Tom jemanden sagen h\u00f6rt: \u201eEs braucht keinen Raketenwissenschaftler, um ein Messer herzustellen\u201c, korrigiert er ihn schnell. Schlie\u00dflich ist er seit \u00fcber 25 Jahren in der Luft- und Raumfahrtindustrie t\u00e4tig und bringt mithilfe von CAD-Software und Rapid-Prototyping-Technologie eine einzigartige Perspektive in unsere Werkzeuge ein. Das Ergebnis sind multifunktionale Werkzeuge, die eine seltene Kombination aus Kunstform und Funktion darstellen, wie das CRKT\u00ae-Tool, Iota\u2122, Paracord-\u00dcberlebensarmb\u00e4nder und n\u00fctzliches Zubeh\u00f6r f\u00fcr \u00dcberlebensarmb\u00e4nder.<\/p>\n","protected":false},"featured_media":334942,"comment_status":"open","ping_status":"closed","template":"","meta":[],"pwb-brand":[3457],"product_brand":[],"product_cat":[3340],"product_tag":[3669],"class_list":{"0":"post-334990","1":"product","2":"type-product","3":"status-publish","4":"has-post-thumbnail","6":"pwb-brand-crkt-de","7":"product_cat-multi-tool-de","8":"product_tag-b2b-de","10":"first","11":"instock","12":"taxable","13":"shipping-taxable","14":"purchasable","15":"product-type-simple"},"brands":[{"id":3457,"name":"CRKT","slug":"crkt-de"}],"_links":{"self":[{"href":"https:\/\/www.moskito.cz\/de\/wp-json\/wp\/v2\/product\/334990","targetHints":{"allow":["GET"]}}],"collection":[{"href":"https:\/\/www.moskito.cz\/de\/wp-json\/wp\/v2\/product"}],"about":[{"href":"https:\/\/www.moskito.cz\/de\/wp-json\/wp\/v2\/types\/product"}],"replies":[{"embeddable":true,"href":"https:\/\/www.moskito.cz\/de\/wp-json\/wp\/v2\/comments?post=334990"}],"wp:featuredmedia":[{"embeddable":true,"href":"https:\/\/www.moskito.cz\/de\/wp-json\/wp\/v2\/media\/334942"}],"wp:attachment":[{"href":"https:\/\/www.moskito.cz\/de\/wp-json\/wp\/v2\/media?parent=334990"}],"wp:term":[{"taxonomy":"pwb-brand","embeddable":true,"href":"https:\/\/www.moskito.cz\/de\/wp-json\/wp\/v2\/pwb-brand?post=334990"},{"taxonomy":"product_brand","embeddable":true,"href":"https:\/\/www.moskito.cz\/de\/wp-json\/wp\/v2\/product_brand?post=334990"},{"taxonomy":"product_cat","embeddable":true,"href":"https:\/\/www.moskito.cz\/de\/wp-json\/wp\/v2\/product_cat?post=334990"},{"taxonomy":"product_tag","embeddable":true,"href":"https:\/\/www.moskito.cz\/de\/wp-json\/wp\/v2\/product_tag?post=334990"}],"curies":[{"name":"wp","href":"https:\/\/api.w.org\/{rel}","templated":true}]}}