{"id":335058,"date":"2024-04-18T19:17:53","date_gmt":"2024-04-18T18:22:39","guid":{"rendered":"https:\/\/www.moskito.cz\/produkt\/verschlussmesser-crkt-walker-limited-edition-4014\/"},"modified":"2025-05-07T11:12:13","modified_gmt":"2025-05-07T10:12:13","slug":"verschlussmesser-crkt-walker-limited-edition-4014","status":"publish","type":"product","link":"https:\/\/www.moskito.cz\/de\/produkt\/verschlussmesser-crkt-walker-limited-edition-4014\/","title":{"rendered":"Verschlussmesser CRKT Walker Limited Edition 4014"},"content":{"rendered":"<p>Verschlussmesser <strong>CRKT<\/strong> Walker Limited Edition 4014.<\/p>\n<p>Das Gl\u00fcck beg\u00fcnstigt die Mutigen.<\/p>\n<p>Vom renommierten Messermacher Michael Walker kommt Fortuitous\u2122, ein Paar Puzzles in limitierter Auflage, hergestellt in Italien in Zusammenarbeit mit Lionsteel\u00ae. Dieses Modell verf\u00fcgt \u00fcber eine MagnaCut-Stahlklinge f\u00fcr au\u00dfergew\u00f6hnliche Schnitthaltigkeit und einen Titangriff f\u00fcr leichte Festigkeit. Mit einer F\u00fclle k\u00fcnstlerischer Details versehen, die an Michaels eigene Designs erinnern. So sch\u00f6n wie selten.<br \/>\nErstklassige Leistung: MagnaCut bietet kompromisslose Leistung in Bezug auf Z\u00e4higkeit, Verschlei\u00dffestigkeit und Korrosionsbest\u00e4ndigkeit<br \/>\nSanftes \u00d6ffnen: Der IKBS\u2122-Kugellagerstift entfaltet die Klinge sanft<br \/>\nSchnelles \u00d6ffnen: Flipper entfaltet die Klinge schnell<br \/>\nStark und leicht: Der Titangriff vereint St\u00e4rke mit minimalem Gewicht<br \/>\nNiedriges Profil: Der tiefe Trageclip passt tief in Ihre Tasche.<\/p>\n<p>MagnaCut-Stahlklinge<br \/>\nKlingenkante glatt<br \/>\nStonewash-Klingenfinish<br \/>\nKlingenl\u00e4nge: 8,91 cm<br \/>\nKlingenst\u00e4rke: 0,34 cm<br \/>\nGesamtl\u00e4nge: 20,71 cm<br \/>\nL\u00e4nge geschlossen: 11,89 cm<br \/>\nGewicht 3,70 Unzen. (104,89 g)<\/p>\n<p><iframe title=\"CRKT Fortuitous | Michael Walker Design\" width=\"800\" height=\"450\" src=\"https:\/\/www.youtube.com\/embed\/t2nwvKVT7GU?feature=oembed\" frameborder=\"0\" allow=\"accelerometer; autoplay; clipboard-write; encrypted-media; gyroscope; picture-in-picture; web-share\" referrerpolicy=\"strict-origin-when-cross-origin\" allowfullscreen><\/iframe><\/p>\n<p>&nbsp;<\/p>\n","protected":false},"excerpt":{"rendered":"<p>DESIGNER<br \/>\nMichael Walker<br \/>\nTaos, New Mexico<br \/>\nMichael Walker wurde 2004 in die Hall of Fame des Blade Magazine aufgenommen und gilt als Erfinder von mehr als 20 Messermechanismen, darunter dem modernen Liner-Lock. Er ist eine treibende Kraft in der Welt der Ultra-High-End-Custom-Messer. Er begann als Juwelier und entdeckte sp\u00e4ter eine tiefe Leidenschaft f\u00fcr Klappmesser, da ihn die Kombination aus Technik, Industriedesign und k\u00fcnstlerischem Ausdruck anzog. Seine markanten Formen und aufw\u00e4ndigen Designs sind sofort erkennbar und auch nach Jahrzehnten in der Branche bleibt es einer der bekanntesten Namen im Besteckbereich.<\/p>\n","protected":false},"featured_media":334999,"comment_status":"open","ping_status":"closed","template":"","meta":[],"pwb-brand":[3457],"product_brand":[],"product_cat":[3285,3303],"product_tag":[3669],"class_list":{"0":"post-335058","1":"product","2":"type-product","3":"status-publish","4":"has-post-thumbnail","6":"pwb-brand-crkt-de","7":"product_cat-messer","8":"product_cat-schliesmesser","9":"product_tag-b2b-de","11":"first","12":"instock","13":"taxable","14":"shipping-taxable","15":"purchasable","16":"product-type-simple"},"brands":[{"id":3457,"name":"CRKT","slug":"crkt-de"}],"_links":{"self":[{"href":"https:\/\/www.moskito.cz\/de\/wp-json\/wp\/v2\/product\/335058","targetHints":{"allow":["GET"]}}],"collection":[{"href":"https:\/\/www.moskito.cz\/de\/wp-json\/wp\/v2\/product"}],"about":[{"href":"https:\/\/www.moskito.cz\/de\/wp-json\/wp\/v2\/types\/product"}],"replies":[{"embeddable":true,"href":"https:\/\/www.moskito.cz\/de\/wp-json\/wp\/v2\/comments?post=335058"}],"wp:featuredmedia":[{"embeddable":true,"href":"https:\/\/www.moskito.cz\/de\/wp-json\/wp\/v2\/media\/334999"}],"wp:attachment":[{"href":"https:\/\/www.moskito.cz\/de\/wp-json\/wp\/v2\/media?parent=335058"}],"wp:term":[{"taxonomy":"pwb-brand","embeddable":true,"href":"https:\/\/www.moskito.cz\/de\/wp-json\/wp\/v2\/pwb-brand?post=335058"},{"taxonomy":"product_brand","embeddable":true,"href":"https:\/\/www.moskito.cz\/de\/wp-json\/wp\/v2\/product_brand?post=335058"},{"taxonomy":"product_cat","embeddable":true,"href":"https:\/\/www.moskito.cz\/de\/wp-json\/wp\/v2\/product_cat?post=335058"},{"taxonomy":"product_tag","embeddable":true,"href":"https:\/\/www.moskito.cz\/de\/wp-json\/wp\/v2\/product_tag?post=335058"}],"curies":[{"name":"wp","href":"https:\/\/api.w.org\/{rel}","templated":true}]}}