{"id":335124,"date":"2024-04-18T19:38:46","date_gmt":"2024-04-18T18:41:24","guid":{"rendered":"https:\/\/www.moskito.cz\/produkt\/crkt-walker-limited-edition-pursue-4011-damaskus-klappmesser\/"},"modified":"2025-05-07T11:12:14","modified_gmt":"2025-05-07T10:12:14","slug":"crkt-walker-limited-edition-pursue-4011-damaskus-klappmesser","status":"publish","type":"product","link":"https:\/\/www.moskito.cz\/de\/produkt\/crkt-walker-limited-edition-pursue-4011-damaskus-klappmesser\/","title":{"rendered":"CRKT Walker Limited Edition Pursue 4011 Damaskus-Klappmesser"},"content":{"rendered":"<p><strong>CRKT<\/strong> Walker Limited Edition Pursue 4011 Damaskus-Klappmesser.<\/p>\n<p>Das Pursue ist eines von zwei CRKT\u00ae-Messern in limitierter Auflage, die vom vision\u00e4ren Messermacher Michael Walker entworfen wurden. Inspiriert von einem von Michaels urspr\u00fcnglichen Rei\u00dfverschlussklingen-Br\u00e4uchen verf\u00fcgt er \u00fcber eine einzigartige Griffform mit einem \u00fcbergro\u00dfen Stift, der sich zu einem d\u00fcnnen Ende hin verj\u00fcngt, um bequem in der Hand zu liegen.<\/p>\n<p>Das Pursue ist in zwei Farbvarianten erh\u00e4ltlich. Dieses Modell verf\u00fcgt \u00fcber eine Super Dense Twist\u2122 Damasteel\u00ae-Klinge und einen blauen Fat Carbon Dark Matter-Griff. Beide haben eine Perlmuttnadel. Dank der IKBS\u2122-Lager und der Einsteckverriegelung, einer von Michaels vielen transformativen Erfindungen, die von Messermachern auf der ganzen Welt \u00fcbernommen wurden, l\u00e4sst sich das leichte Klappmesser leicht mit einer Hand \u00f6ffnen und schlie\u00dfen.<\/p>\n<p>Klingenstahl Damast<br \/>\nKlingenkante glatt<br \/>\nOberfl\u00e4chenbehandlung der Klinge mit S\u00e4ure\u00e4tzung<br \/>\nKlingenl\u00e4nge: 7,99 cm<br \/>\nKlingenst\u00e4rke: 035 cm<br \/>\nGesamtl\u00e4nge: 19,52 cm<br \/>\nL\u00e4nge geschlossen: 11,55 cm<br \/>\nGewicht 3,80 Unzen. (107,73 g)<\/p>\n<p><iframe title=\"CRKT Pursue 4011 | Michael Walker Design\" width=\"800\" height=\"450\" src=\"https:\/\/www.youtube.com\/embed\/XhZwG9us1KM?feature=oembed\" frameborder=\"0\" allow=\"accelerometer; autoplay; clipboard-write; encrypted-media; gyroscope; picture-in-picture; web-share\" referrerpolicy=\"strict-origin-when-cross-origin\" allowfullscreen><\/iframe><\/p>\n<p>&nbsp;<\/p>\n<p>&nbsp;<\/p>\n","protected":false},"excerpt":{"rendered":"<p>DESIGNER<br \/>\nMichael Walker<br \/>\nTaos, New Mexico<br \/>\nMichael Walker wurde 2004 in die Hall of Fame des Blade Magazine aufgenommen und gilt als Erfinder von mehr als 20 Messermechanismen, darunter dem modernen Liner-Lock. Er ist eine treibende Kraft in der Welt der Ultra-High-End-Custom-Messer. Er begann als Juwelier und entdeckte sp\u00e4ter eine tiefe Leidenschaft f\u00fcr Klappmesser, da ihn die Kombination aus Technik, Industriedesign und k\u00fcnstlerischem Ausdruck anzog. Seine markanten Formen und aufw\u00e4ndigen Designs sind sofort erkennbar und auch nach Jahrzehnten in der Branche bleibt es einer der bekanntesten Namen im Besteckbereich.<\/p>\n<p>Kostenloser Transport.<\/p>\n","protected":false},"featured_media":335063,"comment_status":"open","ping_status":"closed","template":"","meta":[],"pwb-brand":[3457],"product_brand":[],"product_cat":[3420,3285],"product_tag":[3669],"class_list":{"0":"post-335124","1":"product","2":"type-product","3":"status-publish","4":"has-post-thumbnail","6":"pwb-brand-crkt-de","7":"product_cat-damaszenermesser","8":"product_cat-messer","9":"product_tag-b2b-de","11":"first","12":"instock","13":"taxable","14":"shipping-taxable","15":"purchasable","16":"product-type-simple"},"brands":[{"id":3457,"name":"CRKT","slug":"crkt-de"}],"_links":{"self":[{"href":"https:\/\/www.moskito.cz\/de\/wp-json\/wp\/v2\/product\/335124","targetHints":{"allow":["GET"]}}],"collection":[{"href":"https:\/\/www.moskito.cz\/de\/wp-json\/wp\/v2\/product"}],"about":[{"href":"https:\/\/www.moskito.cz\/de\/wp-json\/wp\/v2\/types\/product"}],"replies":[{"embeddable":true,"href":"https:\/\/www.moskito.cz\/de\/wp-json\/wp\/v2\/comments?post=335124"}],"wp:featuredmedia":[{"embeddable":true,"href":"https:\/\/www.moskito.cz\/de\/wp-json\/wp\/v2\/media\/335063"}],"wp:attachment":[{"href":"https:\/\/www.moskito.cz\/de\/wp-json\/wp\/v2\/media?parent=335124"}],"wp:term":[{"taxonomy":"pwb-brand","embeddable":true,"href":"https:\/\/www.moskito.cz\/de\/wp-json\/wp\/v2\/pwb-brand?post=335124"},{"taxonomy":"product_brand","embeddable":true,"href":"https:\/\/www.moskito.cz\/de\/wp-json\/wp\/v2\/product_brand?post=335124"},{"taxonomy":"product_cat","embeddable":true,"href":"https:\/\/www.moskito.cz\/de\/wp-json\/wp\/v2\/product_cat?post=335124"},{"taxonomy":"product_tag","embeddable":true,"href":"https:\/\/www.moskito.cz\/de\/wp-json\/wp\/v2\/product_tag?post=335124"}],"curies":[{"name":"wp","href":"https:\/\/api.w.org\/{rel}","templated":true}]}}