{"id":335127,"date":"2022-11-30T22:07:36","date_gmt":"2024-04-19T07:10:53","guid":{"rendered":"https:\/\/www.moskito.cz\/?post_type=product&#038;p=335127"},"modified":"2025-05-07T11:12:14","modified_gmt":"2025-05-07T10:12:14","slug":"solides-messer-sog-instinct-mini-g10-satin","status":"publish","type":"product","link":"https:\/\/www.moskito.cz\/de\/produkt\/solides-messer-sog-instinct-mini-g10-satin\/","title":{"rendered":"Solides Messer SOG INSTINCT MINI G10 SATIN"},"content":{"rendered":"<p>Solides Messer <strong>SOG<\/strong> INSTINCT MINI G10 SATIN.<\/p>\n<p>Es gibt ein Gef\u00fchl und eine Intuition, die entstehen, wenn Sie sich in Situationen befinden, die Ihre volle Aufmerksamkeit erfordern. Das Instinct ist ein kompaktes, tragbares Messer mit feststehender Klinge, das genau f\u00fcr diese Zeiten entwickelt wurde. Er ist in zwei Gr\u00f6\u00dfen und zwei Griffarten erh\u00e4ltlich und eignet sich f\u00fcr viele Menschen. Instinct bietet mehrere Tragem\u00f6glichkeiten. Es kann mit einem Schl\u00fcsselband um den Hals getragen werden. Es kann mit einer in mehreren Winkeln verstellbaren Schnalle an einem G\u00fcrtel oder Schuh befestigt werden. Dank der vielen Befestigungspunkte kann es auch an einer Weste oder Tasche befestigt werden. Wenn Ihr erster Instinkt darin besteht, zur Klinge zu greifen, sollten Sie den SOG-Instinkt in Betracht ziehen.<\/p>\n<p>KLINGENL\u00c4NGE: 48 mm<br \/>\nGEH\u00c4USEMATERIAL: Hartgeformtes Nylon<br \/>\nGESAMTGR\u00d6SSE: 122 mm<br \/>\nGEWICHT: 45 g<br \/>\nSTAHL: 5Cr15MoV<br \/>\nKLINGENST\u00c4RKE: 4,1 mm<br \/>\nGRIFFMATERIAL: Edelstahl<br \/>\nFarbe silber<\/p>\n<p><iframe title=\"SOG Instinct Mini\" width=\"800\" height=\"450\" src=\"https:\/\/www.youtube.com\/embed\/NQHPqPBh-fA?feature=oembed\" frameborder=\"0\" allow=\"accelerometer; autoplay; clipboard-write; encrypted-media; gyroscope; picture-in-picture; web-share\" referrerpolicy=\"strict-origin-when-cross-origin\" allowfullscreen><\/iframe><\/p>\n<p>&nbsp;<\/p>\n","protected":false},"excerpt":{"rendered":"<p>Ein kompaktes Messer mit feststehender Klinge und einer stabilen Nylonscheide mit stufenlos verstellbarem Taschenclip f\u00fcr vielf\u00e4ltige Tragem\u00f6glichkeiten.<\/p>\n","protected":false},"featured_media":335131,"comment_status":"open","ping_status":"closed","template":"","meta":[],"pwb-brand":[3605],"product_brand":[],"product_cat":[3285,3287],"product_tag":[3669],"class_list":{"0":"post-335127","1":"product","2":"type-product","3":"status-publish","4":"has-post-thumbnail","6":"pwb-brand-wie-g","7":"product_cat-messer","8":"product_cat-solide-messer","9":"product_tag-b2b-de","11":"first","12":"outofstock","13":"taxable","14":"shipping-taxable","15":"purchasable","16":"product-type-simple"},"brands":[{"id":3605,"name":"WIE G","slug":"wie-g"}],"_links":{"self":[{"href":"https:\/\/www.moskito.cz\/de\/wp-json\/wp\/v2\/product\/335127","targetHints":{"allow":["GET"]}}],"collection":[{"href":"https:\/\/www.moskito.cz\/de\/wp-json\/wp\/v2\/product"}],"about":[{"href":"https:\/\/www.moskito.cz\/de\/wp-json\/wp\/v2\/types\/product"}],"replies":[{"embeddable":true,"href":"https:\/\/www.moskito.cz\/de\/wp-json\/wp\/v2\/comments?post=335127"}],"wp:featuredmedia":[{"embeddable":true,"href":"https:\/\/www.moskito.cz\/de\/wp-json\/wp\/v2\/media\/335131"}],"wp:attachment":[{"href":"https:\/\/www.moskito.cz\/de\/wp-json\/wp\/v2\/media?parent=335127"}],"wp:term":[{"taxonomy":"pwb-brand","embeddable":true,"href":"https:\/\/www.moskito.cz\/de\/wp-json\/wp\/v2\/pwb-brand?post=335127"},{"taxonomy":"product_brand","embeddable":true,"href":"https:\/\/www.moskito.cz\/de\/wp-json\/wp\/v2\/product_brand?post=335127"},{"taxonomy":"product_cat","embeddable":true,"href":"https:\/\/www.moskito.cz\/de\/wp-json\/wp\/v2\/product_cat?post=335127"},{"taxonomy":"product_tag","embeddable":true,"href":"https:\/\/www.moskito.cz\/de\/wp-json\/wp\/v2\/product_tag?post=335127"}],"curies":[{"name":"wp","href":"https:\/\/api.w.org\/{rel}","templated":true}]}}