{"id":335236,"date":"2021-09-28T08:36:18","date_gmt":"2024-04-19T07:18:27","guid":{"rendered":"https:\/\/www.moskito.cz\/produkt\/schliessmesser-sog-kilowatt\/"},"modified":"2025-05-07T11:12:15","modified_gmt":"2025-05-07T10:12:15","slug":"schliessmesser-sog-kilowatt","status":"publish","type":"product","link":"https:\/\/www.moskito.cz\/de\/produkt\/schliessmesser-sog-kilowatt\/","title":{"rendered":"Schlie\u00dfmesser SOG KILOWATT"},"content":{"rendered":"<p>Schlie\u00dfmesser <strong>SOG<\/strong> KILOWATT.<\/p>\n<p>Unsere Geschichte beginnt in Vietnam, wo Mitglieder der streng geheimen Spezialeinheit Amerikas \u2013 bekannt als MACV \u2013 <strong>SOG<\/strong> \u2013 auf verdeckten Missionen ein einzigartiges Geheimmesser in den Dschungel trugen. Einige Jahre sp\u00e4ter, 1986, inspirierte dieses Messer einen jungen Designer namens Spencer Frazer zur Gr\u00fcndung von <strong>SOG<\/strong> Specialty Knives. Seine Mission: das originale <strong>SOG-<\/strong> Bowiemesser zu reproduzieren und der Spezialeinheit, die es geschaffen hat, Tribut zu zollen. Was als einzelnes Gedenkmodell begann, entwickelte sich bald zu einer ganzen Reihe innovativer Werkzeuge \u2013 bew\u00e4hrt von US-Spezialeinheiten und sogar als Messer der Wahl der Navy SEALs ausgezeichnet. Heute werden SOG-Messer auch in den anspruchsvollsten Situationen selbstbewusst getragen. Aus Tradition geschmiedet, im Feld geh\u00e4rtet, f\u00fcr Sie gefeilt.<\/p>\n<p>Egal, ob Sie andere besch\u00fctzen oder eine epische Jagdexpedition leiten, eine der allt\u00e4glichen Herausforderungen des Lebens meistern oder die bisher extremsten Bedingungen meistern, machen Sie sich mit <strong>SOG<\/strong> auf den Weg.<\/p>\n<p>Laden Sie sich mit dem Kilowatt \u201eauf\u201c, dem Allzweckmesser der ersten Wahl, der f\u00fcr Elektriker, Hausbesitzer, Bauunternehmer und alle, die im Notfall Kabel abisolieren m\u00fcssen, entwickelt wurde. Drei separate Systeme adressieren Leiter von feinen mehradrigen Kabeln bis hin zu Kabeln. Auf der R\u00fcckseite befindet sich eine Abisolierstange f\u00fcr Drahtgr\u00f6\u00dfen 10\u201322, ein verstellbarer, federbelasteter UTP-\/Abisolierdraht und f\u00fcr alle F\u00e4lle unser patentiertes Abisolierloch, das die Hauptklinge nutzt. Schematische Griffe, Hochspannungs-Turmclip, Daumenpin-Isolator und Klinge mit Sockelgravur sind die Merkmale, die dieses Messer einzigartig machen. Ohne Kilowatt &#8230; kann man im Dunkeln tappen!<\/p>\n<p>GESAMTL\u00c4NGE: 19 cm<br \/>\nPRODUKTGEWICHT: 3,30 Unzen<br \/>\nKLINGENL\u00c4NGE: 8,5 cm<br \/>\nPRODUKTLINIE: Kilowatt<br \/>\nPRODUKTTYP: Klappmesser<br \/>\nVERRIEGELUNGSMECHANISMUS: Linerlock<br \/>\nG\u00dcRTELSCHNALLENTYP: Fest<br \/>\nAUSF\u00dcHRUNGEN: Satin<br \/>\nSTAHLTYP: AUS-8<br \/>\nKLINGENFORM: Clip-Point<br \/>\nH\u00c4RTE HRC: 57-58<br \/>\nGRIFFFARBE: Schwarz<\/p>\n<p>Laden Sie sich auf mit dem Kilowatt, dem ersten Arbeitsmesser, das f\u00fcr Elektriker, Hausbesitzer, Bauunternehmer und alle, die im Notfall Kabel abisolieren m\u00fcssen, entwickelt wurde. Drei separate Systeme k\u00fcmmern sich um Dr\u00e4hte von feinen Mehrlitzen bis hin zu Kabeln. Es gibt eine Abisolierstange f\u00fcr Drahtgr\u00f6\u00dfen von 10\u201322, einen verstellbaren, federbelasteten UTP-\/Abisolierer auf der R\u00fcckseite und f\u00fcr alle F\u00e4lle unseren zum Patent angemeldeten Lochabisolierer, der die Hauptklinge verwendet. Schematische Griffe, Hochspannungs-Turmclip, isolierender Daumenknopf und eine Klinge mit Gef\u00e4\u00dfgravur sind die Merkmale, die dieses Messer zu einem einzigartigen Liner-Lock-Messer machen. Ohne das Kilowatt&#8230; tappen Sie vielleicht im Dunkeln!<\/p>\n<p>GESAMTL\u00c4NGE<br \/>\n7,50&#8243;<br \/>\nGESCHLOSSENE L\u00c4NGE<br \/>\n4,1&#8243;<br \/>\nPRODUKTGEWICHT<br \/>\n3,30 Unzen<br \/>\nKLINGENL\u00c4NGE<br \/>\n3,4&#8243;<br \/>\nKLINGENDICKE<br \/>\n0,12&#8243;<br \/>\nUPC<br \/>\n7-29857-99430-9<br \/>\nVORBESTELLUNGSDATUM<br \/>\nAN<br \/>\nIST VORBESTELLUNG<br \/>\nAN<br \/>\nPRODUKTFAMILIE<br \/>\nKilowatt<br \/>\nPRODUKTART<br \/>\nKlappmesser<br \/>\nHERKUNFTSLAND<br \/>\nTaiwan<br \/>\nVERSCHLUSSMECHANISMUS<br \/>\nLinelock<br \/>\nG\u00dcRTELCLIP-TYP<br \/>\nFest<br \/>\nVERPACKUNG<br \/>\nUnibox \u2013 Anzeigebereit<br \/>\nGRAVIERBAR<br \/>\nJa<br \/>\nBEENDEN<br \/>\nSatin<br \/>\nKANTENTYP<br \/>\nGerade<br \/>\nKLINGENSTAHLTYP<br \/>\nAUS-8<br \/>\nKLINGENFORM<br \/>\nClip-Punkt<br \/>\nH\u00c4RTE<br \/>\nRc. 57-58<br \/>\nGRIFFMATERIAL<br \/>\nGlasfaserverst\u00e4rktes Nylon<br \/>\nGRIFFFARBE<br \/>\nSchwarz<\/p>\n","protected":false},"excerpt":{"rendered":"<p>Egal, ob Sie andere besch\u00fctzen oder eine epische Jagdexpedition leiten, eine der allt\u00e4glichen Herausforderungen des Lebens meistern oder die bisher extremsten Bedingungen meistern, machen Sie sich mit <strong>SOG<\/strong> auf den Weg.<\/p>\n<p><strong>Wir geben auf alle SOG-Messer eine lebenslange Garantie!<\/strong><\/p>\n","protected":false},"featured_media":335237,"comment_status":"open","ping_status":"closed","template":"","meta":[],"pwb-brand":[3605],"product_brand":[],"product_cat":[3285,3303],"product_tag":[3669],"class_list":{"0":"post-335236","1":"product","2":"type-product","3":"status-publish","4":"has-post-thumbnail","6":"pwb-brand-wie-g","7":"product_cat-messer","8":"product_cat-schliesmesser","9":"product_tag-b2b-de","11":"first","12":"outofstock","13":"taxable","14":"shipping-taxable","15":"purchasable","16":"product-type-simple"},"brands":[{"id":3605,"name":"WIE G","slug":"wie-g"}],"_links":{"self":[{"href":"https:\/\/www.moskito.cz\/de\/wp-json\/wp\/v2\/product\/335236","targetHints":{"allow":["GET"]}}],"collection":[{"href":"https:\/\/www.moskito.cz\/de\/wp-json\/wp\/v2\/product"}],"about":[{"href":"https:\/\/www.moskito.cz\/de\/wp-json\/wp\/v2\/types\/product"}],"replies":[{"embeddable":true,"href":"https:\/\/www.moskito.cz\/de\/wp-json\/wp\/v2\/comments?post=335236"}],"wp:featuredmedia":[{"embeddable":true,"href":"https:\/\/www.moskito.cz\/de\/wp-json\/wp\/v2\/media\/335237"}],"wp:attachment":[{"href":"https:\/\/www.moskito.cz\/de\/wp-json\/wp\/v2\/media?parent=335236"}],"wp:term":[{"taxonomy":"pwb-brand","embeddable":true,"href":"https:\/\/www.moskito.cz\/de\/wp-json\/wp\/v2\/pwb-brand?post=335236"},{"taxonomy":"product_brand","embeddable":true,"href":"https:\/\/www.moskito.cz\/de\/wp-json\/wp\/v2\/product_brand?post=335236"},{"taxonomy":"product_cat","embeddable":true,"href":"https:\/\/www.moskito.cz\/de\/wp-json\/wp\/v2\/product_cat?post=335236"},{"taxonomy":"product_tag","embeddable":true,"href":"https:\/\/www.moskito.cz\/de\/wp-json\/wp\/v2\/product_tag?post=335236"}],"curies":[{"name":"wp","href":"https:\/\/api.w.org\/{rel}","templated":true}]}}