{"id":335254,"date":"2022-11-03T22:21:44","date_gmt":"2022-11-03T21:21:44","guid":{"rendered":"https:\/\/www.moskito.cz\/produkt\/massives-messer-cold-steel-mini-japanische-verstaerkte-spitze\/"},"modified":"2025-05-07T11:12:16","modified_gmt":"2025-05-07T10:12:16","slug":"massives-messer-cold-steel-mini-japanische-verstaerkte-spitze","status":"publish","type":"product","link":"https:\/\/www.moskito.cz\/de\/produkt\/massives-messer-cold-steel-mini-japanische-verstaerkte-spitze\/","title":{"rendered":"Massives Messer Cold Steel MINI JAPANISCHE VERST\u00c4RKTE SPITZE"},"content":{"rendered":"<p>Massives Messer <strong>Cold Steel<\/strong> MINI JAPANISCHE VERST\u00c4RKTE SPITZE.<\/p>\n<p>Das Kyoto ist ein kleines Messer mit einer soliden Klinge und einer glatten Schneide. Beide Klingenformen der Kyoto-Messer sind der Form japanischer Schwerter nachempfunden. Die robust gebauten Klingen sind im Full-Tang-Design ausgef\u00fchrt, d. h. sie reichen \u00fcber die gesamte Griffl\u00e4nge. Zwischen der Kray-Ex\u2122-Klinge und dem Griff befindet sich ein Handschutz aus Edelstahl. Dieser Schild \u00e4hnelt dem traditionellen Cuba eines japanischen Schwertes. Zusammen mit dem geformten Griff verleiht es dem Messer ein einzigartiges Aussehen. Die Messerklinge besteht aus rostfreiem 8Cr13MoV-Stahl, der nach der W\u00e4rmebehandlung eine H\u00e4rte von 57-58 Rockwell aufweist. Das dezente und komfortable Etui eignet sich mit Hilfe einer Sicherheitskette zum verdeckten Tragen des Messers um den Hals h\u00e4ngend. Es l\u00e4sst sich sehr gut unter der Kleidung verstecken und verursacht bei l\u00e4ngerem Tragen keine Beschwerden. Die Scheide kann mit einem Cold Steel\u00ae C-Clip (SACLB) ausgestattet werden, sodass das Messer auch am G\u00fcrtel getragen werden kann.<\/p>\n<p>PRODUKTPARAMETER<br \/>\nStahl: 8Cr13MoV Edelstahl<br \/>\nGewicht: 93 g<br \/>\nMantelmaterial: Secure-Ex\u00ae Mantel<br \/>\nFarbe: Schwarz\/Silber<br \/>\nGriffmaterial: Long Kray-Ex\u2122<br \/>\nKlingenst\u00e4rke: 3 mm<br \/>\nGesamtgr\u00f6\u00dfe: 171 mm<br \/>\nGriffl\u00e4nge: 91 mm<br \/>\nKlingenl\u00e4nge: 80 mm<\/p>\n","protected":false},"excerpt":{"rendered":"<p><strong>Das Kyoto ist ein kleines Messer mit einer soliden Klinge und einer glatten Schneide.<\/strong><\/p>\n","protected":false},"featured_media":335255,"comment_status":"open","ping_status":"closed","template":"","meta":[],"pwb-brand":[3602],"product_brand":[],"product_cat":[3287,3285],"product_tag":[],"class_list":{"0":"post-335254","1":"product","2":"type-product","3":"status-publish","4":"has-post-thumbnail","6":"pwb-brand-kalter-stahl","7":"product_cat-solide-messer","8":"product_cat-messer","10":"first","11":"instock","12":"taxable","13":"shipping-taxable","14":"purchasable","15":"product-type-simple"},"brands":[{"id":3602,"name":"Kalter Stahl","slug":"kalter-stahl"}],"_links":{"self":[{"href":"https:\/\/www.moskito.cz\/de\/wp-json\/wp\/v2\/product\/335254","targetHints":{"allow":["GET"]}}],"collection":[{"href":"https:\/\/www.moskito.cz\/de\/wp-json\/wp\/v2\/product"}],"about":[{"href":"https:\/\/www.moskito.cz\/de\/wp-json\/wp\/v2\/types\/product"}],"replies":[{"embeddable":true,"href":"https:\/\/www.moskito.cz\/de\/wp-json\/wp\/v2\/comments?post=335254"}],"wp:featuredmedia":[{"embeddable":true,"href":"https:\/\/www.moskito.cz\/de\/wp-json\/wp\/v2\/media\/335255"}],"wp:attachment":[{"href":"https:\/\/www.moskito.cz\/de\/wp-json\/wp\/v2\/media?parent=335254"}],"wp:term":[{"taxonomy":"pwb-brand","embeddable":true,"href":"https:\/\/www.moskito.cz\/de\/wp-json\/wp\/v2\/pwb-brand?post=335254"},{"taxonomy":"product_brand","embeddable":true,"href":"https:\/\/www.moskito.cz\/de\/wp-json\/wp\/v2\/product_brand?post=335254"},{"taxonomy":"product_cat","embeddable":true,"href":"https:\/\/www.moskito.cz\/de\/wp-json\/wp\/v2\/product_cat?post=335254"},{"taxonomy":"product_tag","embeddable":true,"href":"https:\/\/www.moskito.cz\/de\/wp-json\/wp\/v2\/product_tag?post=335254"}],"curies":[{"name":"wp","href":"https:\/\/api.w.org\/{rel}","templated":true}]}}