{"id":335264,"date":"2021-07-23T14:29:47","date_gmt":"2021-07-23T13:29:47","guid":{"rendered":"https:\/\/www.moskito.cz\/produkt\/cold-steel-air-lite-drop-point-klappmesser\/"},"modified":"2025-05-07T11:12:17","modified_gmt":"2025-05-07T10:12:17","slug":"cold-steel-air-lite-drop-point-klappmesser","status":"publish","type":"product","link":"https:\/\/www.moskito.cz\/de\/produkt\/cold-steel-air-lite-drop-point-klappmesser\/","title":{"rendered":"Cold Steel AIR LITE DROP POINT Klappmesser"},"content":{"rendered":"<p><strong>Cold Steel<\/strong> AIR LITE DROP POINT Klappmesser.<\/p>\n<p>Wir wissen, dass sich viele unserer Kunden (jeden Tag) zunehmend Gedanken \u00fcber das Gewicht und das Volumen ihres EDC-Messers machen, da in ihren Taschen eine gro\u00dfe Konkurrenz herrscht. Aus diesem Grund haben wir uns darauf konzentriert, eine ultrad\u00fcnne 8,8-mm-Feile zu entwickeln, die man \u00fcberall hin mitnehmen kann und gleichzeitig in der Tasche Platz f\u00fcr andere wichtige Dinge l\u00e4sst. Aber was wir bei unserem Bestreben, ein Super-EDC-Messer herzustellen, nicht getan haben, war, bei der Verarbeitung und den Materialien zu sparen. Aus diesem Grund zeichnet sich jede Tanto- und Drop-Point-Klinge in unserem Air Lite-Sortiment durch tadellose Handwerkskunst und erstklassige Materialien aus. Die Klingen bestehen aus teurem japanischem 10A-Edelstahl, der f\u00fcr seine Schnitthaltigkeit, St\u00e4rke und Z\u00e4higkeit bekannt ist, und die Griffe sind aus echtem G-10 lasergeschnitten. Selbst der Verriegelungsmechanismus ist unschlagbar, denn wenn es um den Schutz Ihrer Finger geht, geht nichts \u00fcber unser ber\u00fchmtes Tri-Ad-Schloss. Erschwingliche Preise, erstaunliche Sch\u00e4rfe und \u00e4u\u00dferst bequem und benutzerfreundlich \u2013 die Air Lites sind im Alltag kaum zu \u00fcbertreffen!<\/p>\n<p>Die Klinge besteht aus Stahl: AUS 10A<br \/>\nKlingenh\u00e4rte: 55-57 HRC<br \/>\nKlingenst\u00e4rke: 2,95 mm<br \/>\nKlingenl\u00e4nge: 87,5 mm<br \/>\nGriffl\u00e4nge: 120 mm<br \/>\nGewicht: 90 g<\/p>\n<p><strong>Cold Steel<\/strong> ist ein Unternehmen, das sich mit der Herstellung der st\u00e4rksten und sch\u00e4rfsten Messer der Welt besch\u00e4ftigt. In den letzten drei Jahrzehnten stand Cold Steel an der Spitze zahlreicher Innovationen, die die Messerindustrie gepr\u00e4gt haben. Aufeinanderfolgende Erfolge, darunter die Einf\u00fchrung von karierten Kraton\u00ae-Griffen und Tanto-Spitzklingenstilen, haben sich von merkw\u00fcrdigen Merkmalen zu industriellen Markenzeichen f\u00fcr Qualit\u00e4t und Raffinesse entwickelt. Die neue Richtung wurde auch mit der Einf\u00fchrung einzigartiger neuer Stahlklingen wie San Mai III\u00ae und Tri-Ad\u2122 Lock &amp; Lock-Mechanismus f\u00fcr Klappmesser gebrochen. Zum Beispiel wurde das Tri-Ad\u2122-Schloss von keinem Mitbewerber von Cold Steel erreicht und es wurde nicht nachgewiesen, dass es alles \u00fcbertrifft, was sie bisher produziert haben. Selbstverst\u00e4ndlich blickt Cold Steel stets in die Zukunft und ist stets bestrebt, die st\u00e4rksten und sch\u00e4rfsten Messer der Welt herzustellen. Dieses gleicherma\u00dfen schwer fassbare und schwer zu erreichende Ziel ist seit vierzig Jahren dasselbe. Cold Steel Inc. ist ein Unternehmen, das sich auf die Herstellung der st\u00e4rksten und sch\u00e4rfsten Messer, Schwerter, Tomahawks, Macheten, Bestecke und Werkzeuge f\u00fcr den t\u00e4glichen Gebrauch konzentriert: EDC. Cold Steel wurde schnell vom Milit\u00e4r, den Spezialeinheiten der Strafverfolgungsbeh\u00f6rden, Notfallhelfern, Selbstverteidigungsexperten und Mitgliedern der Kampfsportgemeinschaft \u00fcbernommen und machte sich schnell einen Namen f\u00fcr Qualit\u00e4t, St\u00e4rke, Zuverl\u00e4ssigkeit und Zuverl\u00e4ssigkeit beim t\u00e4glichen Tragen (EDC). . Unser vielf\u00e4ltiges und abwechslungsreiches Sortiment wuchs schnell und umfasste nicht nur eine riesige Auswahl an Klappmessern (von kleineren \u201eEDC\u201c-Klingen bis zu unseren legend\u00e4ren riesigen \u201eMega-Foldern\u201c), sondern auch feststehende Klingen, Schwerter, S\u00e4bel, St\u00e4be und Hellebarden sowie Jagdzubeh\u00f6r, Speere, Gewehre, \u00c4xte, Macheten, Tomahawks und Werkzeuge! Im Laufe der Jahrzehnte hat Cold Steel bahnbrechende neue Materialien und Designs eingef\u00fchrt, die die Welt moderner Messer, Blankwaffen und Werkzeuge gepr\u00e4gt haben. Von der Einf\u00fchrung der karierten Kraton\u00ae-Griffe und der \u201eamerikanisierten\u201c Tanto-Klinge bis hin zur Einbeziehung innovativer neuer Klingenst\u00e4hle wie San Mai III\u00ae und bahnbrechender Verriegelungsmechanismen (wie unserem Tri-Ad \u2122 Lock). Wenn wir in die Zukunft blicken, bringt Cold Steel weiterhin neue Ma\u00dfst\u00e4be an Festigkeit, Sicherheit und Leistung auf den Markt und bietet bew\u00e4hrte Produkte, auf die Sie sich jederzeit und \u00fcberall verlassen k\u00f6nnen!<\/p>\n<p>&nbsp;<\/p>\n","protected":false},"excerpt":{"rendered":"<p><strong>Cold Steel<\/strong> Klappmesser mit Sicherheits- und Trageclip.<\/p>\n","protected":false},"featured_media":335265,"comment_status":"open","ping_status":"closed","template":"","meta":[],"pwb-brand":[3602],"product_brand":[],"product_cat":[3303,3285],"product_tag":[],"class_list":{"0":"post-335264","1":"product","2":"type-product","3":"status-publish","4":"has-post-thumbnail","6":"pwb-brand-kalter-stahl","7":"product_cat-schliesmesser","8":"product_cat-messer","10":"first","11":"instock","12":"taxable","13":"shipping-taxable","14":"purchasable","15":"product-type-simple"},"brands":[{"id":3602,"name":"Kalter Stahl","slug":"kalter-stahl"}],"_links":{"self":[{"href":"https:\/\/www.moskito.cz\/de\/wp-json\/wp\/v2\/product\/335264","targetHints":{"allow":["GET"]}}],"collection":[{"href":"https:\/\/www.moskito.cz\/de\/wp-json\/wp\/v2\/product"}],"about":[{"href":"https:\/\/www.moskito.cz\/de\/wp-json\/wp\/v2\/types\/product"}],"replies":[{"embeddable":true,"href":"https:\/\/www.moskito.cz\/de\/wp-json\/wp\/v2\/comments?post=335264"}],"wp:featuredmedia":[{"embeddable":true,"href":"https:\/\/www.moskito.cz\/de\/wp-json\/wp\/v2\/media\/335265"}],"wp:attachment":[{"href":"https:\/\/www.moskito.cz\/de\/wp-json\/wp\/v2\/media?parent=335264"}],"wp:term":[{"taxonomy":"pwb-brand","embeddable":true,"href":"https:\/\/www.moskito.cz\/de\/wp-json\/wp\/v2\/pwb-brand?post=335264"},{"taxonomy":"product_brand","embeddable":true,"href":"https:\/\/www.moskito.cz\/de\/wp-json\/wp\/v2\/product_brand?post=335264"},{"taxonomy":"product_cat","embeddable":true,"href":"https:\/\/www.moskito.cz\/de\/wp-json\/wp\/v2\/product_cat?post=335264"},{"taxonomy":"product_tag","embeddable":true,"href":"https:\/\/www.moskito.cz\/de\/wp-json\/wp\/v2\/product_tag?post=335264"}],"curies":[{"name":"wp","href":"https:\/\/api.w.org\/{rel}","templated":true}]}}