{"id":335277,"date":"2023-03-29T20:26:23","date_gmt":"2023-03-29T19:26:23","guid":{"rendered":"https:\/\/www.moskito.cz\/produkt\/cold-steel-zytel-handle-ti-lite-6-kris-blade-klappmesser\/"},"modified":"2025-05-07T11:12:18","modified_gmt":"2025-05-07T10:12:18","slug":"cold-steel-zytel-handle-ti-lite-6-kris-blade-klappmesser","status":"publish","type":"product","link":"https:\/\/www.moskito.cz\/de\/produkt\/cold-steel-zytel-handle-ti-lite-6-kris-blade-klappmesser\/","title":{"rendered":"Cold Steel ZYTEL HANDLE TI-LITE 6&#8243; KRIS BLADE Klappmesser"},"content":{"rendered":"<p><strong>Cold Steel<\/strong> ZYTEL HANDLE TI-LITE 6&#8243; KRIS BLADE Klappmesser<\/p>\n<p>Cold Steel\u00ae Ti-Lite\u00ae Klingen\/Schneider erinnern an die geschmeidige Geschwindigkeit und die rebellischen Linien einer klassischen Schie\u00dfklinge aus den 1950er Jahren. Flug. Der oft nachgeahmte, aber nie erreichte Ti-Lite\u00ae (entworfen vom verstorbenen gro\u00dfen Phil Boguszewski) ist ein Meisterwerk an Leistung und Stil. Ti-Lites\u00ae sind mit unseren Blattfederverschl\u00fcssen aus Edelstahl ausgestattet (in unseren Tests wurde nachgewiesen, dass sie \u00fcber 145 Pfund halten). Zum einfachen Tragen verf\u00fcgen Ti-Lites\u00ae \u00fcber einen kleinen, aber unauff\u00e4lligen Taschenclip aus Stahl und k\u00f6nnen mit Daumenkn\u00f6pfen oder durch Einrasten der Parierstange hinter dem Taschenrand beim Ziehen des Messers schnell ge\u00f6ffnet werden. Kris Ti-Lite\u00ae. Fans der Ti-Lite-Messerserie werden von der Ankunft unserer neuen Klingen im Kris-Stil begeistert sein. Erh\u00e4ltlich mit 4- oder 6-Zoll-Klingen mit glatter Kante und einer 6-Zoll-Version mit Wellenschliff. Die Griffe bestehen aus Griv-Ex\u2122 in einer flachen dunklen Erdfarbe.<\/p>\n<p>\u201eMein Lynn Thompson Ti-Lite mit Kris-f\u00f6rmiger Klinge war so ein Erfolg, dass wir beschlossen haben, es in 4-Zoll- und 6-Zoll-Versionen in unserem regul\u00e4ren Sortiment anzubieten. Erh\u00e4ltlich mit einem dunklen, erdfarbenen Flachgriff aus superstarkem Grivory und hochsatiniertem Glanz Wenn man die Klinge einrastet, ist sie ein echter Hingucker im Raum. Und als zus\u00e4tzlichen Bonus eignet sich die Klinge in Kris-Form hervorragend zum Schneiden und Stechen und wird wirklich gl\u00e4nzen.\u201c &#8211; Lynn Thompson<\/p>\n<p>Beschreibung:<br \/>\nKlingenmaterial: AUS-10A<br \/>\nGriffmaterial: Griv-Ex<br \/>\nSicherheit: Linerlock<br \/>\nKlingenl\u00e4nge: 15,2 cm<br \/>\nGesamtl\u00e4nge: 33 cm<br \/>\nL\u00e4nge des gefalteten Messers: 17,8 cm<br \/>\nKlingenst\u00e4rke: 4 mm<br \/>\nGewicht: 199 g<br \/>\nKlingentyp: Kriss<\/p>\n","protected":false},"excerpt":{"rendered":"<p><strong>Ti-Lite Kris basiert auf den typischsten Waffen S\u00fcdostasiens (Malaysia, Philippinen, Indonesien).<\/strong><\/p>\n","protected":false},"featured_media":335278,"comment_status":"open","ping_status":"closed","template":"","meta":[],"pwb-brand":[3602],"product_brand":[],"product_cat":[3303,3285],"product_tag":[],"class_list":{"0":"post-335277","1":"product","2":"type-product","3":"status-publish","4":"has-post-thumbnail","6":"pwb-brand-kalter-stahl","7":"product_cat-schliesmesser","8":"product_cat-messer","10":"first","11":"instock","12":"taxable","13":"shipping-taxable","14":"purchasable","15":"product-type-simple"},"brands":[{"id":3602,"name":"Kalter Stahl","slug":"kalter-stahl"}],"_links":{"self":[{"href":"https:\/\/www.moskito.cz\/de\/wp-json\/wp\/v2\/product\/335277","targetHints":{"allow":["GET"]}}],"collection":[{"href":"https:\/\/www.moskito.cz\/de\/wp-json\/wp\/v2\/product"}],"about":[{"href":"https:\/\/www.moskito.cz\/de\/wp-json\/wp\/v2\/types\/product"}],"replies":[{"embeddable":true,"href":"https:\/\/www.moskito.cz\/de\/wp-json\/wp\/v2\/comments?post=335277"}],"wp:featuredmedia":[{"embeddable":true,"href":"https:\/\/www.moskito.cz\/de\/wp-json\/wp\/v2\/media\/335278"}],"wp:attachment":[{"href":"https:\/\/www.moskito.cz\/de\/wp-json\/wp\/v2\/media?parent=335277"}],"wp:term":[{"taxonomy":"pwb-brand","embeddable":true,"href":"https:\/\/www.moskito.cz\/de\/wp-json\/wp\/v2\/pwb-brand?post=335277"},{"taxonomy":"product_brand","embeddable":true,"href":"https:\/\/www.moskito.cz\/de\/wp-json\/wp\/v2\/product_brand?post=335277"},{"taxonomy":"product_cat","embeddable":true,"href":"https:\/\/www.moskito.cz\/de\/wp-json\/wp\/v2\/product_cat?post=335277"},{"taxonomy":"product_tag","embeddable":true,"href":"https:\/\/www.moskito.cz\/de\/wp-json\/wp\/v2\/product_tag?post=335277"}],"curies":[{"name":"wp","href":"https:\/\/api.w.org\/{rel}","templated":true}]}}