{"id":335288,"date":"2022-10-31T22:01:07","date_gmt":"2022-10-31T21:01:07","guid":{"rendered":"https:\/\/www.moskito.cz\/produkt\/cold-steel-rajah-ii-klappmesser-aus10a\/"},"modified":"2024-04-19T08:37:46","modified_gmt":"2024-04-19T07:37:46","slug":"cold-steel-rajah-ii-klappmesser-aus10a","status":"publish","type":"product","link":"https:\/\/www.moskito.cz\/de\/produkt\/cold-steel-rajah-ii-klappmesser-aus10a\/","title":{"rendered":"Cold Steel RAJAH II Klappmesser (AUS10A)"},"content":{"rendered":"<p><strong>Cold Steel<\/strong> RAJAH II Klappmesser (AUS10A).<\/p>\n<p>Ein gutes Kukri ist ein ausgezeichnetes Mehrzweckwerkzeug, mit dem man selbst die h\u00e4rtesten Materialien schneiden, hacken, hobeln und scheren kann. Die vom ma\u00dfgefertigten Messermacher Andrew Demke entworfene Cold Steel Rajah-Serie hat sich sowohl als Fanfavorit als auch als sofortiger Klassiker erwiesen! Die einzigartige Klingenform ist in zwei Gr\u00f6\u00dfen erh\u00e4ltlich und verf\u00fcgt \u00fcber d\u00fcnne, flache, rechtwinklig geschliffene Kanten f\u00fcr einen nat\u00fcrlichen, tiefen Biss. , so dass die Schnitte auf diese Weise andere Messer gleicher Gr\u00f6\u00dfe und gleichen Gewichts \u00fcbertreffen. Der Rajah-Griff weist auch \u00e4hnliche \u00e4sthetische Linien und Designnuancen wie traditionelle Kukris auf, verf\u00fcgt jedoch zus\u00e4tzlich \u00fcber strategisch platzierte Kurven f\u00fcr optimalen Halt und Kontrolle. Wir haben die Rajah-Serie au\u00dferdem mit unserem weltber\u00fchmten Tri-Ad-Verriegelungsmechanismus ausgestattet, der sich erneut als erstaunlich stark und sto\u00dffest erwiesen hat.<\/p>\n<p>PRODUKTPARAMETER<br \/>\nKlingenst\u00e4rke: 4,8 mm<br \/>\nFarbe: Schwarz\/Silber<br \/>\nGriffmaterial: Long Griv-Ex\u2122<br \/>\nGewicht: 379,88 g<br \/>\nStahl: Japanischer AUS 10A-Edelstahl mit Stone Wash-Finish<br \/>\nGeh\u00e4usematerial: Edelstahltasche\/G\u00fcrtelclip<br \/>\nArt der Sperre: Tri-Ad Lock<br \/>\nGriffl\u00e4nge: 203 mm<br \/>\nGesamtgr\u00f6\u00dfe: 355 mm<br \/>\nKlingenl\u00e4nge: 152 mm<\/p>\n","protected":false},"excerpt":{"rendered":"<p><strong>Kukri<\/strong> ist ein ausgezeichnetes Mehrzweckwerkzeug.<\/p>\n","protected":false},"featured_media":335289,"comment_status":"open","ping_status":"closed","template":"","meta":[],"pwb-brand":[3602],"product_brand":[],"product_cat":[3303,3285],"product_tag":[],"class_list":{"0":"post-335288","1":"product","2":"type-product","3":"status-publish","4":"has-post-thumbnail","6":"pwb-brand-kalter-stahl","7":"product_cat-schliesmesser","8":"product_cat-messer","10":"first","11":"instock","12":"taxable","13":"shipping-taxable","14":"purchasable","15":"product-type-simple"},"brands":[{"id":3602,"name":"Kalter Stahl","slug":"kalter-stahl"}],"_links":{"self":[{"href":"https:\/\/www.moskito.cz\/de\/wp-json\/wp\/v2\/product\/335288","targetHints":{"allow":["GET"]}}],"collection":[{"href":"https:\/\/www.moskito.cz\/de\/wp-json\/wp\/v2\/product"}],"about":[{"href":"https:\/\/www.moskito.cz\/de\/wp-json\/wp\/v2\/types\/product"}],"replies":[{"embeddable":true,"href":"https:\/\/www.moskito.cz\/de\/wp-json\/wp\/v2\/comments?post=335288"}],"wp:featuredmedia":[{"embeddable":true,"href":"https:\/\/www.moskito.cz\/de\/wp-json\/wp\/v2\/media\/335289"}],"wp:attachment":[{"href":"https:\/\/www.moskito.cz\/de\/wp-json\/wp\/v2\/media?parent=335288"}],"wp:term":[{"taxonomy":"pwb-brand","embeddable":true,"href":"https:\/\/www.moskito.cz\/de\/wp-json\/wp\/v2\/pwb-brand?post=335288"},{"taxonomy":"product_brand","embeddable":true,"href":"https:\/\/www.moskito.cz\/de\/wp-json\/wp\/v2\/product_brand?post=335288"},{"taxonomy":"product_cat","embeddable":true,"href":"https:\/\/www.moskito.cz\/de\/wp-json\/wp\/v2\/product_cat?post=335288"},{"taxonomy":"product_tag","embeddable":true,"href":"https:\/\/www.moskito.cz\/de\/wp-json\/wp\/v2\/product_tag?post=335288"}],"curies":[{"name":"wp","href":"https:\/\/api.w.org\/{rel}","templated":true}]}}