{"id":335296,"date":"2022-04-21T20:50:53","date_gmt":"2022-04-21T19:50:53","guid":{"rendered":"https:\/\/www.moskito.cz\/produkt\/cold-steel-sr1-lite-klappmesser-tanto-point\/"},"modified":"2025-05-07T11:12:18","modified_gmt":"2025-05-07T10:12:18","slug":"cold-steel-sr1-lite-klappmesser-tanto-point","status":"publish","type":"product","link":"https:\/\/www.moskito.cz\/de\/produkt\/cold-steel-sr1-lite-klappmesser-tanto-point\/","title":{"rendered":"Cold Steel SR1 LITE Klappmesser \u2013 TANTO POINT"},"content":{"rendered":"<p><strong>Cold Steel<\/strong> SR1 LITE Klappmesser \u2013 TANTO POINT.<\/p>\n<p>Unser SR1 Lite ist zwar nicht wesentlich leichter, aber unbestreitbar schonender f\u00fcr den Geldbeutel! Gebaut, um seinem gro\u00dfen Bruder in jeder Hinsicht nachzuahmen, au\u00dfer dass der G-10-Griff durch einen Griv-Ex\u2122-Griff ersetzt wurde und der g\u00fcnstigere 8Cr13MoV-Klingenstahl verwendet wurde. Es ist immer noch gestochen scharf und bereit f\u00fcr Ihre h\u00e4rteste Aufgabe oder Ihr gr\u00f6\u00dftes Abenteuer.<\/p>\n<p>PRODUKTPARAMETER<br \/>\nGriffl\u00e4nge: 137 mm<br \/>\nFarbe: Schwarz\/Silber<br \/>\nKlingenl\u00e4nge: 101 mm<br \/>\nGewicht: 178 g<br \/>\nGriffmaterial: Long Griv-Ex\u2122<br \/>\nStahl: 8Cr13MoV<br \/>\nKlingenst\u00e4rke: 4,8 mm<br \/>\nGesamtgr\u00f6\u00dfe: 238 mm<\/p>\n<p>&nbsp;<\/p>\n","protected":false},"excerpt":{"rendered":"<p><strong>Das SR1 Lite ist eine g\u00fcnstigere Version des beliebten SR1 \u2013 ein Klappmesser mit glatter Klinge. SR1 ist ein robustes Arbeitsmesser, das f\u00fcr den Einsatz unter anspruchsvollsten Bedingungen entwickelt wurde.<\/strong><\/p>\n","protected":false},"featured_media":335297,"comment_status":"open","ping_status":"closed","template":"","meta":[],"pwb-brand":[3602],"product_brand":[],"product_cat":[3303,3285],"product_tag":[],"class_list":{"0":"post-335296","1":"product","2":"type-product","3":"status-publish","4":"has-post-thumbnail","6":"pwb-brand-kalter-stahl","7":"product_cat-schliesmesser","8":"product_cat-messer","10":"first","11":"instock","12":"taxable","13":"shipping-taxable","14":"purchasable","15":"product-type-simple"},"brands":[{"id":3602,"name":"Kalter Stahl","slug":"kalter-stahl"}],"_links":{"self":[{"href":"https:\/\/www.moskito.cz\/de\/wp-json\/wp\/v2\/product\/335296","targetHints":{"allow":["GET"]}}],"collection":[{"href":"https:\/\/www.moskito.cz\/de\/wp-json\/wp\/v2\/product"}],"about":[{"href":"https:\/\/www.moskito.cz\/de\/wp-json\/wp\/v2\/types\/product"}],"replies":[{"embeddable":true,"href":"https:\/\/www.moskito.cz\/de\/wp-json\/wp\/v2\/comments?post=335296"}],"wp:featuredmedia":[{"embeddable":true,"href":"https:\/\/www.moskito.cz\/de\/wp-json\/wp\/v2\/media\/335297"}],"wp:attachment":[{"href":"https:\/\/www.moskito.cz\/de\/wp-json\/wp\/v2\/media?parent=335296"}],"wp:term":[{"taxonomy":"pwb-brand","embeddable":true,"href":"https:\/\/www.moskito.cz\/de\/wp-json\/wp\/v2\/pwb-brand?post=335296"},{"taxonomy":"product_brand","embeddable":true,"href":"https:\/\/www.moskito.cz\/de\/wp-json\/wp\/v2\/product_brand?post=335296"},{"taxonomy":"product_cat","embeddable":true,"href":"https:\/\/www.moskito.cz\/de\/wp-json\/wp\/v2\/product_cat?post=335296"},{"taxonomy":"product_tag","embeddable":true,"href":"https:\/\/www.moskito.cz\/de\/wp-json\/wp\/v2\/product_tag?post=335296"}],"curies":[{"name":"wp","href":"https:\/\/api.w.org\/{rel}","templated":true}]}}