{"id":335307,"date":"2023-03-24T21:35:46","date_gmt":"2023-03-24T20:35:46","guid":{"rendered":"https:\/\/www.moskito.cz\/produkt\/solid-knife-cold-steel-mini-lederhals-clip-point\/"},"modified":"2024-04-19T08:46:22","modified_gmt":"2024-04-19T07:46:22","slug":"solid-knife-cold-steel-mini-lederhals-clip-point","status":"publish","type":"product","link":"https:\/\/www.moskito.cz\/de\/produkt\/solid-knife-cold-steel-mini-lederhals-clip-point\/","title":{"rendered":"Solid Knife Cold Steel MINI LEDERHALS-CLIP-POINT"},"content":{"rendered":"<p>Solid Knife <strong>Cold Steel<\/strong> MINI LEDERHALS-CLIP-POINT<\/p>\n<p>Hergestellt aus 8Cr13MoV-Stahl und in drei Klingenausf\u00fchrungen erh\u00e4ltlich. Jede Klinge verf\u00fcgt \u00fcber einen Edelstahlschutz mit breiter Parierstange zum Schutz Ihrer Finger. Der Griff besteht aus Kray-Ex\u2122-Material und ist so gestaltet, dass er unseren gr\u00f6\u00dferen Leatherneck-Modellen \u00e4hnelt. Diese Messer werden mit einer starken und robusten Secure-Ex\u2122-Scheide geliefert, die eine Perlenschnur oder einen Cold Steel\u00ae C-Clip aufnehmen kann. Das Beste daran ist, dass sie erschwinglich sind.<\/p>\n<p>Gesamtgr\u00f6\u00dfe: 17,2 cm<br \/>\nStahl: 8Cr13MoV-Stahl<br \/>\nFarbe: Schwarz\/Silber<br \/>\nGriffmaterial: Long Kray-Ex\u2122<br \/>\nGriffl\u00e4nge: 8,3 cm<br \/>\nKlingenst\u00e4rke: 0,3 cm<br \/>\nMantelmaterial: Secure-Ex\u00ae Mantel<br \/>\nKlingenl\u00e4nge: 8,9 cm<br \/>\nGewicht: 95 g<\/p>\n","protected":false},"excerpt":{"rendered":"<p><strong>Die Form des kleinen Leatherneck orientiert sich an seinem gro\u00dfen Vorbild. Dank seiner geringeren Gr\u00f6\u00dfe und seines geringeren Gewichts wird es zu einem Werkzeug f\u00fcr den t\u00e4glichen Gebrauch und wird nicht unn\u00f6tig negativ auffallen.<\/strong><\/p>\n","protected":false},"featured_media":335308,"comment_status":"open","ping_status":"closed","template":"","meta":[],"pwb-brand":[3602],"product_brand":[],"product_cat":[3287,3285],"product_tag":[],"class_list":{"0":"post-335307","1":"product","2":"type-product","3":"status-publish","4":"has-post-thumbnail","6":"pwb-brand-kalter-stahl","7":"product_cat-solide-messer","8":"product_cat-messer","10":"first","11":"instock","12":"taxable","13":"shipping-taxable","14":"purchasable","15":"product-type-simple"},"brands":[{"id":3602,"name":"Kalter Stahl","slug":"kalter-stahl"}],"_links":{"self":[{"href":"https:\/\/www.moskito.cz\/de\/wp-json\/wp\/v2\/product\/335307","targetHints":{"allow":["GET"]}}],"collection":[{"href":"https:\/\/www.moskito.cz\/de\/wp-json\/wp\/v2\/product"}],"about":[{"href":"https:\/\/www.moskito.cz\/de\/wp-json\/wp\/v2\/types\/product"}],"replies":[{"embeddable":true,"href":"https:\/\/www.moskito.cz\/de\/wp-json\/wp\/v2\/comments?post=335307"}],"wp:featuredmedia":[{"embeddable":true,"href":"https:\/\/www.moskito.cz\/de\/wp-json\/wp\/v2\/media\/335308"}],"wp:attachment":[{"href":"https:\/\/www.moskito.cz\/de\/wp-json\/wp\/v2\/media?parent=335307"}],"wp:term":[{"taxonomy":"pwb-brand","embeddable":true,"href":"https:\/\/www.moskito.cz\/de\/wp-json\/wp\/v2\/pwb-brand?post=335307"},{"taxonomy":"product_brand","embeddable":true,"href":"https:\/\/www.moskito.cz\/de\/wp-json\/wp\/v2\/product_brand?post=335307"},{"taxonomy":"product_cat","embeddable":true,"href":"https:\/\/www.moskito.cz\/de\/wp-json\/wp\/v2\/product_cat?post=335307"},{"taxonomy":"product_tag","embeddable":true,"href":"https:\/\/www.moskito.cz\/de\/wp-json\/wp\/v2\/product_tag?post=335307"}],"curies":[{"name":"wp","href":"https:\/\/api.w.org\/{rel}","templated":true}]}}