{"id":335330,"date":"2022-11-01T18:53:44","date_gmt":"2024-04-19T07:53:34","guid":{"rendered":"https:\/\/www.moskito.cz\/produkt\/cold-steel-ti-lite-kris-blade-klappmesser\/"},"modified":"2025-05-07T11:12:23","modified_gmt":"2025-05-07T10:12:23","slug":"cold-steel-ti-lite-kris-blade-klappmesser","status":"publish","type":"product","link":"https:\/\/www.moskito.cz\/de\/produkt\/cold-steel-ti-lite-kris-blade-klappmesser\/","title":{"rendered":"Cold Steel TI-LITE KRIS BLADE Klappmesser"},"content":{"rendered":"<p><strong>Cold Steel<\/strong> TI-LITE KRIS BLADE Klappmesser.<\/p>\n<p>Cold Steel\u00ae Ti-Lite\u00ae Klingen\/Schneider erinnern an die geschmeidige Geschwindigkeit und die rebellischen Linien einer klassischen Schie\u00dfklinge aus den 1950er Jahren. Flug. Der oft nachgeahmte, aber nie erreichte Ti-Lite\u00ae (entworfen vom verstorbenen gro\u00dfen Phil Boguszewski) ist ein Meisterwerk an Leistung und Stil. Ti-Lites\u00ae sind mit unseren Blattfederverschl\u00fcssen aus Edelstahl ausgestattet (in unseren Tests wurde nachgewiesen, dass sie \u00fcber 145 Pfund halten). Zum einfachen Tragen verf\u00fcgen Ti-Lites\u00ae \u00fcber einen kleinen, aber unauff\u00e4lligen Taschenclip aus Stahl und k\u00f6nnen mit Daumenkn\u00f6pfen oder durch Einrasten der Parierstange hinter dem Taschenrand beim Ziehen des Messers schnell ge\u00f6ffnet werden. Kris Ti-Lite\u00ae. Fans der Ti-Lite-Messerserie werden von der Ankunft unserer neuen Klingen im Kris-Stil begeistert sein. Erh\u00e4ltlich mit 4- oder 6-Zoll-Klingen mit glatter Kante und einer 6-Zoll-Version mit Wellenschliff.<\/p>\n<p>PRODUKTPARAMETER<br \/>\nGriffl\u00e4nge: 120 mm<br \/>\nGewicht: 105 g<br \/>\nKlingenst\u00e4rke: 3 mm<br \/>\nGeh\u00e4usematerial: Taschenclip aus Stahl<br \/>\nKlingenl\u00e4nge: 101 mm<br \/>\nSicherungstyp: Linerlock<br \/>\nGriffmaterial: Long Zy-Ex<br \/>\nGesamtgr\u00f6\u00dfe: 222 mm<br \/>\nStahl: Japanischer AUS 10A Edelstahl<br \/>\nFarbe braun<\/p>\n","protected":false},"excerpt":{"rendered":"<p>Ti-Lite Kris basiert auf den typischsten Waffen S\u00fcdostasiens (Malaysia, Philippinen, Indonesien).<\/p>\n","protected":false},"featured_media":335331,"comment_status":"open","ping_status":"closed","template":"","meta":[],"pwb-brand":[3602],"product_brand":[],"product_cat":[3285,3303],"product_tag":[],"class_list":{"0":"post-335330","1":"product","2":"type-product","3":"status-publish","4":"has-post-thumbnail","6":"pwb-brand-kalter-stahl","7":"product_cat-messer","8":"product_cat-schliesmesser","10":"first","11":"instock","12":"taxable","13":"shipping-taxable","14":"purchasable","15":"product-type-simple"},"brands":[{"id":3602,"name":"Kalter Stahl","slug":"kalter-stahl"}],"_links":{"self":[{"href":"https:\/\/www.moskito.cz\/de\/wp-json\/wp\/v2\/product\/335330","targetHints":{"allow":["GET"]}}],"collection":[{"href":"https:\/\/www.moskito.cz\/de\/wp-json\/wp\/v2\/product"}],"about":[{"href":"https:\/\/www.moskito.cz\/de\/wp-json\/wp\/v2\/types\/product"}],"replies":[{"embeddable":true,"href":"https:\/\/www.moskito.cz\/de\/wp-json\/wp\/v2\/comments?post=335330"}],"wp:featuredmedia":[{"embeddable":true,"href":"https:\/\/www.moskito.cz\/de\/wp-json\/wp\/v2\/media\/335331"}],"wp:attachment":[{"href":"https:\/\/www.moskito.cz\/de\/wp-json\/wp\/v2\/media?parent=335330"}],"wp:term":[{"taxonomy":"pwb-brand","embeddable":true,"href":"https:\/\/www.moskito.cz\/de\/wp-json\/wp\/v2\/pwb-brand?post=335330"},{"taxonomy":"product_brand","embeddable":true,"href":"https:\/\/www.moskito.cz\/de\/wp-json\/wp\/v2\/product_brand?post=335330"},{"taxonomy":"product_cat","embeddable":true,"href":"https:\/\/www.moskito.cz\/de\/wp-json\/wp\/v2\/product_cat?post=335330"},{"taxonomy":"product_tag","embeddable":true,"href":"https:\/\/www.moskito.cz\/de\/wp-json\/wp\/v2\/product_tag?post=335330"}],"curies":[{"name":"wp","href":"https:\/\/api.w.org\/{rel}","templated":true}]}}