{"id":335335,"date":"2022-11-01T21:45:31","date_gmt":"2024-04-19T07:53:57","guid":{"rendered":"https:\/\/www.moskito.cz\/produkt\/massives-messer-cold-steel-tokyo-spike\/"},"modified":"2025-05-07T11:12:23","modified_gmt":"2025-05-07T10:12:23","slug":"massives-messer-cold-steel-tokyo-spike","status":"publish","type":"product","link":"https:\/\/www.moskito.cz\/de\/produkt\/massives-messer-cold-steel-tokyo-spike\/","title":{"rendered":"Massives Messer Cold Steel TOKYO SPIKE"},"content":{"rendered":"<p>Massives Messer <strong>Cold Steel<\/strong> TOKYO SPIKE.<\/p>\n<p>Unsere Halsmesser der Spike-Serie sind d\u00fcnn, leicht und superstark. Ihre messerscharfen, nicht gesch\u00e4rften Klingen werden durch stark gezahnte, strukturierte Griffschalen erg\u00e4nzt, die einen bequemen und sicheren Halt bieten. Die ergonomischen Spike-Griffe verf\u00fcgen \u00fcber integrierte Parierstangen, die einen sicheren Halt f\u00fcr Zeigefinger und Daumen bieten, w\u00e4hrend das tief geformte und geformte Griv-Ex eine hervorragende positive Traktion bietet, selbst wenn Ihre H\u00e4nde kalt, nass und rutschig sind. Sie sind in vier charakteristischen Klingenformen erh\u00e4ltlich (Bowie, Drop Point, Tokyo und Tanto Point) und bieten die ganze St\u00e4rke einer einteiligen, soliden Stahlkonstruktion, w\u00e4hrend sie gleichzeitig leicht genug sind, um sie den ganzen Tag ohne Erm\u00fcdung zu tragen. Jeder Spike wird mit einer Secure-Ex-H\u00fclle geliefert, die hervorragenden Halt und Sicherheit bietet.<\/p>\n<p>PRODUKTPARAMETER<br \/>\nStahl: Deutscher Edelstahl 4116, kryoabgeschreckt<br \/>\nGewicht: 65,2 g<br \/>\nKlingenst\u00e4rke: 3 mm<br \/>\nGesamtgr\u00f6\u00dfe: 203 mm<br \/>\nGriffmaterial: Langes Griv-Ex\u2122 im G-10-Stil<br \/>\nKlingenl\u00e4nge: 101 mm<br \/>\nFarbe: Schwarz\/Silber<br \/>\nMantelmaterial: Secure-Ex\u00ae Mantel<br \/>\nGriffl\u00e4nge: 101 mm<\/p>\n","protected":false},"excerpt":{"rendered":"<p>Das Tokyo Spike von COLD STEEL ist ein kleines, solides Messer mit glatter Schneide.<\/p>\n","protected":false},"featured_media":335336,"comment_status":"open","ping_status":"closed","template":"","meta":[],"pwb-brand":[3602],"product_brand":[],"product_cat":[3285,3287],"product_tag":[3669],"class_list":{"0":"post-335335","1":"product","2":"type-product","3":"status-publish","4":"has-post-thumbnail","6":"pwb-brand-kalter-stahl","7":"product_cat-messer","8":"product_cat-solide-messer","9":"product_tag-b2b-de","11":"first","12":"instock","13":"taxable","14":"shipping-taxable","15":"purchasable","16":"product-type-simple"},"brands":[{"id":3602,"name":"Kalter Stahl","slug":"kalter-stahl"}],"_links":{"self":[{"href":"https:\/\/www.moskito.cz\/de\/wp-json\/wp\/v2\/product\/335335","targetHints":{"allow":["GET"]}}],"collection":[{"href":"https:\/\/www.moskito.cz\/de\/wp-json\/wp\/v2\/product"}],"about":[{"href":"https:\/\/www.moskito.cz\/de\/wp-json\/wp\/v2\/types\/product"}],"replies":[{"embeddable":true,"href":"https:\/\/www.moskito.cz\/de\/wp-json\/wp\/v2\/comments?post=335335"}],"wp:featuredmedia":[{"embeddable":true,"href":"https:\/\/www.moskito.cz\/de\/wp-json\/wp\/v2\/media\/335336"}],"wp:attachment":[{"href":"https:\/\/www.moskito.cz\/de\/wp-json\/wp\/v2\/media?parent=335335"}],"wp:term":[{"taxonomy":"pwb-brand","embeddable":true,"href":"https:\/\/www.moskito.cz\/de\/wp-json\/wp\/v2\/pwb-brand?post=335335"},{"taxonomy":"product_brand","embeddable":true,"href":"https:\/\/www.moskito.cz\/de\/wp-json\/wp\/v2\/product_brand?post=335335"},{"taxonomy":"product_cat","embeddable":true,"href":"https:\/\/www.moskito.cz\/de\/wp-json\/wp\/v2\/product_cat?post=335335"},{"taxonomy":"product_tag","embeddable":true,"href":"https:\/\/www.moskito.cz\/de\/wp-json\/wp\/v2\/product_tag?post=335335"}],"curies":[{"name":"wp","href":"https:\/\/api.w.org\/{rel}","templated":true}]}}