{"id":335337,"date":"2019-03-18T12:12:26","date_gmt":"2019-03-18T11:12:26","guid":{"rendered":"https:\/\/www.moskito.cz\/produkt\/massives-messer-cold-steel-super-edge-cs42ss\/"},"modified":"2025-07-11T07:48:20","modified_gmt":"2025-07-11T06:48:20","slug":"massives-messer-cold-steel-super-edge-cs42ss","status":"publish","type":"product","link":"https:\/\/www.moskito.cz\/de\/produkt\/massives-messer-cold-steel-super-edge-cs42ss\/","title":{"rendered":"Massives Messer Cold Steel Super Edge CS42SS"},"content":{"rendered":"<p>Massives Messer Cold Steel Super Edge CS42SS.<\/p>\n<p>Das Super Edge ist ein extrem kleines und leichtes Messer mit Wellenschliff. Es ist f\u00fcr den t\u00e4glichen Gebrauch gedacht und so, dass es Sie m\u00f6glichst wenig st\u00f6rt. Geeignet zum Schneiden verschiedener Materialien wie Seile, Dr\u00e4hte und Gummidichtungen. Dank der einseitig gesch\u00e4rften Klinge k\u00f6nnen Sie trotz ihrer Gr\u00f6\u00dfe beim Schneiden ausreichend Druck mit dem Daumen auf den Klingenr\u00fccken aus\u00fcben. Die Klinge des Messers besteht aus japanischem Stahl AUS 8A. Dies ist ein solides Messer und wird mit einer Scheide geliefert.<\/p>\n<div class=\"vc-commoditydetail_parameters\">\n<div class=\"detaillist-row\">\n<div class=\"detaillist-row-name\">Farbe: Schwarz\/Silber<\/div>\n<\/div>\n<div class=\"detaillist-row\">\n<div class=\"detaillist-row-name\">Gesamtgr\u00f6\u00dfe: 109 mm<\/div>\n<\/div>\n<div class=\"detaillist-row\">\n<div class=\"detaillist-row-name\">Klingenl\u00e4nge: 50 mm<\/div>\n<\/div>\n<div class=\"detaillist-row\">\n<div class=\"detaillist-row-name\">Stahl: Japanischer AUS 8A Edelstahl<\/div>\n<\/div>\n<div class=\"detaillist-row\">\n<div class=\"detaillist-row-name\">Griffmaterial: Long Kray-Ex\u2122<\/div>\n<\/div>\n<div class=\"detaillist-row\">\n<div class=\"detaillist-row-name\">Klingenst\u00e4rke: 2 mm<\/div>\n<\/div>\n<div class=\"detaillist-row\">\n<div class=\"detaillist-row-name\">Gewicht: 22,67 g<\/div>\n<\/div>\n<div class=\"detaillist-row\">\n<div class=\"detaillist-row-name\">Griffl\u00e4nge: 58 mm<\/div>\n<\/div>\n<div class=\"detaillist-row\">\n<div class=\"detaillist-row-name\">Mantelmaterial: Secure-Ex\u00ae Mantel<\/div>\n<div><\/div>\n<\/div>\n<\/div>\n","protected":false},"excerpt":{"rendered":"<p>Das Super Edge von COLD STEEL ist ein robustes Messer mit Wellenschliff und ein kleines Arbeitstier. Ein passendes Messer f\u00fcr EDC. Kann am Schl\u00fcsselring oder Jackenrei\u00dfverschluss befestigt werden.<\/p>\n","protected":false},"featured_media":163063,"comment_status":"open","ping_status":"closed","template":"","meta":[],"pwb-brand":[3602],"product_brand":[],"product_cat":[3287,3285],"product_tag":[],"class_list":{"0":"post-335337","1":"product","2":"type-product","3":"status-publish","4":"has-post-thumbnail","6":"pwb-brand-kalter-stahl","7":"product_cat-solide-messer","8":"product_cat-messer","10":"first","11":"outofstock","12":"taxable","13":"shipping-taxable","14":"purchasable","15":"product-type-simple"},"brands":[{"id":3602,"name":"Kalter Stahl","slug":"kalter-stahl"}],"_links":{"self":[{"href":"https:\/\/www.moskito.cz\/de\/wp-json\/wp\/v2\/product\/335337","targetHints":{"allow":["GET"]}}],"collection":[{"href":"https:\/\/www.moskito.cz\/de\/wp-json\/wp\/v2\/product"}],"about":[{"href":"https:\/\/www.moskito.cz\/de\/wp-json\/wp\/v2\/types\/product"}],"replies":[{"embeddable":true,"href":"https:\/\/www.moskito.cz\/de\/wp-json\/wp\/v2\/comments?post=335337"}],"wp:featuredmedia":[{"embeddable":true,"href":"https:\/\/www.moskito.cz\/de\/wp-json\/wp\/v2\/media\/163063"}],"wp:attachment":[{"href":"https:\/\/www.moskito.cz\/de\/wp-json\/wp\/v2\/media?parent=335337"}],"wp:term":[{"taxonomy":"pwb-brand","embeddable":true,"href":"https:\/\/www.moskito.cz\/de\/wp-json\/wp\/v2\/pwb-brand?post=335337"},{"taxonomy":"product_brand","embeddable":true,"href":"https:\/\/www.moskito.cz\/de\/wp-json\/wp\/v2\/product_brand?post=335337"},{"taxonomy":"product_cat","embeddable":true,"href":"https:\/\/www.moskito.cz\/de\/wp-json\/wp\/v2\/product_cat?post=335337"},{"taxonomy":"product_tag","embeddable":true,"href":"https:\/\/www.moskito.cz\/de\/wp-json\/wp\/v2\/product_tag?post=335337"}],"curies":[{"name":"wp","href":"https:\/\/api.w.org\/{rel}","templated":true}]}}