{"id":335357,"date":"2022-11-02T19:42:32","date_gmt":"2024-04-19T08:02:38","guid":{"rendered":"https:\/\/www.moskito.cz\/produkt\/extra-grosses-drop-point-voyager-klappmesser-von-cold-steel\/"},"modified":"2025-05-07T11:12:25","modified_gmt":"2025-05-07T10:12:25","slug":"extra-grosses-drop-point-voyager-klappmesser-von-cold-steel","status":"publish","type":"product","link":"https:\/\/www.moskito.cz\/de\/produkt\/extra-grosses-drop-point-voyager-klappmesser-von-cold-steel\/","title":{"rendered":"Extra gro\u00dfes Drop Point Voyager Klappmesser von Cold Steel"},"content":{"rendered":"<p>Extra gro\u00dfes Drop Point Voyager Klappmesser <strong>von Cold Steel<\/strong> .<\/p>\n<p>Die meisten Outdoor-Enthusiasten erwarten zwei Dinge von ihrem Messer. Befestigen Sie es einfach an Ihrer Kleidung oder Ausr\u00fcstung und schon k\u00f6nnen Sie Campingaufgaben gut erledigen. Deshalb f\u00fchren wir in der Voyager-Serie eine neue Drop-Point-Klinge ein, die sich als sehr vielseitig erwiesen hat und sich insbesondere f\u00fcr Jagd- und Outdoormesser hervorragend eignet. Diese Klingenform, die in der N\u00e4he der Spitze eine sch\u00e4rfere Kr\u00fcmmung der Klinge aufweist, hat sich f\u00fcr alle Schneid- und Zerleget\u00e4tigkeiten als besser erwiesen und erleichtert auch das Herunterziehen des Wildes. Die 4 mm starke Klinge besteht aus AUS 10A-Stahl. Dieser martensitische Edelstahl verf\u00fcgt \u00fcber sehr gute Festigkeitseigenschaften und wird haupts\u00e4chlich als Werkstoff f\u00fcr Schneidwerkzeuge verwendet. Im Vergleich zu AUS 8A h\u00e4lt es die Klinge besser und ist abriebfester. Anschlie\u00dfend wurde der Stahl w\u00e4rmebehandelt, um die perfekte Balance zwischen Schnitthaltigkeit und einfachem Nachsch\u00e4rfen zu erreichen. Die Stonewash-Beschichtung verhindert ein leichtes Verkratzen und macht das Messer korrosionsbest\u00e4ndiger. Der Griff mit markantem Raster wird durch Hochdruckinjektion des an sich schon ausreichend starken Griv-Ex\u2122-Materials hergestellt. Die Struktur der Griffoberfl\u00e4che verhindert ein Herausrutschen des Messers beim Arbeiten in nasser Umgebung. Das Messer ist mit einem doppelseitigen \u00d6ffnungsstift ausgestattet und diese Messerserie ist mit dem einzigartigen Cold Steel\u00ae Tri-Ad Lock\u2122-Patent ausgestattet. Die Sperre verhindert, dass sich das Messer auch nach nat\u00fcrlicher Abnutzung im Laufe der Zeit automatisch oder unbeabsichtigt schlie\u00dft. Im Paket erhalten Sie au\u00dferdem einen Clip zum Tragen auf der linken Seite.<\/p>\n<p>PRODUKTPARAMETER<br \/>\nGewicht: 227 g<br \/>\nSchwarze Farbe<br \/>\nGeh\u00e4usematerial: Taschenclip aus Stahl<br \/>\nKlingenl\u00e4nge: 140 mm<br \/>\nArt der Sperre: Tri-Ad Lock<br \/>\nGesamtgr\u00f6\u00dfe: 311 mm<br \/>\nKlingenst\u00e4rke: 4 mm<br \/>\nGriffl\u00e4nge: 171 mm<br \/>\nStahl: AUS 10A mit Stone Washed-Finish<br \/>\nGriffmaterial: Long Griv-Ex<\/p>\n","protected":false},"excerpt":{"rendered":"<p>Ein Klappmesser mit glatter Klinge. Die Drop-Point-Klingenform hat sich als sehr vielseitig erwiesen und eignet sich besonders ideal f\u00fcr Jagd- und Outdoormesser.<\/p>\n","protected":false},"featured_media":335358,"comment_status":"open","ping_status":"closed","template":"","meta":[],"pwb-brand":[3602],"product_brand":[],"product_cat":[3285,3303],"product_tag":[],"class_list":{"0":"post-335357","1":"product","2":"type-product","3":"status-publish","4":"has-post-thumbnail","6":"pwb-brand-kalter-stahl","7":"product_cat-messer","8":"product_cat-schliesmesser","10":"first","11":"outofstock","12":"taxable","13":"shipping-taxable","14":"purchasable","15":"product-type-simple"},"brands":[{"id":3602,"name":"Kalter Stahl","slug":"kalter-stahl"}],"_links":{"self":[{"href":"https:\/\/www.moskito.cz\/de\/wp-json\/wp\/v2\/product\/335357","targetHints":{"allow":["GET"]}}],"collection":[{"href":"https:\/\/www.moskito.cz\/de\/wp-json\/wp\/v2\/product"}],"about":[{"href":"https:\/\/www.moskito.cz\/de\/wp-json\/wp\/v2\/types\/product"}],"replies":[{"embeddable":true,"href":"https:\/\/www.moskito.cz\/de\/wp-json\/wp\/v2\/comments?post=335357"}],"wp:featuredmedia":[{"embeddable":true,"href":"https:\/\/www.moskito.cz\/de\/wp-json\/wp\/v2\/media\/335358"}],"wp:attachment":[{"href":"https:\/\/www.moskito.cz\/de\/wp-json\/wp\/v2\/media?parent=335357"}],"wp:term":[{"taxonomy":"pwb-brand","embeddable":true,"href":"https:\/\/www.moskito.cz\/de\/wp-json\/wp\/v2\/pwb-brand?post=335357"},{"taxonomy":"product_brand","embeddable":true,"href":"https:\/\/www.moskito.cz\/de\/wp-json\/wp\/v2\/product_brand?post=335357"},{"taxonomy":"product_cat","embeddable":true,"href":"https:\/\/www.moskito.cz\/de\/wp-json\/wp\/v2\/product_cat?post=335357"},{"taxonomy":"product_tag","embeddable":true,"href":"https:\/\/www.moskito.cz\/de\/wp-json\/wp\/v2\/product_tag?post=335357"}],"curies":[{"name":"wp","href":"https:\/\/api.w.org\/{rel}","templated":true}]}}