{"id":335376,"date":"2022-11-05T21:48:58","date_gmt":"2022-11-05T20:48:58","guid":{"rendered":"https:\/\/www.moskito.cz\/produkt\/feststehendes-messer-cold-steel-pendleton-lite-hunter\/"},"modified":"2025-05-07T11:12:26","modified_gmt":"2025-05-07T10:12:26","slug":"feststehendes-messer-cold-steel-pendleton-lite-hunter","status":"publish","type":"product","link":"https:\/\/www.moskito.cz\/de\/produkt\/feststehendes-messer-cold-steel-pendleton-lite-hunter\/","title":{"rendered":"Feststehendes Messer Cold Steel PENDLETON LITE HUNTER"},"content":{"rendered":"<p>Feststehendes Messer <strong>Cold Steel<\/strong> PENDLETON LITE HUNTER.<\/p>\n<p>Im Laufe der Jahre erfreuen sich unsere Pendleton Hunter gro\u00dfer Beliebtheit und viele Menschen haben uns nach einem g\u00fcnstigeren Pendleton gefragt, der in fast jedes Budget passt. Im Aussehen \u00e4hnelt das Pendleton Lite Hunter stark dem klassischen funktionalen Lloyds-Design, mit einer praktischen Drop-Tip-Klinge, einem bescheidenen Schutz, einem vertieften Kropfbereich und einem ausgestellten Schaft, um den Halt bei rutschigen und widrigen Bedingungen zu erleichtern. Die einzigen gro\u00dfen \u00c4nderungen waren die Verwendung von kaltgek\u00fchltem deutschem 4116-Edelstahl und die Verwendung von hochfestem Polypropylen f\u00fcr den Griff. Wenn Sie auf der Suche nach einem zuverl\u00e4ssigen und preisgekr\u00f6nten Jagd-\/Gebrauchsmesser sind, das Ihnen viele Jahre lang gute Dienste leistet, dann ist das Pendleton Lite Hunter kaum zu schlagen.<br \/>\nPRODUKTPARAMETER<br \/>\nGriffl\u00e4nge: 123 mm<br \/>\nMantelmaterial: Secure-Ex\u00ae Mantel<br \/>\nFarbe: Schwarz\/Silber<br \/>\nGriffmaterial: Langes, schlagfestes Polypropylen<br \/>\nKlingenl\u00e4nge: 92 mm<br \/>\nStahl: Deutscher Edelstahl 4116, kryoabgeschreckt<br \/>\nKlingenst\u00e4rke: 3 mm<br \/>\nGewicht: 76,54 g<br \/>\nGesamtgr\u00f6\u00dfe: 215 mm<\/p>\n","protected":false},"excerpt":{"rendered":"<p>Das Pendleton Lite Hunter von Cold Steel ist ein robustes Messer mit glatter Klinge.<\/p>\n","protected":false},"featured_media":335377,"comment_status":"open","ping_status":"closed","template":"","meta":[],"pwb-brand":[3602],"product_brand":[],"product_cat":[3287,3285],"product_tag":[],"class_list":{"0":"post-335376","1":"product","2":"type-product","3":"status-publish","4":"has-post-thumbnail","6":"pwb-brand-kalter-stahl","7":"product_cat-solide-messer","8":"product_cat-messer","10":"first","11":"instock","12":"taxable","13":"shipping-taxable","14":"purchasable","15":"product-type-simple"},"brands":[{"id":3602,"name":"Kalter Stahl","slug":"kalter-stahl"}],"_links":{"self":[{"href":"https:\/\/www.moskito.cz\/de\/wp-json\/wp\/v2\/product\/335376","targetHints":{"allow":["GET"]}}],"collection":[{"href":"https:\/\/www.moskito.cz\/de\/wp-json\/wp\/v2\/product"}],"about":[{"href":"https:\/\/www.moskito.cz\/de\/wp-json\/wp\/v2\/types\/product"}],"replies":[{"embeddable":true,"href":"https:\/\/www.moskito.cz\/de\/wp-json\/wp\/v2\/comments?post=335376"}],"wp:featuredmedia":[{"embeddable":true,"href":"https:\/\/www.moskito.cz\/de\/wp-json\/wp\/v2\/media\/335377"}],"wp:attachment":[{"href":"https:\/\/www.moskito.cz\/de\/wp-json\/wp\/v2\/media?parent=335376"}],"wp:term":[{"taxonomy":"pwb-brand","embeddable":true,"href":"https:\/\/www.moskito.cz\/de\/wp-json\/wp\/v2\/pwb-brand?post=335376"},{"taxonomy":"product_brand","embeddable":true,"href":"https:\/\/www.moskito.cz\/de\/wp-json\/wp\/v2\/product_brand?post=335376"},{"taxonomy":"product_cat","embeddable":true,"href":"https:\/\/www.moskito.cz\/de\/wp-json\/wp\/v2\/product_cat?post=335376"},{"taxonomy":"product_tag","embeddable":true,"href":"https:\/\/www.moskito.cz\/de\/wp-json\/wp\/v2\/product_tag?post=335376"}],"curies":[{"name":"wp","href":"https:\/\/api.w.org\/{rel}","templated":true}]}}