{"id":335403,"date":"2022-11-01T16:45:02","date_gmt":"2024-04-19T08:11:48","guid":{"rendered":"https:\/\/www.moskito.cz\/produkt\/feststehendes-messer-cold-steel-counter-tac-ii\/"},"modified":"2025-05-07T11:12:27","modified_gmt":"2025-05-07T10:12:27","slug":"feststehendes-messer-cold-steel-counter-tac-ii","status":"publish","type":"product","link":"https:\/\/www.moskito.cz\/de\/produkt\/feststehendes-messer-cold-steel-counter-tac-ii\/","title":{"rendered":"Feststehendes Messer Cold Steel COUNTER TAC II"},"content":{"rendered":"<p>Feststehendes Messer <strong>Cold Steel<\/strong> COUNTER TAC II.<\/p>\n<p>Unsere Counter TAC-Schuhmesser wurden mit einer einfachen Philosophie entwickelt. Funktionalit\u00e4t. Ganz einfach: Sie arbeiten und zeichnen sich durch ihre Arbeit aus! Ihre scharfen AUS 8A-Klingen mit voller Spitze sind vakuumw\u00e4rmebehandelt und bei Temperaturen unter Null geh\u00e4rtet, um Festigkeit und Haltbarkeit zu gew\u00e4hrleisten. Das ergonomische Design des Kray-Ex\u2122-Griffs ist bequem und passt sich jedem Griff an. Die tief strukturierte Oberfl\u00e4che und der doppelte Schutz sorgen daf\u00fcr, dass Ihnen das Messer unter keinen Umst\u00e4nden aus der Hand rutscht. Schlie\u00dflich wird jeder Counter TAC mit einem hochmodernen Secure-Ex-Holster mit abnehmbarem Schuh-\/G\u00fcrtelclip und Befestigungsl\u00f6chern geliefert, sodass Sie ihn praktisch \u00fcberall hin mitnehmen k\u00f6nnen.<\/p>\n<p>PRODUKTPARAMETER<br \/>\nGesamtgr\u00f6\u00dfe: 171,45 mm<br \/>\nGriffmaterial: Long Kray-Ex\u2122<br \/>\nStahl: Japanischer AUS 8A-Edelstahl mit Stone Washed-Finish<br \/>\nGriffl\u00e4nge: 114,3 mm<br \/>\nKlingenl\u00e4nge: 85,7 mm<br \/>\nFarbe: Schwarz\/Silber<br \/>\nGewicht: 59,5 g<br \/>\nKlingenst\u00e4rke: 4 mm<br \/>\nMantelmaterial: Secure-Ex\u2122 Mantel<\/p>\n","protected":false},"excerpt":{"rendered":"<p>Feststehende Messer Counter TAC der Firma COLD STEEL sind in erster Linie zum verdeckten Tragen im Schuh gedacht.<\/p>\n","protected":false},"featured_media":335404,"comment_status":"open","ping_status":"closed","template":"","meta":[],"pwb-brand":[3602],"product_brand":[],"product_cat":[3285,3287],"product_tag":[],"class_list":{"0":"post-335403","1":"product","2":"type-product","3":"status-publish","4":"has-post-thumbnail","6":"pwb-brand-kalter-stahl","7":"product_cat-messer","8":"product_cat-solide-messer","10":"first","11":"outofstock","12":"taxable","13":"shipping-taxable","14":"purchasable","15":"product-type-simple"},"brands":[{"id":3602,"name":"Kalter Stahl","slug":"kalter-stahl"}],"_links":{"self":[{"href":"https:\/\/www.moskito.cz\/de\/wp-json\/wp\/v2\/product\/335403","targetHints":{"allow":["GET"]}}],"collection":[{"href":"https:\/\/www.moskito.cz\/de\/wp-json\/wp\/v2\/product"}],"about":[{"href":"https:\/\/www.moskito.cz\/de\/wp-json\/wp\/v2\/types\/product"}],"replies":[{"embeddable":true,"href":"https:\/\/www.moskito.cz\/de\/wp-json\/wp\/v2\/comments?post=335403"}],"wp:featuredmedia":[{"embeddable":true,"href":"https:\/\/www.moskito.cz\/de\/wp-json\/wp\/v2\/media\/335404"}],"wp:attachment":[{"href":"https:\/\/www.moskito.cz\/de\/wp-json\/wp\/v2\/media?parent=335403"}],"wp:term":[{"taxonomy":"pwb-brand","embeddable":true,"href":"https:\/\/www.moskito.cz\/de\/wp-json\/wp\/v2\/pwb-brand?post=335403"},{"taxonomy":"product_brand","embeddable":true,"href":"https:\/\/www.moskito.cz\/de\/wp-json\/wp\/v2\/product_brand?post=335403"},{"taxonomy":"product_cat","embeddable":true,"href":"https:\/\/www.moskito.cz\/de\/wp-json\/wp\/v2\/product_cat?post=335403"},{"taxonomy":"product_tag","embeddable":true,"href":"https:\/\/www.moskito.cz\/de\/wp-json\/wp\/v2\/product_tag?post=335403"}],"curies":[{"name":"wp","href":"https:\/\/api.w.org\/{rel}","templated":true}]}}