{"id":335416,"date":"2023-03-31T20:13:13","date_gmt":"2023-03-31T19:13:13","guid":{"rendered":"https:\/\/www.moskito.cz\/produkt\/feststehendes-messer-cold-steel-3v-srk-cpm-3v\/"},"modified":"2025-05-07T11:12:28","modified_gmt":"2025-05-07T10:12:28","slug":"feststehendes-messer-cold-steel-3v-srk-cpm-3v","status":"publish","type":"product","link":"https:\/\/www.moskito.cz\/de\/produkt\/feststehendes-messer-cold-steel-3v-srk-cpm-3v\/","title":{"rendered":"Feststehendes Messer Cold Steel 3V SRK (CPM 3V)"},"content":{"rendered":"<p>Feststehendes Messer <strong>Cold Steel<\/strong> 3V SRK (CPM 3V)<\/p>\n<p>\u00dcberlebens- und Rettungseins\u00e4tze erfordern ein vielseitiges Messer, das den extremsten Bedingungen standh\u00e4lt. Einfach ausgedr\u00fcckt: Das Cold Steel SRK (Survival Rescue Knife) wurde speziell f\u00fcr diesen Zweck entwickelt. Das SRK ist ein beliebtes Messer bei milit\u00e4rischem und taktischem Strafverfolgungspersonal und das Messer der Wahl f\u00fcr Navy SEALS f\u00fcr ihr BUDS \u2013 oder Basic Underwater Demolition Training \u2013 das SRK hat sich immer wieder in den anspruchsvollsten Umgebungen bew\u00e4hrt. Was auch immer die Mission ist, wir sind sicher, dass SRK das richtige Messer f\u00fcr Sie ist!<\/p>\n<p>Beschreibung:<\/p>\n<p>Griffmaterial: Long Kray-Ex<br \/>\nStahl: US CPM 3V High Carbon<br \/>\nGewicht: 249,47 g<br \/>\nGriffl\u00e4nge: 12 cm<br \/>\nKlingenl\u00e4nge: 15,2 cm<br \/>\nKlingenst\u00e4rke: 0,5 cm<br \/>\nGesamtgr\u00f6\u00dfe: 27,3 cm<br \/>\nMantelmaterial: Secure-Ex\u00ae Mantel<br \/>\nFarbe: Schwarz\/Silber<\/p>\n","protected":false},"excerpt":{"rendered":"<p><strong>3V SRK von COLD STEEL ist ein solides Messer mit glatter Schneide. Es wurde f\u00fcr \u00dcberlebens- und Rettungseins\u00e4tze entwickelt, die ein vielseitiges Messer erfordern, das extremen Bedingungen standh\u00e4lt<\/strong><\/p>\n","protected":false},"featured_media":335417,"comment_status":"open","ping_status":"closed","template":"","meta":[],"pwb-brand":[3602],"product_brand":[],"product_cat":[3287,3285],"product_tag":[],"class_list":{"0":"post-335416","1":"product","2":"type-product","3":"status-publish","4":"has-post-thumbnail","6":"pwb-brand-kalter-stahl","7":"product_cat-solide-messer","8":"product_cat-messer","10":"first","11":"instock","12":"taxable","13":"shipping-taxable","14":"purchasable","15":"product-type-simple"},"brands":[{"id":3602,"name":"Kalter Stahl","slug":"kalter-stahl"}],"_links":{"self":[{"href":"https:\/\/www.moskito.cz\/de\/wp-json\/wp\/v2\/product\/335416","targetHints":{"allow":["GET"]}}],"collection":[{"href":"https:\/\/www.moskito.cz\/de\/wp-json\/wp\/v2\/product"}],"about":[{"href":"https:\/\/www.moskito.cz\/de\/wp-json\/wp\/v2\/types\/product"}],"replies":[{"embeddable":true,"href":"https:\/\/www.moskito.cz\/de\/wp-json\/wp\/v2\/comments?post=335416"}],"wp:featuredmedia":[{"embeddable":true,"href":"https:\/\/www.moskito.cz\/de\/wp-json\/wp\/v2\/media\/335417"}],"wp:attachment":[{"href":"https:\/\/www.moskito.cz\/de\/wp-json\/wp\/v2\/media?parent=335416"}],"wp:term":[{"taxonomy":"pwb-brand","embeddable":true,"href":"https:\/\/www.moskito.cz\/de\/wp-json\/wp\/v2\/pwb-brand?post=335416"},{"taxonomy":"product_brand","embeddable":true,"href":"https:\/\/www.moskito.cz\/de\/wp-json\/wp\/v2\/product_brand?post=335416"},{"taxonomy":"product_cat","embeddable":true,"href":"https:\/\/www.moskito.cz\/de\/wp-json\/wp\/v2\/product_cat?post=335416"},{"taxonomy":"product_tag","embeddable":true,"href":"https:\/\/www.moskito.cz\/de\/wp-json\/wp\/v2\/product_tag?post=335416"}],"curies":[{"name":"wp","href":"https:\/\/api.w.org\/{rel}","templated":true}]}}