{"id":335441,"date":"2022-11-07T13:43:09","date_gmt":"2022-11-07T12:43:09","guid":{"rendered":"https:\/\/www.moskito.cz\/produkt\/massives-messer-cold-steel-leatherneck-sf\/"},"modified":"2025-05-07T11:12:30","modified_gmt":"2025-05-07T10:12:30","slug":"massives-messer-cold-steel-leatherneck-sf","status":"publish","type":"product","link":"https:\/\/www.moskito.cz\/de\/produkt\/massives-messer-cold-steel-leatherneck-sf\/","title":{"rendered":"Massives Messer Cold Steel LEATHERNECK SF"},"content":{"rendered":"<p>Massives Messer <strong>Cold Steel<\/strong> LEATHERNECK SF.<\/p>\n<p>Die Cold Steel Leatherneck-Reihe besteht aus zwei unterschiedlichen und ikonischen Klingenstilen, die sich beide bei unseren Br\u00fcdern und Schwestern in den Streitkr\u00e4ften als \u00e4u\u00dferst beliebt erwiesen haben: Der Leatherneck-SF (f\u00fcr Semper-Fi) verf\u00fcgt \u00fcber einen wundersch\u00f6nen handgeschliffenen S\u00e4bel. Die geschliffenen Klingen Clip Point und Leatherneck Tanto verf\u00fcgen \u00fcber unsere charakteristische Cold Steel \u201eAmerican Tanto\u201c-Klinge mit einer soliden, verst\u00e4rkten Spitze f\u00fcr zus\u00e4tzliche Festigkeit. Beide bestehen aus robustem D2-Werkzeugstahl mit einer nicht reflektierenden schwarzen Pulverbeschichtung. Um zu verhindern, dass die Finger des Benutzers an der scharfen Kante nach vorne rutschen, sind Leathernecks mit einem massiven Doppelparierstangenschutz aus Stahl ausgestattet. Die Griffe bestehen aus tief kariertem Kray-Ex\u2122, das die extra breiten und vollen Lederh\u00e4lse vollst\u00e4ndig bedeckt. Der Leatherneck-Griff ist mit einem dicken, bearbeiteten Stahlkolben versehen (kein billiger Guss oder Kunststoff wie bei einigen anderen auf dem Markt), sodass er im Notfall auch als Hammer dienen kann! F\u00fcr den sicheren und bequemen Transport von Leatherneck-Messern ist jede Klinge mit einer robusten und vielseitigen Secure-Ex-Scheide im Milit\u00e4rstil mit einer vollst\u00e4ndig abnehmbaren und umkehrbaren G\u00fcrtelschlaufe ausgestattet.<\/p>\n<p>PRODUKTPARAMETER<br \/>\nKlingenst\u00e4rke: 5 mm<br \/>\nGriffl\u00e4nge: 123 mm<br \/>\nGesamtgr\u00f6\u00dfe: 300 mm<br \/>\nGewicht: 331,68 g<br \/>\nKlingenl\u00e4nge: 177 mm<br \/>\nSchwarze Farbe<br \/>\nGriffmaterial: Long Griv-Ex\u2122<br \/>\nStahl: Deutscher D2-Stahl mit schwarzer Pulverbeschichtung<\/p>\n<p>&nbsp;<\/p>\n","protected":false},"excerpt":{"rendered":"<p>Das Leatherneck-SF von COLD STEEL ist ein Feldmesser mit feststehender Klinge. SF in der Bezeichnung des Messers ist eine Abk\u00fcrzung f\u00fcr Semper Fi (das Motto der US-Marines \u201eAlways Faithful\u201c)<\/p>\n","protected":false},"featured_media":335442,"comment_status":"open","ping_status":"closed","template":"","meta":[],"pwb-brand":[3602],"product_brand":[],"product_cat":[3287,3285],"product_tag":[],"class_list":{"0":"post-335441","1":"product","2":"type-product","3":"status-publish","4":"has-post-thumbnail","6":"pwb-brand-kalter-stahl","7":"product_cat-solide-messer","8":"product_cat-messer","10":"first","11":"instock","12":"taxable","13":"shipping-taxable","14":"purchasable","15":"product-type-simple"},"brands":[{"id":3602,"name":"Kalter Stahl","slug":"kalter-stahl"}],"_links":{"self":[{"href":"https:\/\/www.moskito.cz\/de\/wp-json\/wp\/v2\/product\/335441","targetHints":{"allow":["GET"]}}],"collection":[{"href":"https:\/\/www.moskito.cz\/de\/wp-json\/wp\/v2\/product"}],"about":[{"href":"https:\/\/www.moskito.cz\/de\/wp-json\/wp\/v2\/types\/product"}],"replies":[{"embeddable":true,"href":"https:\/\/www.moskito.cz\/de\/wp-json\/wp\/v2\/comments?post=335441"}],"wp:featuredmedia":[{"embeddable":true,"href":"https:\/\/www.moskito.cz\/de\/wp-json\/wp\/v2\/media\/335442"}],"wp:attachment":[{"href":"https:\/\/www.moskito.cz\/de\/wp-json\/wp\/v2\/media?parent=335441"}],"wp:term":[{"taxonomy":"pwb-brand","embeddable":true,"href":"https:\/\/www.moskito.cz\/de\/wp-json\/wp\/v2\/pwb-brand?post=335441"},{"taxonomy":"product_brand","embeddable":true,"href":"https:\/\/www.moskito.cz\/de\/wp-json\/wp\/v2\/product_brand?post=335441"},{"taxonomy":"product_cat","embeddable":true,"href":"https:\/\/www.moskito.cz\/de\/wp-json\/wp\/v2\/product_cat?post=335441"},{"taxonomy":"product_tag","embeddable":true,"href":"https:\/\/www.moskito.cz\/de\/wp-json\/wp\/v2\/product_tag?post=335441"}],"curies":[{"name":"wp","href":"https:\/\/api.w.org\/{rel}","templated":true}]}}