{"id":335448,"date":"2022-11-02T19:22:48","date_gmt":"2022-11-02T18:22:48","guid":{"rendered":"https:\/\/www.moskito.cz\/produkt\/klappmesser-cold-steel-large-espada-s35vn\/"},"modified":"2025-05-07T11:12:30","modified_gmt":"2025-05-07T10:12:30","slug":"klappmesser-cold-steel-large-espada-s35vn","status":"publish","type":"product","link":"https:\/\/www.moskito.cz\/de\/produkt\/klappmesser-cold-steel-large-espada-s35vn\/","title":{"rendered":"Klappmesser Cold Steel LARGE ESPADA (S35VN)"},"content":{"rendered":"<p>GRO\u00dfES ESPADA-Klappmesser <strong>von Cold Steel<\/strong> (S35VN).<\/p>\n<p>Wir hatten nie Angst davor, Konventionen zu brechen. Deshalb haben wir, als alle anderen in unserer Branche die kleinsten, schlanksten und feinsten kleinen Messer herstellten, die sie konnten, eine Reihe von Klingen herausgebracht, die man nur als eines bezeichnen kann: Taschenschwerter! Der Cold Steel Espada wurde vom klassischen Navajo inspiriert. Messer aus Spanien, aber sowohl im Aussehen als auch in den Materialien war es v\u00f6llig modern. Diese Mega-Folder haben den Markt im Sturm erobert! Unsere Espadas sind eine Zusammenarbeit zwischen dem Messermacher Andrew Demek und der Pr\u00e4sidentin von Cold Steel, Lynn C. Thompson. Sie sind in zwei Gr\u00f6\u00dfen erh\u00e4ltlich und eignen sich sowohl f\u00fcr die mutigsten als auch f\u00fcr die mutigsten Menschen! Trotz ihrer beeindruckenden Gr\u00f6\u00dfe sind unsere Espadas so konzipiert, dass sie bequem und diskret in Ihre Tasche passen. Sie werden schnell vergessen, dass Sie eine so gro\u00dfe und beeindruckende Klinge tragen. Ausgestattet mit der patentierten Demko-Daumenplatte k\u00f6nnen gro\u00dfe und extra gro\u00dfe Espadas eingesteckt, beim Ziehen des Messers ge\u00f6ffnet werden \u2013 und das im Handumdrehen! Die wundersch\u00f6nen Espada-Klingen bestehen aus erstklassigem, amerikanischen S35VN-Legierungsstahl, der aufgrund seiner F\u00e4higkeit ausgew\u00e4hlt wurde, nicht nur eine superfeine Schnittkante zu erzielen, sondern diese auch au\u00dfergew\u00f6hnlich lange beizubehalten. Sie verf\u00fcgen au\u00dferdem \u00fcber fachm\u00e4nnisch polierte G-10-Schalen und hochglanzpolierte 7075-Aluminiumhalterungen und -rahmen. Jeder Espada ist mit unserem patentierten Tri-Ad-Verriegelungsmechanismus ausgestattet, der nachweislich eine erstaunliche Schlagfestigkeit und Festigkeit aufweist. In unseren eigenen, bekannterma\u00dfen brutalen Produkttests war der XL Espada nicht nur in der Lage, 600 Pfund frei h\u00e4ngendes Gewicht zu tragen, sondern wir nutzten ihn sogar, um einen aufgeh\u00e4ngten Motorblock zu st\u00fctzen! gro\u00dfe und extragro\u00dfe Espadas passen in die Tasche, das Messer \u00f6ffnet sich beim Ziehen \u2013 und zwar im Handumdrehen! Die wundersch\u00f6nen Espada-Klingen bestehen aus erstklassigem amerikanischen S35VN-Legierungsstahl, der nicht nur aufgrund seiner F\u00e4higkeit, eine sehr feine Schnittkante zu haben, sondern diese auch au\u00dfergew\u00f6hnlich lange beizubehalten, ausgew\u00e4hlt wurde. Sie verf\u00fcgen au\u00dferdem \u00fcber fachm\u00e4nnisch polierte G-10-Schalen und hochglanzpolierte 7075-Aluminiumhalterungen und -rahmen. Jeder Espada ist mit unserem patentierten Tri-Ad-Verriegelungsmechanismus ausgestattet, der nachweislich eine erstaunliche Schlagfestigkeit und Festigkeit aufweist. In unseren eigenen, bekannterma\u00dfen brutalen Produkttests war der XL Espada nicht nur in der Lage, 600 Pfund frei h\u00e4ngendes Gewicht zu tragen, sondern wir nutzten ihn sogar, um einen aufgeh\u00e4ngten Motorblock zu st\u00fctzen! gro\u00dfe und extragro\u00dfe Espadas passen in die Tasche, das Messer \u00f6ffnet sich beim Ziehen \u2013 und zwar im Handumdrehen! Die wundersch\u00f6nen Espada-Klingen bestehen aus erstklassigem amerikanischem S35VN-Legierungsstahl, der nicht nur aufgrund seiner F\u00e4higkeit, eine sehr feine Schnittkante zu haben, sondern diese auch au\u00dfergew\u00f6hnlich lange beizubehalten, ausgew\u00e4hlt wurde. Sie verf\u00fcgen au\u00dferdem \u00fcber fachm\u00e4nnisch polierte G-10-Schalen und hochglanzpolierte 7075-Aluminiumhalterungen und -rahmen. Jeder Espada ist mit unserem patentierten Tri-Ad-Verriegelungsmechanismus ausgestattet, der nachweislich eine erstaunliche Schlagfestigkeit und Festigkeit aufweist. In unseren eigenen, bekannterma\u00dfen brutalen Produkttests war der XL Espada nicht nur in der Lage, 600 Pfund frei h\u00e4ngendes Gewicht zu tragen, sondern wir nutzten ihn sogar, um einen aufgeh\u00e4ngten Motorblock zu st\u00fctzen! Die wundersch\u00f6nen Klingen bestehen aus erstklassigem amerikanischem S35VN-Legierungsstahl, der nicht nur wegen seiner F\u00e4higkeit ausgew\u00e4hlt wurde, eine sehr feine Schneide zu erzielen, sondern diese auch au\u00dfergew\u00f6hnlich lange beizubehalten. Sie verf\u00fcgen au\u00dferdem \u00fcber fachm\u00e4nnisch polierte G-10-Schalen und hochglanzpolierte 7075-Aluminium-Standrohre und -Rahmen. Jeder Espada ist mit unserem patentierten Tri-Ad-Verriegelungsmechanismus ausgestattet, der nachweislich eine erstaunliche Schlagfestigkeit und Festigkeit aufweist. In unseren eigenen, bekannterma\u00dfen brutalen Produkttests war der XL Espada nicht nur in der Lage, 600 Pfund frei h\u00e4ngendes Gewicht zu tragen, sondern wir nutzten ihn sogar, um einen aufgeh\u00e4ngten Motorblock zu st\u00fctzen! Die wundersch\u00f6nen Klingen bestehen aus erstklassigem amerikanischem S35VN-Legierungsstahl, der nicht nur wegen seiner F\u00e4higkeit ausgew\u00e4hlt wurde, eine sehr feine Schneide zu erzeugen, sondern diese auch au\u00dfergew\u00f6hnlich lange beizubehalten. Sie verf\u00fcgen au\u00dferdem \u00fcber fachm\u00e4nnisch polierte G-10-Schalen und hochglanzpolierte 7075-Aluminium-Standrohre und -Rahmen. Jeder Espada ist mit unserem patentierten Tri-Ad-Verriegelungsmechanismus ausgestattet, der nachweislich eine erstaunliche Schlagfestigkeit und Festigkeit aufweist. In unseren eigenen, bekannterma\u00dfen brutalen Produkttests war der XL Espada nicht nur in der Lage, 600 Pfund frei h\u00e4ngendes Gewicht zu tragen, sondern wir nutzten ihn sogar, um einen aufgeh\u00e4ngten Motorblock zu st\u00fctzen! Jeder Espada ist mit unserem patentierten Tri-Ad-Verriegelungsmechanismus ausgestattet, der nachweislich eine erstaunliche Schlagfestigkeit und Festigkeit aufweist. In unseren eigenen, bekannterma\u00dfen brutalen Produkttests war der XL Espada nicht nur in der Lage, 600 Pfund frei h\u00e4ngendes Gewicht zu tragen, sondern wir nutzten ihn sogar, um einen aufgeh\u00e4ngten Motorblock zu st\u00fctzen! Jeder Espada ist mit unserem patentierten Tri-Ad-Verriegelungsmechanismus ausgestattet, der nachweislich eine erstaunliche Schlagfestigkeit und Festigkeit aufweist. In unseren eigenen, bekannterma\u00dfen brutalen Produkttests war der XL Espada nicht nur in der Lage, 600 Pfund frei h\u00e4ngendes Gewicht zu tragen, sondern wir nutzten ihn sogar, um einen aufgeh\u00e4ngten Motorblock zu st\u00fctzen!<br \/>\nGewicht: 9 oz. Klingenst\u00e4rke: 4 mm \/4&#8243; Zus\u00e4tzliche Funktionen: Reversibler Taschen-\/G\u00fcrtelclip Messertyp: Folder Klingenl\u00e4ngenbereich: 5+ Zoll Stahlfamilie: CPM Klingenform: Clip Point Verriegelungsmechanismus: Tri-Ad Lock Produktlinie: Espada<\/p>\n<p>Klingenmaterial: Edelstahl CPM S35VN<br \/>\nKlingenl\u00e4nge: 140 mm<br \/>\nKlingenst\u00e4rke: 4 mm<br \/>\nGesamtl\u00e4nge: 312 mm<br \/>\nGriffmaterial: Superdural + G-10 und Flugzeugaluminiumlegierung<br \/>\nSchloss: Cold Steel\u00ae Tri-Ad Lock\u00ae<br \/>\nMesser\u00f6ffnung: Daumen\u00f6ffnungsplatte<br \/>\nGewicht: 255 g<br \/>\nCold Steel-Messer sind mit einem Clip ausgestattet, der das Tragen hinter einem G\u00fcrtel, einer Tasche usw. erm\u00f6glicht.<\/p>\n","protected":false},"excerpt":{"rendered":"<p><strong>Ein Taschenschwert!<\/strong><\/p>\n","protected":false},"featured_media":335449,"comment_status":"open","ping_status":"closed","template":"","meta":[],"pwb-brand":[3602],"product_brand":[],"product_cat":[3303,3285],"product_tag":[],"class_list":{"0":"post-335448","1":"product","2":"type-product","3":"status-publish","4":"has-post-thumbnail","6":"pwb-brand-kalter-stahl","7":"product_cat-schliesmesser","8":"product_cat-messer","10":"first","11":"instock","12":"taxable","13":"shipping-taxable","14":"purchasable","15":"product-type-simple"},"brands":[{"id":3602,"name":"Kalter Stahl","slug":"kalter-stahl"}],"_links":{"self":[{"href":"https:\/\/www.moskito.cz\/de\/wp-json\/wp\/v2\/product\/335448","targetHints":{"allow":["GET"]}}],"collection":[{"href":"https:\/\/www.moskito.cz\/de\/wp-json\/wp\/v2\/product"}],"about":[{"href":"https:\/\/www.moskito.cz\/de\/wp-json\/wp\/v2\/types\/product"}],"replies":[{"embeddable":true,"href":"https:\/\/www.moskito.cz\/de\/wp-json\/wp\/v2\/comments?post=335448"}],"wp:featuredmedia":[{"embeddable":true,"href":"https:\/\/www.moskito.cz\/de\/wp-json\/wp\/v2\/media\/335449"}],"wp:attachment":[{"href":"https:\/\/www.moskito.cz\/de\/wp-json\/wp\/v2\/media?parent=335448"}],"wp:term":[{"taxonomy":"pwb-brand","embeddable":true,"href":"https:\/\/www.moskito.cz\/de\/wp-json\/wp\/v2\/pwb-brand?post=335448"},{"taxonomy":"product_brand","embeddable":true,"href":"https:\/\/www.moskito.cz\/de\/wp-json\/wp\/v2\/product_brand?post=335448"},{"taxonomy":"product_cat","embeddable":true,"href":"https:\/\/www.moskito.cz\/de\/wp-json\/wp\/v2\/product_cat?post=335448"},{"taxonomy":"product_tag","embeddable":true,"href":"https:\/\/www.moskito.cz\/de\/wp-json\/wp\/v2\/product_tag?post=335448"}],"curies":[{"name":"wp","href":"https:\/\/api.w.org\/{rel}","templated":true}]}}