{"id":335487,"date":"2022-04-20T21:46:07","date_gmt":"2024-04-19T08:40:06","guid":{"rendered":"https:\/\/www.moskito.cz\/produkt\/feststehendes-messer-cold-steel-range-boss-mit-schwarzem-griff\/"},"modified":"2025-05-07T11:12:32","modified_gmt":"2025-05-07T10:12:32","slug":"feststehendes-messer-cold-steel-range-boss-mit-schwarzem-griff","status":"publish","type":"product","link":"https:\/\/www.moskito.cz\/de\/produkt\/feststehendes-messer-cold-steel-range-boss-mit-schwarzem-griff\/","title":{"rendered":"Feststehendes Messer Cold Steel Range Boss mit schwarzem Griff"},"content":{"rendered":"<p>Feststehendes Messer <strong>Cold Steel<\/strong> Range Boss mit schwarzem Griff.<\/p>\n<p>Egal, ob Sie in Manhattan ein Taxi fahren oder in Montana reiten, wir sind sicher, dass Sie unseren Range Boss zu sch\u00e4tzen wissen. Es ist so konzipiert, dass es den ganzen Tag \u00fcber in der Tasche oder an der H\u00fcfte getragen werden kann, ist leicht und einfach zu tragen. Es nimmt nicht viel Platz ein und kann praktisch unbemerkt mitgef\u00fchrt werden, bis Sie es \u00f6ffnen. Die Klinge des Range Boss ist glatt zu einer d\u00fcnnen Kante geschliffen, die so scharf ist, dass Sie staunen werden. Es ist stonewashed, um Rost zu widerstehen, und seine Vielseitigkeit macht es zu einem verdammt guten H\u00e4utungsmesser, ganz zu schweigen von der Essenszubereitung. Der Griff aus glasfaserverst\u00e4rktem Nylon ist f\u00fcr einen guten Halt mit einem Punktmuster strukturiert und verf\u00fcgt \u00fcber die ber\u00fchmte Tri-Ad\u00ae-Verriegelung f\u00fcr \u00fcberragende Festigkeit.<\/p>\n<p>\u201eIch werde ein superd\u00fcnnes, ultraleichtes Messer mit einer langen Klinge und einer n\u00fctzlichen Spitze immer lieben. Deshalb wird das Range Boss eines meiner Alltagsmesser sein. Wie das 3&#8243; Hold Out ist es leicht genug, um es rund um die Uhr zu tragen Im Gegensatz zum Hold Out verf\u00fcgt es \u00fcber einen vielseitigeren Clip, den ich pers\u00f6nlich sehr gut zum Abrichten und H\u00e4uten selbst gro\u00dfer Wildschweine bis zu 250 Pfund (ca. 110 kg) empfand. Nutzen Sie Naturprodukte f\u00fcr den Bauernhof oder das Gesch\u00e4ft und helfen Sie dem neuen Schurken im Gro\u00dfstadtdschungel. Es ist sehr preisg\u00fcnstig und bietet meiner Meinung nach ein enormes Preis-Leistungs-Verh\u00e4ltnis, insbesondere wenn man bedenkt, dass es mit dem ber\u00fchmten Tri-AD-Schloss von Cold Steel ausgestattet ist!!!\u201c<\/p>\n<p>PRODUKTPARAMETER<br \/>\nKlingenst\u00e4rke: 3,5 mm<br \/>\nGriffmaterial: Long Zy-Ex\u2122<br \/>\nSchwarze Farbe<br \/>\nSicherungstyp: Tri-Ad Lock<br \/>\nGewicht: 96 g<br \/>\nGriffl\u00e4nge: 134 mm<br \/>\nKlingenl\u00e4nge: 101 mm<br \/>\nGesamtgr\u00f6\u00dfe: 235 mm<br \/>\nStahl: 4034SS-Stahl<\/p>\n<p>Egal, ob Sie in Manhattan mit dem Taxi \u00fcber die Range fahren oder in Montana reiten, wir sind sicher, dass Sie unseren Range Boss zu sch\u00e4tzen wissen werden. Es ist so konzipiert, dass es den ganzen Tag in der Tasche oder am Hosenbund getragen werden kann, es ist leicht und einfach zu tragen. Es nimmt nicht viel Platz ein und kann praktisch unbemerkt getragen werden, bis Sie es aufklappen. Die Clip-Point-Klinge des Range Boss ist flachgeschliffen und verf\u00fcgt \u00fcber eine d\u00fcnne Kante, die so scharf ist, dass sie Sie in Erstaunen versetzen wird. Es ist steingewaschen, um Rost zu widerstehen, und seine Vielseitigkeit macht es zu einem verdammt guten H\u00e4utungsmesser, ganz zu schweigen von der Essenszubereitung. Der Griff aus glasfaserverst\u00e4rktem Nylon ist f\u00fcr einen guten Halt mit einem gepunkteten Muster versehen und verf\u00fcgt \u00fcber die bekannte Tri-Ad\u00ae-Verriegelung f\u00fcr \u00fcberragende Festigkeit.<\/p>\n<p>\u201eIch werde immer ein Fan von superd\u00fcnnen, ultraleichten Messern mit einer langen Klinge und einer n\u00fctzlichen Spitze sein. Deshalb wird das Range Boss eines meiner t\u00e4glichen Begleiter sein. Wie das 3&#8243; Hold Out ist es leicht genug Ich kann es rund um die Uhr in meiner Hemdtasche tragen und verf\u00fcgt im Gegensatz zum Hold Out \u00fcber eine vielseitigere Clipspitze, die ich pers\u00f6nlich f\u00fcr das Sch\u00e4len und H\u00e4uten selbst gro\u00dfer Wildschweine mit einem Gewicht von bis zu 250 Pfund als sehr geeignet empfunden habe Es ist sehr preisg\u00fcnstig und bietet meiner Meinung nach ein enormes Preis-Leistungs-Verh\u00e4ltnis, insbesondere wenn man bedenkt, dass es mit dem ber\u00fchmten Tri-AD-Schloss von Cold Steel ausgestattet ist!!!\u201c &#8211; Lynn Thompson<\/p>\n<p>Gewicht: 3,4 Unzen Klingenst\u00e4rke: 3,5 mm Griffl\u00e4nge\/Material: 5 1\/4 Zoll langer Zy-Ex\u2122-Griff Klingenstahl: 4034SS-Stahl Klingenl\u00e4nge: 4 Zoll Gesamtl\u00e4nge: 9 1\/4 Zoll Messertyp: Ordner Klingenl\u00e4ngenbereich: 3- 5 Zoll Stahlfamilie: 4034 Klingenform: Clip Point Verriegelungsmechanismus: Tri-Ad Lock Produktfamilie: Range Boss<\/p>\n","protected":false},"excerpt":{"rendered":"<p>Das Range Boss ist ein Klappmesser mit glatter Klinge und flachem Schliff. Es handelt sich um ein klassisches EDC, also ein Messer f\u00fcr den Alltag. Ein relativ gro\u00dfes, aber angenehm leichtes Arbeitsger\u00e4t.<\/p>\n","protected":false},"featured_media":335488,"comment_status":"open","ping_status":"closed","template":"","meta":[],"pwb-brand":[3602],"product_brand":[],"product_cat":[3285,3303],"product_tag":[],"class_list":{"0":"post-335487","1":"product","2":"type-product","3":"status-publish","4":"has-post-thumbnail","6":"pwb-brand-kalter-stahl","7":"product_cat-messer","8":"product_cat-schliesmesser","10":"first","11":"instock","12":"taxable","13":"shipping-taxable","14":"purchasable","15":"product-type-simple"},"brands":[{"id":3602,"name":"Kalter Stahl","slug":"kalter-stahl"}],"_links":{"self":[{"href":"https:\/\/www.moskito.cz\/de\/wp-json\/wp\/v2\/product\/335487","targetHints":{"allow":["GET"]}}],"collection":[{"href":"https:\/\/www.moskito.cz\/de\/wp-json\/wp\/v2\/product"}],"about":[{"href":"https:\/\/www.moskito.cz\/de\/wp-json\/wp\/v2\/types\/product"}],"replies":[{"embeddable":true,"href":"https:\/\/www.moskito.cz\/de\/wp-json\/wp\/v2\/comments?post=335487"}],"wp:featuredmedia":[{"embeddable":true,"href":"https:\/\/www.moskito.cz\/de\/wp-json\/wp\/v2\/media\/335488"}],"wp:attachment":[{"href":"https:\/\/www.moskito.cz\/de\/wp-json\/wp\/v2\/media?parent=335487"}],"wp:term":[{"taxonomy":"pwb-brand","embeddable":true,"href":"https:\/\/www.moskito.cz\/de\/wp-json\/wp\/v2\/pwb-brand?post=335487"},{"taxonomy":"product_brand","embeddable":true,"href":"https:\/\/www.moskito.cz\/de\/wp-json\/wp\/v2\/product_brand?post=335487"},{"taxonomy":"product_cat","embeddable":true,"href":"https:\/\/www.moskito.cz\/de\/wp-json\/wp\/v2\/product_cat?post=335487"},{"taxonomy":"product_tag","embeddable":true,"href":"https:\/\/www.moskito.cz\/de\/wp-json\/wp\/v2\/product_tag?post=335487"}],"curies":[{"name":"wp","href":"https:\/\/api.w.org\/{rel}","templated":true}]}}