{"id":335496,"date":"2021-07-22T10:01:41","date_gmt":"2021-07-22T09:01:41","guid":{"rendered":"https:\/\/www.moskito.cz\/produkt\/cold-steel-ti-lite-6-zoll-cpm-s35vn-klappmesser\/"},"modified":"2024-04-19T09:42:12","modified_gmt":"2024-04-19T08:42:12","slug":"cold-steel-ti-lite-6-zoll-cpm-s35vn-klappmesser","status":"publish","type":"product","link":"https:\/\/www.moskito.cz\/de\/produkt\/cold-steel-ti-lite-6-zoll-cpm-s35vn-klappmesser\/","title":{"rendered":"Cold Steel Ti-lite 6 Zoll CPM S35VN Klappmesser"},"content":{"rendered":"<p><strong>Cold Steel<\/strong> Ti-lite 6 Zoll CPM S35VN Klappmesser.<\/p>\n<p>Die taktischen Ti-Lite-Komponenten erinnern an die schlanke Geschwindigkeit und die rebellischen Linien des klassischen Switchblade im Stil der 50er Jahre. Flug. Im Gegensatz zu den meisten Klappmessern d\u00fcrfen sie jedoch fast \u00fcberallhin mitgenommen werden. Sie verf\u00fcgen \u00fcber Klingen aus amerikanischer S35VN-Legierung mit DLC (Diamond Like Coating), messerscharf mit robusten, nadelscharfen Spitzen. Die Griffe bestehen aus hochwertigem G-10. Und f\u00fcr maximale Festigkeit und Sicherheit haben wir unsere Ti-Lites mit patentierten Blattfederverschl\u00fcssen aus Edelstahl ausgestattet (in unseren Tests wurde nachgewiesen, dass sie 130 Pfund aushalten). F\u00fcr einen einfachen Transport verf\u00fcgen Ti-Lites \u00fcber einen kleinen, aber unauff\u00e4lligen Taschenclip aus Stahl und k\u00f6nnen mit den Daumenkn\u00f6pfen oder durch Ergreifen der Parierstange am Taschenrand beim Ziehen des Messers schnell ge\u00f6ffnet werden. Wir danken dem Messermacher Phil Boguszewski f\u00fcr seinen Designeinfluss und seine Unterst\u00fctzung bei der Entwicklung der Ti-Lites.<\/p>\n<p>Gesamtl\u00e4nge: 33 cm<br \/>\nKlingenl\u00e4nge: 15 cm<br \/>\nL\u00e4nge geschlossen: 18 cm<br \/>\nKlingenst\u00e4rke: 4 mm<br \/>\nGewicht: 201 g<br \/>\nStahl: CPM-S35VN Edelstahl<br \/>\nGriff: G-10 schwarz<br \/>\nSicherheit: Linerlock<br \/>\nTaschenclip<\/p>\n<p><strong>Cold Steel<\/strong> ist ein Unternehmen, das sich mit der Herstellung der st\u00e4rksten und sch\u00e4rfsten Messer der Welt besch\u00e4ftigt. In den letzten drei Jahrzehnten stand Cold Steel an der Spitze zahlreicher Innovationen, die die Messerindustrie gepr\u00e4gt haben. Aufeinanderfolgende Erfolge, darunter die Einf\u00fchrung von karierten Kraton\u00ae-Griffen und Tanto-Spitzklingenstilen, haben sich von merkw\u00fcrdigen Merkmalen zu industriellen Markenzeichen f\u00fcr Qualit\u00e4t und Raffinesse entwickelt. Die neue Richtung wurde auch mit der Einf\u00fchrung einzigartiger neuer Stahlklingen wie San Mai III\u00ae und Tri-Ad\u2122 Lock &amp; Lock-Mechanismus f\u00fcr Klappmesser gebrochen. Zum Beispiel wurde das Tri-Ad\u2122-Schloss von keinem Mitbewerber von Cold Steel erreicht und es wurde nicht nachgewiesen, dass es alles \u00fcbertrifft, was sie bisher produziert haben. Selbstverst\u00e4ndlich blickt Cold Steel stets in die Zukunft und ist stets bestrebt, die st\u00e4rksten und sch\u00e4rfsten Messer der Welt herzustellen. Dieses gleicherma\u00dfen schwer fassbare und schwer zu erreichende Ziel ist seit vierzig Jahren dasselbe. Cold Steel Inc. ist ein Unternehmen, das sich auf die Herstellung der st\u00e4rksten und sch\u00e4rfsten Messer, Schwerter, Tomahawks, Macheten, Bestecke und Werkzeuge f\u00fcr den t\u00e4glichen Gebrauch konzentriert: EDC. Cold Steel wurde schnell vom Milit\u00e4r, den Spezialeinheiten der Strafverfolgungsbeh\u00f6rden, Notfallhelfern, Selbstverteidigungsexperten und Mitgliedern der Kampfsportgemeinschaft \u00fcbernommen und machte sich schnell einen Namen f\u00fcr Qualit\u00e4t, St\u00e4rke, Zuverl\u00e4ssigkeit und Zuverl\u00e4ssigkeit beim t\u00e4glichen Tragen (EDC). . Unser vielf\u00e4ltiges und abwechslungsreiches Sortiment wuchs schnell und umfasste nicht nur eine riesige Auswahl an Klappmessern (von kleineren \u201eEDC\u201c-Klingen bis zu unseren legend\u00e4ren riesigen \u201eMega-Foldern\u201c), sondern auch feststehende Klingen, Schwerter, S\u00e4bel, St\u00e4be und Hellebarden sowie Jagdzubeh\u00f6r, Speere, Gewehre, \u00c4xte, Macheten, Tomahawks und Werkzeuge! Im Laufe der Jahrzehnte hat Cold Steel bahnbrechende neue Materialien und Designs eingef\u00fchrt, die die Welt moderner Messer, Blankwaffen und Werkzeuge gepr\u00e4gt haben. Von der Einf\u00fchrung der karierten Kraton\u00ae-Griffe und der \u201eamerikanisierten\u201c Tanto-Klinge bis hin zur Einbeziehung innovativer neuer Klingenst\u00e4hle wie San Mai III\u00ae und bahnbrechender Verriegelungsmechanismen (wie unserem Tri-Ad \u2122 Lock). Wenn wir in die Zukunft blicken, bringt Cold Steel weiterhin neue Ma\u00dfst\u00e4be an Festigkeit, Sicherheit und Leistung auf den Markt und bietet bew\u00e4hrte Produkte, auf die Sie sich jederzeit und \u00fcberall verlassen k\u00f6nnen!<\/p>\n","protected":false},"excerpt":{"rendered":"<p><strong>Cold Steel<\/strong> Klappmesser mit Sicherheits- und Trageclip.<\/p>\n<p><strong>Kostenloser Transport.<\/strong><\/p>\n","protected":false},"featured_media":335497,"comment_status":"open","ping_status":"closed","template":"","meta":[],"pwb-brand":[3602],"product_brand":[],"product_cat":[3303,3285],"product_tag":[],"class_list":{"0":"post-335496","1":"product","2":"type-product","3":"status-publish","4":"has-post-thumbnail","6":"pwb-brand-kalter-stahl","7":"product_cat-schliesmesser","8":"product_cat-messer","10":"first","11":"instock","12":"taxable","13":"shipping-taxable","14":"purchasable","15":"product-type-simple"},"brands":[{"id":3602,"name":"Kalter Stahl","slug":"kalter-stahl"}],"_links":{"self":[{"href":"https:\/\/www.moskito.cz\/de\/wp-json\/wp\/v2\/product\/335496","targetHints":{"allow":["GET"]}}],"collection":[{"href":"https:\/\/www.moskito.cz\/de\/wp-json\/wp\/v2\/product"}],"about":[{"href":"https:\/\/www.moskito.cz\/de\/wp-json\/wp\/v2\/types\/product"}],"replies":[{"embeddable":true,"href":"https:\/\/www.moskito.cz\/de\/wp-json\/wp\/v2\/comments?post=335496"}],"wp:featuredmedia":[{"embeddable":true,"href":"https:\/\/www.moskito.cz\/de\/wp-json\/wp\/v2\/media\/335497"}],"wp:attachment":[{"href":"https:\/\/www.moskito.cz\/de\/wp-json\/wp\/v2\/media?parent=335496"}],"wp:term":[{"taxonomy":"pwb-brand","embeddable":true,"href":"https:\/\/www.moskito.cz\/de\/wp-json\/wp\/v2\/pwb-brand?post=335496"},{"taxonomy":"product_brand","embeddable":true,"href":"https:\/\/www.moskito.cz\/de\/wp-json\/wp\/v2\/product_brand?post=335496"},{"taxonomy":"product_cat","embeddable":true,"href":"https:\/\/www.moskito.cz\/de\/wp-json\/wp\/v2\/product_cat?post=335496"},{"taxonomy":"product_tag","embeddable":true,"href":"https:\/\/www.moskito.cz\/de\/wp-json\/wp\/v2\/product_tag?post=335496"}],"curies":[{"name":"wp","href":"https:\/\/api.w.org\/{rel}","templated":true}]}}