{"id":335528,"date":"2021-07-23T13:50:16","date_gmt":"2024-04-19T08:47:37","guid":{"rendered":"https:\/\/www.moskito.cz\/produkt\/cold-steel-ad-10-klappmesser\/"},"modified":"2025-05-07T11:12:34","modified_gmt":"2025-05-07T10:12:34","slug":"cold-steel-ad-10-klappmesser","status":"publish","type":"product","link":"https:\/\/www.moskito.cz\/de\/produkt\/cold-steel-ad-10-klappmesser\/","title":{"rendered":"Cold Steel AD-10 Klappmesser"},"content":{"rendered":"<p><strong>Cold Steel<\/strong> AD-10 Klappmesser.<\/p>\n<p><span class=\"VIiyi\" lang=\"cs\"><span class=\"JLqJ4b\" data-language-for-alternatives=\"cs\" data-language-to-translate-into=\"en\" data-phrase-index=\"0\">Wenn Sie eine gro\u00dfe Jagd, eine gef\u00e4hrliche Expedition oder ein aufregendes Abenteuer planen und ein leistungsstarkes Klappmesser mitnehmen m\u00f6chten, das keine unerw\u00fcnschte Aufmerksamkeit erregt, ist das Andrew Demkos AD-10 genau das Richtige f\u00fcr Sie. \u00c4hnlich wie der massive 4-Max von Andrews, aber kleiner in Gr\u00f6\u00dfe und Gewicht, verf\u00fcgt der AD-10 \u00fcber eine extrem breite geschliffene Klinge, die in einem robusten (aber harmlosen) Kipppunkt endet. Die an der Schneide d\u00fcnn geschliffene und auf Rasiermessersch\u00e4rfe abgestimmte AD-10 liefert eine beispiellose Schneid-, Scher- und Durchstechkraft in der Klinge und bleibt dennoch bemerkenswert widerstandsf\u00e4hig gegen Biegen, Brechen oder Absplittern. Der Griff des AD-10 ist ebenfalls stark und benutzerfreundlich, mit w\u00e4rmebehandelten Aluminiumeins\u00e4tzen \u00fcber die gesamte L\u00e4nge, 3D-bearbeiteten G-10-Griffen und \u00fcbergro\u00dfen Stiften und Schrauben; Dank seiner pr\u00e4zisen Kontur und dem integrierten Fingerschutz liegt es angenehm und sicher in der Hand. Ohne einen zuverl\u00e4ssigen Verriegelungsmechanismus w\u00e4re keine Klinge vollst\u00e4ndig. Aus diesem Grund haben wir die ber\u00fchmte Tri-Ad-Verriegelung von Andrews integriert. Im Laufe der Zeit hat es sich als un\u00fcbertroffen in Bezug auf Festigkeit, Schlagfestigkeit und Haltbarkeit erwiesen und bietet un\u00fcbertroffenen Schutz f\u00fcr Ihre unersetzlichen Finger. Und um eine schnelle Blitzausl\u00f6sung und bequemes Tragen zu gew\u00e4hrleisten, haben wir den AD-10 mit einer doppelseitigen Daumentaste und zwei Taschenclips ausgestattet.<br \/>\n<\/span><\/span><\/p>\n<p>L\u00e4nge geschlossen: 13 cm<br \/>\nKlingenl\u00e4nge: 9 cm<br \/>\nStahl: Edelstahl S35VN<br \/>\nSicherheit: Lockback<br \/>\nGriff: G10 schwarz<\/p>\n<p><strong>Cold Steel<\/strong> ist ein Unternehmen, das sich mit der Herstellung der st\u00e4rksten und sch\u00e4rfsten Messer der Welt besch\u00e4ftigt. In den letzten drei Jahrzehnten stand Cold Steel an der Spitze zahlreicher Innovationen, die die Messerindustrie gepr\u00e4gt haben. Aufeinanderfolgende Erfolge, darunter die Einf\u00fchrung von karierten Kraton\u00ae-Griffen und Tanto-Spitzklingenstilen, haben sich von merkw\u00fcrdigen Merkmalen zu industriellen Markenzeichen f\u00fcr Qualit\u00e4t und Raffinesse entwickelt. Die neue Richtung wurde auch mit der Einf\u00fchrung einzigartiger neuer Stahlklingen wie San Mai III\u00ae und Tri-Ad\u2122 Lock &amp; Lock-Mechanismus f\u00fcr Klappmesser gebrochen. Zum Beispiel wurde das Tri-Ad\u2122-Schloss von keinem Mitbewerber von Cold Steel erreicht und es wurde nicht nachgewiesen, dass es alles \u00fcbertrifft, was sie bisher produziert haben. Selbstverst\u00e4ndlich blickt Cold Steel stets in die Zukunft und ist stets bestrebt, die st\u00e4rksten und sch\u00e4rfsten Messer der Welt herzustellen. Dieses gleicherma\u00dfen schwer fassbare und schwer zu erreichende Ziel ist seit vierzig Jahren dasselbe. Cold Steel Inc. ist ein Unternehmen, das sich auf die Herstellung der st\u00e4rksten und sch\u00e4rfsten Messer, Schwerter, Tomahawks, Macheten, Bestecke und Werkzeuge f\u00fcr den t\u00e4glichen Gebrauch konzentriert: EDC. Cold Steel wurde schnell vom Milit\u00e4r, den Spezialeinheiten der Strafverfolgungsbeh\u00f6rden, Notfallhelfern, Selbstverteidigungsexperten und Mitgliedern der Kampfsportgemeinschaft \u00fcbernommen und machte sich schnell einen Namen f\u00fcr Qualit\u00e4t, St\u00e4rke, Zuverl\u00e4ssigkeit und Zuverl\u00e4ssigkeit beim t\u00e4glichen Tragen (EDC). . Unser vielf\u00e4ltiges und abwechslungsreiches Sortiment wuchs schnell und umfasste nicht nur eine riesige Auswahl an Klappmessern (von kleineren \u201eEDC\u201c-Klingen bis zu unseren legend\u00e4ren riesigen \u201eMega-Foldern\u201c), sondern auch feststehende Klingen, Schwerter, S\u00e4bel, St\u00e4be und Hellebarden sowie Jagdzubeh\u00f6r, Speere, Gewehre, \u00c4xte, Macheten, Tomahawks und Werkzeuge! Im Laufe der Jahrzehnte hat Cold Steel bahnbrechende neue Materialien und Designs eingef\u00fchrt, die die Welt moderner Messer, Blankwaffen und Werkzeuge gepr\u00e4gt haben. Von der Einf\u00fchrung der karierten Kraton\u00ae-Griffe und der \u201eamerikanisierten\u201c Tanto-Klinge bis hin zur Einbeziehung innovativer neuer Klingenst\u00e4hle wie San Mai III\u00ae und bahnbrechender Verriegelungsmechanismen (wie unserem Tri-Ad \u2122 Lock). Wenn wir in die Zukunft blicken, bringt Cold Steel weiterhin neue Ma\u00dfst\u00e4be an Festigkeit, Sicherheit und Leistung auf den Markt und bietet bew\u00e4hrte Produkte, auf die Sie sich jederzeit und \u00fcberall verlassen k\u00f6nnen!<\/p>\n","protected":false},"excerpt":{"rendered":"<div class=\"elementor-element elementor-element-bbb542b elementor-widget elementor-widget-woocommerce-product-short-description\" data-id=\"bbb542b\" data-element_type=\"widget\" data-widget_type=\"woocommerce-product-short-description.default\">\n<div class=\"elementor-widget-container\">\n<div class=\"woocommerce-product-details__short-description\">\n<div class=\"elementor-element elementor-element-bbb542b elementor-widget elementor-widget-woocommerce-product-short-description\" data-id=\"bbb542b\" data-element_type=\"widget\" data-widget_type=\"woocommerce-product-short-description.default\">\n<div class=\"elementor-widget-container\">\n<div class=\"woocommerce-product-details__short-description\">\n<p><strong>Cold Steel<\/strong> Klappmesser mit Sicherheits- und Trageclip.<\/p>\n<p><strong>Kostenloser Transport.<\/strong><\/p>\n<\/div>\n<\/div>\n<\/div>\n<\/div>\n<\/div>\n<\/div>\n","protected":false},"featured_media":335529,"comment_status":"open","ping_status":"closed","template":"","meta":[],"pwb-brand":[3602],"product_brand":[],"product_cat":[3285,3303],"product_tag":[],"class_list":{"0":"post-335528","1":"product","2":"type-product","3":"status-publish","4":"has-post-thumbnail","6":"pwb-brand-kalter-stahl","7":"product_cat-messer","8":"product_cat-schliesmesser","10":"first","11":"instock","12":"taxable","13":"shipping-taxable","14":"purchasable","15":"product-type-simple"},"brands":[{"id":3602,"name":"Kalter Stahl","slug":"kalter-stahl"}],"_links":{"self":[{"href":"https:\/\/www.moskito.cz\/de\/wp-json\/wp\/v2\/product\/335528","targetHints":{"allow":["GET"]}}],"collection":[{"href":"https:\/\/www.moskito.cz\/de\/wp-json\/wp\/v2\/product"}],"about":[{"href":"https:\/\/www.moskito.cz\/de\/wp-json\/wp\/v2\/types\/product"}],"replies":[{"embeddable":true,"href":"https:\/\/www.moskito.cz\/de\/wp-json\/wp\/v2\/comments?post=335528"}],"wp:featuredmedia":[{"embeddable":true,"href":"https:\/\/www.moskito.cz\/de\/wp-json\/wp\/v2\/media\/335529"}],"wp:attachment":[{"href":"https:\/\/www.moskito.cz\/de\/wp-json\/wp\/v2\/media?parent=335528"}],"wp:term":[{"taxonomy":"pwb-brand","embeddable":true,"href":"https:\/\/www.moskito.cz\/de\/wp-json\/wp\/v2\/pwb-brand?post=335528"},{"taxonomy":"product_brand","embeddable":true,"href":"https:\/\/www.moskito.cz\/de\/wp-json\/wp\/v2\/product_brand?post=335528"},{"taxonomy":"product_cat","embeddable":true,"href":"https:\/\/www.moskito.cz\/de\/wp-json\/wp\/v2\/product_cat?post=335528"},{"taxonomy":"product_tag","embeddable":true,"href":"https:\/\/www.moskito.cz\/de\/wp-json\/wp\/v2\/product_tag?post=335528"}],"curies":[{"name":"wp","href":"https:\/\/api.w.org\/{rel}","templated":true}]}}