{"id":335542,"date":"2022-04-16T14:44:59","date_gmt":"2022-04-16T13:44:59","guid":{"rendered":"https:\/\/www.moskito.cz\/produkt\/feststehendes-messer-cold-steel-tiger-karambit\/"},"modified":"2025-05-07T11:12:35","modified_gmt":"2025-05-07T10:12:35","slug":"feststehendes-messer-cold-steel-tiger-karambit","status":"publish","type":"product","link":"https:\/\/www.moskito.cz\/de\/produkt\/feststehendes-messer-cold-steel-tiger-karambit\/","title":{"rendered":"Feststehendes Messer Cold Steel Tiger Karambit"},"content":{"rendered":"<p>Feststehendes Messer <strong>Cold Steel<\/strong> Tiger Karambit<\/p>\n<p>Der Steel Tiger ist eine durch und durch moderne taktische Interpretation des indonesischen Karambit. Der Steel Tiger ist eine Designkooperation zwischen Lynn C. Thompson und dem verstorbenen Messermacher Steven Likarich und wurde entwickelt, um die besten Eigenschaften dieser ikonischen gebogenen Klinge zu nutzen und sie nahtlos in moderne Materialien und Stile zu integrieren. Die tief gebogene und nadelscharfe Edelstahlklinge AUS 8A Steel Tiger ist vakuumw\u00e4rmebehandelt und unter Null geh\u00e4rtet, konisch und stonewashed f\u00fcr maximale Festigkeit, Schnittkraft, Schnitthaltigkeit und Leistung. Der langlebige Griv-Ex-Kerngriff umschlie\u00dft den Griff vollst\u00e4ndig und sorgt so f\u00fcr Halt, eine Daumenablage und einen hervorstehenden Fingerring. Dieser Kern wird dann mit hochwertigem Kray-Ex\u2122 eingespritzt, wodurch ein hervorragender, rutschfester Griff entsteht, der Sie auch bei kalten oder nassen H\u00e4nden nicht im Stich l\u00e4sst. F\u00fcr Sicherheit und Komfort wird der Steel Tiger mit einer Secure-Ex-Scheide im Milit\u00e4rstil geliefert, die an Ihrer Ausr\u00fcstung befestigt oder mit einem abnehmbaren Schuh-\/G\u00fcrtelclip befestigt werden kann.<\/p>\n<p>Gesamtgr\u00f6\u00dfe 222 mm<br \/>\nKlingenl\u00e4nge 120 mm<br \/>\nJapanischer Stahl AUS 8A, Edelstahl mit Stone Washed-Finish<br \/>\nGriffmaterial Griv-Ex\u2122 mit umspritztem Kray-Ex\u2122<br \/>\nKlingenst\u00e4rke 5 mm<br \/>\nGewicht 141,47 g<br \/>\nGriffl\u00e4nge 127 mm<br \/>\nKopfgr\u00f6\u00dfe 0<br \/>\nSecure-Ex\u00ae Mantelmaterial<\/p>\n<p>&nbsp;<\/p>\n<p>Der Steel Tiger ist eine durch und durch moderne taktische Interpretation des indonesischen Karambit. Der Steel Tiger ist eine Designkooperation zwischen Lynn C. Thompson und dem verstorbenen Messermacher Steven Likarich und wurde entwickelt, um alle besten Eigenschaften dieser ikonischen Hakenklinge zu besitzen und sie nahtlos mit modernen Materialien und Stil zu integrieren. Die tief gebogene und nadelscharfe Klinge aus rostfreiem AUS 8A-Stahl des Steel Tiger ist vakuumw\u00e4rmebehandelt und bei Minusgraden abgeschreckt, konisch geschliffen und mit einem Stone-Wash-Finish versehen, um maximale Festigkeit, Schnittkraft, Schnitthaltigkeit und Leistung zu gew\u00e4hrleisten. Der langlebige Griv-Ex-Kerngriff umschlie\u00dft den Erl vollst\u00e4ndig und tritt hervor, um das Kropf, die Daumenablage und den markanten Fingerring zu bilden. Dieser Kern wird dann mit hochwertigem Kray-Ex\u2122 umspritzt, wodurch ein hervorragender, rutschfester Griff entsteht, der Sie auch bei kalten oder nassen H\u00e4nden nicht im Stich l\u00e4sst. F\u00fcr Sicherheit und Komfort wird der Steel Tiger mit einer Secure-Ex-Scheide im Milit\u00e4rstil geliefert, die Sie an Ihrer Ausr\u00fcstung befestigen oder mit dem abnehmbaren Stiefel-\/G\u00fcrtelclip am K\u00f6rper tragen k\u00f6nnen.<\/p>\n","protected":false},"excerpt":{"rendered":"<p>Steel Tiger von COLD STEEL ist ein solides Messer mit glatter Schneide. Es ist eine Neuinterpretation des legend\u00e4ren indonesischen Karambitmessers.<\/p>\n","protected":false},"featured_media":335543,"comment_status":"open","ping_status":"closed","template":"","meta":[],"pwb-brand":[3602],"product_brand":[],"product_cat":[3363,3285],"product_tag":[],"class_list":{"0":"post-335542","1":"product","2":"type-product","3":"status-publish","4":"has-post-thumbnail","6":"pwb-brand-kalter-stahl","7":"product_cat-karambits-de","8":"product_cat-messer","10":"first","11":"instock","12":"taxable","13":"shipping-taxable","14":"purchasable","15":"product-type-simple"},"brands":[{"id":3602,"name":"Kalter Stahl","slug":"kalter-stahl"}],"_links":{"self":[{"href":"https:\/\/www.moskito.cz\/de\/wp-json\/wp\/v2\/product\/335542","targetHints":{"allow":["GET"]}}],"collection":[{"href":"https:\/\/www.moskito.cz\/de\/wp-json\/wp\/v2\/product"}],"about":[{"href":"https:\/\/www.moskito.cz\/de\/wp-json\/wp\/v2\/types\/product"}],"replies":[{"embeddable":true,"href":"https:\/\/www.moskito.cz\/de\/wp-json\/wp\/v2\/comments?post=335542"}],"wp:featuredmedia":[{"embeddable":true,"href":"https:\/\/www.moskito.cz\/de\/wp-json\/wp\/v2\/media\/335543"}],"wp:attachment":[{"href":"https:\/\/www.moskito.cz\/de\/wp-json\/wp\/v2\/media?parent=335542"}],"wp:term":[{"taxonomy":"pwb-brand","embeddable":true,"href":"https:\/\/www.moskito.cz\/de\/wp-json\/wp\/v2\/pwb-brand?post=335542"},{"taxonomy":"product_brand","embeddable":true,"href":"https:\/\/www.moskito.cz\/de\/wp-json\/wp\/v2\/product_brand?post=335542"},{"taxonomy":"product_cat","embeddable":true,"href":"https:\/\/www.moskito.cz\/de\/wp-json\/wp\/v2\/product_cat?post=335542"},{"taxonomy":"product_tag","embeddable":true,"href":"https:\/\/www.moskito.cz\/de\/wp-json\/wp\/v2\/product_tag?post=335542"}],"curies":[{"name":"wp","href":"https:\/\/api.w.org\/{rel}","templated":true}]}}