{"id":335561,"date":"2022-04-18T21:48:38","date_gmt":"2024-04-19T09:22:42","guid":{"rendered":"https:\/\/www.moskito.cz\/produkt\/klappmesser-cold-steel-ultimate-hunter-schwarz-s35vn\/"},"modified":"2025-05-07T11:12:38","modified_gmt":"2025-05-07T10:12:38","slug":"klappmesser-cold-steel-ultimate-hunter-schwarz-s35vn","status":"publish","type":"product","link":"https:\/\/www.moskito.cz\/de\/produkt\/klappmesser-cold-steel-ultimate-hunter-schwarz-s35vn\/","title":{"rendered":"Klappmesser Cold Steel ULTIMATE HUNTER SCHWARZ (S35VN)"},"content":{"rendered":"<p>Klappmesser <strong>Cold Steel<\/strong> ULTIMATE HUNTER SCHWARZ (S35VN)<\/p>\n<p>Das Ultimate Hunter ist eine Designkooperation zwischen dem Messermacher Andrew Demke und Lynn C. Thompson und stellt den H\u00f6hepunkt einer fast dreij\u00e4hrigen Designentwicklung dar. Umfangreiche Feldtests auf 4 Kontinenten \u2013 Ultimate Hunter hat sich immer wieder bew\u00e4hrt! Der Ultimate Hunter besteht aus amerikanischem S35VN-Stahl und wird von Hand zu einem Rasierer geschliffen, der erstaunlich lange h\u00e4lt. Die stark gestrahlten, CNC-gefr\u00e4sten G-10-Griffe sind angenehm glatt und bieten dennoch einen sehr sicheren und sicheren Halt. Ausgestattet mit einem superstarken Tri-Ad-Verriegelungsmechanismus f\u00fcr zus\u00e4tzliche Sicherheit ist das Ultimate Hunter eine reinrassige Jagd-\/Naturklinge, die sich auch hervorragend als Alltagsmesser eignet \u2013 praktisch, funktional und unglaublich leistungsf\u00e4hig!<\/p>\n<p>PRODUKTPARAMETER<br \/>\nGriffl\u00e4nge: 126 mm<br \/>\nSicherungstyp: Tri-Ad Lock<br \/>\nGesamtgr\u00f6\u00dfe: 215 mm<br \/>\nKlingenl\u00e4nge: 89 mm<br \/>\nFarbe: Schwarz\/Silber<br \/>\nStahl: CPM-S35VN<br \/>\nGewicht: 139 g<br \/>\nGriffmaterial: 3D-bearbeitetes G-10<br \/>\nKlingenst\u00e4rke: 3,5 mm<\/p>\n<p>Das Ultimate Hunter ist eine Designkooperation zwischen den Messermachern Andrew Demko und Lynn C. Thompson und stellt den H\u00f6hepunkt einer fast dreij\u00e4hrigen Designentwicklung dar. Ausgiebig auf 4 Kontinenten getestet \u2013 der Ultimate Hunter hat sich immer wieder bew\u00e4hrt! Der Ultimate Hunter besteht aus amerikanischem S35VN-Stahl und wird von Hand auf eine Rasierklinge geschliffen, die erstaunlich lange h\u00e4lt. Die stark perlgestrahlten, CNC-gefr\u00e4sten G-10-Griffe sind angenehm glatt und bieten dennoch einen sehr sicheren und sicheren Halt. Ausgestattet mit einem superstarken Tri-Ad-Verriegelungsmechanismus f\u00fcr zus\u00e4tzliche Sicherheit ist das Ultimate Hunter eine reinrassige Jagd-\/Naturklinge, die sich auch hervorragend als Alltagsmesser eignet \u2013 praktisch, funktional und unglaublich leistungsf\u00e4hig!<\/p>\n<p>Gewicht: 4,9 Unzen Klingenst\u00e4rke: 3,5 mm Klingenl\u00e4nge: 3-1\/2&#8243; Klingenstahl: Amerikanischer S35VN Griffl\u00e4nge\/Material: 5&#8243; 3D-bearbeitetes G-10 Gesamtl\u00e4nge: 8-1\/2&#8243; Zus\u00e4tzliche Funktionen: Beidh\u00e4ndig verwendbare Tasche \/ G\u00fcrtelclip-Messertyp: Folder Klingenl\u00e4ngenbereich: 3\u20135 Zoll Stahlfamilie: CPM Klingenform: Drop Point Verriegelungsmechanismus: Tri-Ad Lock<\/p>\n","protected":false},"excerpt":{"rendered":"<p>COLD STEEL Ultimate Hunter ist ein Jagd-Klappmesser f\u00fcr den t\u00e4glichen Gebrauch. Das Material und die Verarbeitung von Klinge und 3D-Griff machen das Ultimate Hunter zu einem au\u00dfergew\u00f6hnlichen Messer.<\/p>\n","protected":false},"featured_media":335562,"comment_status":"open","ping_status":"closed","template":"","meta":[],"pwb-brand":[3602],"product_brand":[],"product_cat":[3285,3303],"product_tag":[],"class_list":{"0":"post-335561","1":"product","2":"type-product","3":"status-publish","4":"has-post-thumbnail","6":"pwb-brand-kalter-stahl","7":"product_cat-messer","8":"product_cat-schliesmesser","10":"first","11":"outofstock","12":"taxable","13":"shipping-taxable","14":"purchasable","15":"product-type-simple"},"brands":[{"id":3602,"name":"Kalter Stahl","slug":"kalter-stahl"}],"_links":{"self":[{"href":"https:\/\/www.moskito.cz\/de\/wp-json\/wp\/v2\/product\/335561","targetHints":{"allow":["GET"]}}],"collection":[{"href":"https:\/\/www.moskito.cz\/de\/wp-json\/wp\/v2\/product"}],"about":[{"href":"https:\/\/www.moskito.cz\/de\/wp-json\/wp\/v2\/types\/product"}],"replies":[{"embeddable":true,"href":"https:\/\/www.moskito.cz\/de\/wp-json\/wp\/v2\/comments?post=335561"}],"wp:featuredmedia":[{"embeddable":true,"href":"https:\/\/www.moskito.cz\/de\/wp-json\/wp\/v2\/media\/335562"}],"wp:attachment":[{"href":"https:\/\/www.moskito.cz\/de\/wp-json\/wp\/v2\/media?parent=335561"}],"wp:term":[{"taxonomy":"pwb-brand","embeddable":true,"href":"https:\/\/www.moskito.cz\/de\/wp-json\/wp\/v2\/pwb-brand?post=335561"},{"taxonomy":"product_brand","embeddable":true,"href":"https:\/\/www.moskito.cz\/de\/wp-json\/wp\/v2\/product_brand?post=335561"},{"taxonomy":"product_cat","embeddable":true,"href":"https:\/\/www.moskito.cz\/de\/wp-json\/wp\/v2\/product_cat?post=335561"},{"taxonomy":"product_tag","embeddable":true,"href":"https:\/\/www.moskito.cz\/de\/wp-json\/wp\/v2\/product_tag?post=335561"}],"curies":[{"name":"wp","href":"https:\/\/api.w.org\/{rel}","templated":true}]}}