{"id":335574,"date":"2022-04-20T20:31:55","date_gmt":"2022-04-20T19:31:55","guid":{"rendered":"https:\/\/www.moskito.cz\/produkt\/cold-steel-kudu-lite-klappmesser\/"},"modified":"2025-05-07T11:12:39","modified_gmt":"2025-05-07T10:12:39","slug":"cold-steel-kudu-lite-klappmesser","status":"publish","type":"product","link":"https:\/\/www.moskito.cz\/de\/produkt\/cold-steel-kudu-lite-klappmesser\/","title":{"rendered":"Cold Steel KUDU LITE Klappmesser"},"content":{"rendered":"<p><strong>Cold Steel<\/strong> KUDU LITE Klappmesser<\/p>\n<p>Neu f\u00fcr 2020 \u2013 Wir freuen uns, das Kudu Lite-Modell vorstellen zu k\u00f6nnen, das noch erschwinglicher ist und in jeder Hinsicht unserem klassischen Kudu-Ringmesser \u00e4hnelt, au\u00dfer dass es wie bei einem klassischen Taschenmesser auf einer robusten Feder basiert, um die Klinge offen zu halten Messer mit Gleitgelenk.<\/p>\n<p>PRODUKTPARAMETER<br \/>\nGesamtgr\u00f6\u00dfe: 254 mm<br \/>\nFarbe: Schwarz\/Silber<br \/>\nGriffl\u00e4nge: 146 mm<br \/>\nKlingenst\u00e4rke: 2 mm<br \/>\nGriffmaterial: Long Zy-Ex\u2122<br \/>\nStahl: 5Cr15MoV<br \/>\nSicherungstyp: Ringsicherung<br \/>\nKlingenl\u00e4nge: 107 mm<br \/>\nGewicht: 78 g<\/p>\n<p>&nbsp;<\/p>\n","protected":false},"excerpt":{"rendered":"<p><strong>Cold Steel Kudu Lite ist ein leichtes Klappmesser f\u00fcr den t\u00e4glichen Gebrauch. Dies ist eine Nachbildung des alten afrikanischen Akapi-Messers.<\/strong><\/p>\n","protected":false},"featured_media":335575,"comment_status":"open","ping_status":"closed","template":"","meta":[],"pwb-brand":[3602],"product_brand":[],"product_cat":[3303,3285],"product_tag":[],"class_list":{"0":"post-335574","1":"product","2":"type-product","3":"status-publish","4":"has-post-thumbnail","6":"pwb-brand-kalter-stahl","7":"product_cat-schliesmesser","8":"product_cat-messer","10":"first","11":"instock","12":"taxable","13":"shipping-taxable","14":"purchasable","15":"product-type-simple"},"brands":[{"id":3602,"name":"Kalter Stahl","slug":"kalter-stahl"}],"_links":{"self":[{"href":"https:\/\/www.moskito.cz\/de\/wp-json\/wp\/v2\/product\/335574","targetHints":{"allow":["GET"]}}],"collection":[{"href":"https:\/\/www.moskito.cz\/de\/wp-json\/wp\/v2\/product"}],"about":[{"href":"https:\/\/www.moskito.cz\/de\/wp-json\/wp\/v2\/types\/product"}],"replies":[{"embeddable":true,"href":"https:\/\/www.moskito.cz\/de\/wp-json\/wp\/v2\/comments?post=335574"}],"wp:featuredmedia":[{"embeddable":true,"href":"https:\/\/www.moskito.cz\/de\/wp-json\/wp\/v2\/media\/335575"}],"wp:attachment":[{"href":"https:\/\/www.moskito.cz\/de\/wp-json\/wp\/v2\/media?parent=335574"}],"wp:term":[{"taxonomy":"pwb-brand","embeddable":true,"href":"https:\/\/www.moskito.cz\/de\/wp-json\/wp\/v2\/pwb-brand?post=335574"},{"taxonomy":"product_brand","embeddable":true,"href":"https:\/\/www.moskito.cz\/de\/wp-json\/wp\/v2\/product_brand?post=335574"},{"taxonomy":"product_cat","embeddable":true,"href":"https:\/\/www.moskito.cz\/de\/wp-json\/wp\/v2\/product_cat?post=335574"},{"taxonomy":"product_tag","embeddable":true,"href":"https:\/\/www.moskito.cz\/de\/wp-json\/wp\/v2\/product_tag?post=335574"}],"curies":[{"name":"wp","href":"https:\/\/api.w.org\/{rel}","templated":true}]}}