{"id":335592,"date":"2021-07-23T11:42:43","date_gmt":"2024-04-19T09:33:53","guid":{"rendered":"https:\/\/www.moskito.cz\/produkt\/cold-steel-code-4-spear-point-klappmesser\/"},"modified":"2025-05-07T11:12:40","modified_gmt":"2025-05-07T10:12:40","slug":"cold-steel-code-4-spear-point-klappmesser","status":"publish","type":"product","link":"https:\/\/www.moskito.cz\/de\/produkt\/cold-steel-code-4-spear-point-klappmesser\/","title":{"rendered":"Cold Steel Code 4 Spear Point Klappmesser"},"content":{"rendered":"<p><strong>Cold Steel<\/strong> Code 4 Spear Point Klappmesser.<\/p>\n<p>W\u00e4hrend der Entwicklung von <strong>Cold Steel<\/strong>  Code 4 war unser Ziel, ein ultrad\u00fcnnes, ultraleichtes und hochfunktionales Allzweckmesser zu entwickeln, das sich wie ein Spielzeug anf\u00fchlt. Es ist sehr beruhigend zu wissen, dass man ein gutes Messer bei sich tr\u00e4gt, und viele unserer Freunde aus der Polizei erz\u00e4hlen, dass sie immer auf der Suche nach diesem zuverl\u00e4ssigen, leichten Messer sind, das zu einem festen Bestandteil ihres Alltags werden kann. Wir glauben Unser Codex 4 ist dazu bestimmt, dieses Messer zu werden! Es wird Ihre Uniform nicht beschweren oder unn\u00f6tig auftragen. Es ist eine Freude, es zu tragen, sodass Sie es immer zur Hand haben, wenn Sie es brauchen! Jedes Code 4 ist in verschiedenen Klingenkonfigurationen mit doppelseitigen Taschenclips und Daumenpins erh\u00e4ltlich und verf\u00fcgt \u00fcber einen stabilen Griff, unseren weltber\u00fchmten Tri-Ad-Verriegelungsmechanismus und eine hochsatinierte S35VN-Klinge.<\/p>\n<p>Klingenmaterial: CPM-S35VN<br \/>\nKlingenl\u00e4nge: 89 mm<br \/>\nKlingenst\u00e4rke: 3,5 mm<br \/>\nGesamtl\u00e4nge: 216 mm<br \/>\nGewicht: 122 g<br \/>\nGriffmaterial: Dural 6061, schwarze Farbe<br \/>\nSicherheit: R\u00fcckenverriegelung<\/p>\n<p><strong>Cold Steel<\/strong> ist ein Unternehmen, das sich mit der Herstellung der st\u00e4rksten und sch\u00e4rfsten Messer der Welt besch\u00e4ftigt. In den letzten drei Jahrzehnten stand Cold Steel an der Spitze zahlreicher Innovationen, die die Messerindustrie gepr\u00e4gt haben. Aufeinanderfolgende Erfolge, darunter die Einf\u00fchrung von karierten Kraton\u00ae-Griffen und Tanto-Spitzklingenstilen, haben sich von merkw\u00fcrdigen Merkmalen zu industriellen Markenzeichen f\u00fcr Qualit\u00e4t und Raffinesse entwickelt. Die neue Richtung wurde auch mit der Einf\u00fchrung einzigartiger neuer Stahlklingen wie San Mai III\u00ae und Tri-Ad\u2122 Lock &amp; Lock-Mechanismus f\u00fcr Klappmesser gebrochen. Zum Beispiel wurde das Tri-Ad\u2122-Schloss von keinem Mitbewerber von Cold Steel erreicht und es wurde nicht nachgewiesen, dass es alles \u00fcbertrifft, was sie bisher produziert haben. Selbstverst\u00e4ndlich blickt Cold Steel stets in die Zukunft und ist stets bestrebt, die st\u00e4rksten und sch\u00e4rfsten Messer der Welt herzustellen. Dieses gleicherma\u00dfen schwer fassbare und schwer zu erreichende Ziel ist seit vierzig Jahren dasselbe. Cold Steel Inc. ist ein Unternehmen, das sich auf die Herstellung der st\u00e4rksten und sch\u00e4rfsten Messer, Schwerter, Tomahawks, Macheten, Bestecke und Werkzeuge f\u00fcr den t\u00e4glichen Gebrauch konzentriert: EDC. Cold Steel wurde schnell vom Milit\u00e4r, den Spezialeinheiten der Strafverfolgungsbeh\u00f6rden, Notfallhelfern, Selbstverteidigungsexperten und Mitgliedern der Kampfsportgemeinschaft \u00fcbernommen und machte sich schnell einen Namen f\u00fcr Qualit\u00e4t, St\u00e4rke, Zuverl\u00e4ssigkeit und Zuverl\u00e4ssigkeit beim t\u00e4glichen Tragen (EDC). . Unser vielf\u00e4ltiges und abwechslungsreiches Sortiment wuchs schnell und umfasste nicht nur eine riesige Auswahl an Klappmessern (von kleineren \u201eEDC\u201c-Klingen bis zu unseren legend\u00e4ren riesigen \u201eMega-Foldern\u201c), sondern auch feststehende Klingen, Schwerter, S\u00e4bel, St\u00e4be und Hellebarden sowie Jagdzubeh\u00f6r, Speere, Gewehre, \u00c4xte, Macheten, Tomahawks und Werkzeuge! Im Laufe der Jahrzehnte hat Cold Steel bahnbrechende neue Materialien und Designs eingef\u00fchrt, die die Welt moderner Messer, Blankwaffen und Werkzeuge gepr\u00e4gt haben. Von der Einf\u00fchrung der karierten Kraton\u00ae-Griffe und der \u201eamerikanisierten\u201c Tanto-Klinge bis hin zur Einbeziehung innovativer neuer Klingenst\u00e4hle wie San Mai III\u00ae und bahnbrechender Verriegelungsmechanismen (wie unserem Tri-Ad \u2122 Lock). Wenn wir in die Zukunft blicken, bringt Cold Steel weiterhin neue Ma\u00dfst\u00e4be an Festigkeit, Sicherheit und Leistung auf den Markt und bietet bew\u00e4hrte Produkte, auf die Sie sich jederzeit und \u00fcberall verlassen k\u00f6nnen!<\/p>\n<p>Bei der Entwicklung des Cold Steel Code 4 war es unser Ziel, ein ultrad\u00fcnnes, ultraleichtes und hochfunktionales Allzweckmesser zu schaffen, das sich leicht tragen l\u00e4sst. Es ist ein gro\u00dfer Trost, wenn man wei\u00df, dass man ein gutes Messer bei sich tr\u00e4gt, und viele unserer Freunde in der Strafverfolgung erz\u00e4hlen, dass sie immer auf der Suche nach einer zuverl\u00e4ssigen, leichten Klinge sind, die zu einem festen Bestandteil ihrer t\u00e4glichen Arbeit werden kann .Wir glauben, dass unser Code 4 dazu bestimmt ist, dieses Messer zu werden! Es wird Ihre Uniform nicht beschweren oder unn\u00f6tig auftragen. Es ist ein Vergn\u00fcgen, es zu tragen, sodass es immer da ist, wenn Sie es brauchen! Jedes Code 4 ist in verschiedenen Klingenkonfigurationen mit beidh\u00e4ndigen Taschenclips und Daumenpins erh\u00e4ltlich und verf\u00fcgt \u00fcber robuste, hartanodisierte Griffe aus 6061-Aluminium in Gun-Metal-Grau, unseren weltber\u00fchmten Tri-Ad-Verriegelungsmechanismus und hochsatiniert poliertes, messerscharfes S35VN Klingen.<\/p>\n<p>Gewicht: 4,3 Unzen. Klingenst\u00e4rke: 3,5 mm Typ: Ordnerklingenl\u00e4ngenbereich: 3\u20135 Zoll Stahlfamilie: CPM Klingenform: Clip-Point-Verriegelungsmechanismus: Tri-Ad Lock Produktfamilie: Code 4<\/p>\n","protected":false},"excerpt":{"rendered":"<p>Code 4 Clip-Punkt. Plain Edge von COLD STEEL ist ein sehr leichtes und sehr starkes Klappmesser mit glatter Klinge. Code 4 ist ein Messer f\u00fcr alle, die im privaten Sicherheitsdienst oder bei der Bundeswehr arbeiten.<\/p>\n","protected":false},"featured_media":335593,"comment_status":"open","ping_status":"closed","template":"","meta":[],"pwb-brand":[3602],"product_brand":[],"product_cat":[3285,3303],"product_tag":[],"class_list":{"0":"post-335592","1":"product","2":"type-product","3":"status-publish","4":"has-post-thumbnail","6":"pwb-brand-kalter-stahl","7":"product_cat-messer","8":"product_cat-schliesmesser","10":"first","11":"instock","12":"taxable","13":"shipping-taxable","14":"purchasable","15":"product-type-simple"},"brands":[{"id":3602,"name":"Kalter Stahl","slug":"kalter-stahl"}],"_links":{"self":[{"href":"https:\/\/www.moskito.cz\/de\/wp-json\/wp\/v2\/product\/335592","targetHints":{"allow":["GET"]}}],"collection":[{"href":"https:\/\/www.moskito.cz\/de\/wp-json\/wp\/v2\/product"}],"about":[{"href":"https:\/\/www.moskito.cz\/de\/wp-json\/wp\/v2\/types\/product"}],"replies":[{"embeddable":true,"href":"https:\/\/www.moskito.cz\/de\/wp-json\/wp\/v2\/comments?post=335592"}],"wp:featuredmedia":[{"embeddable":true,"href":"https:\/\/www.moskito.cz\/de\/wp-json\/wp\/v2\/media\/335593"}],"wp:attachment":[{"href":"https:\/\/www.moskito.cz\/de\/wp-json\/wp\/v2\/media?parent=335592"}],"wp:term":[{"taxonomy":"pwb-brand","embeddable":true,"href":"https:\/\/www.moskito.cz\/de\/wp-json\/wp\/v2\/pwb-brand?post=335592"},{"taxonomy":"product_brand","embeddable":true,"href":"https:\/\/www.moskito.cz\/de\/wp-json\/wp\/v2\/product_brand?post=335592"},{"taxonomy":"product_cat","embeddable":true,"href":"https:\/\/www.moskito.cz\/de\/wp-json\/wp\/v2\/product_cat?post=335592"},{"taxonomy":"product_tag","embeddable":true,"href":"https:\/\/www.moskito.cz\/de\/wp-json\/wp\/v2\/product_tag?post=335592"}],"curies":[{"name":"wp","href":"https:\/\/api.w.org\/{rel}","templated":true}]}}