{"id":335631,"date":"2022-11-02T19:58:41","date_gmt":"2022-11-02T18:58:41","guid":{"rendered":"https:\/\/www.moskito.cz\/produkt\/klappmesser-cold-steel-black-talon-ii-s35vn\/"},"modified":"2025-05-07T11:12:43","modified_gmt":"2025-05-07T10:12:43","slug":"klappmesser-cold-steel-black-talon-ii-s35vn","status":"publish","type":"product","link":"https:\/\/www.moskito.cz\/de\/produkt\/klappmesser-cold-steel-black-talon-ii-s35vn\/","title":{"rendered":"Klappmesser Cold Steel BLACK TALON II (S35VN)"},"content":{"rendered":"<p>Klappmesser <strong>Cold Steel<\/strong> BLACK TALON II (S35VN)<\/p>\n<p>Das Black Talon II ist eine Designkooperation zwischen Cold Steel-Pr\u00e4sidentin Lynn C. Thompson und dem Messermacher Andrew Demke und ein modernes Meisterwerk! Es handelt sich um eine nadelscharfe Zick-Zack-Klinge, die immer noch die charakteristische nach unten gebogene Spitze und den markanten Bauch des Originals aufweist, aber mit dem brandneuen, erstklassigen amerikanischen S35VN-Superstahl und einer neu gestalteten Spitze f\u00fcr mehr Festigkeit und Haltbarkeit. Hochwertige, strukturierte G10-Schalen bieten maximalen Halt und Halt auch bei K\u00e4lte oder N\u00e4sse und schonen gleichzeitig Ihre Kleidung, wenn Sie sie aus der Tasche ziehen.<\/p>\n<p>Der Kontrast zwischen den dunkelschwarzen Schuppen und der wundersch\u00f6nen, satt satinierten Klinge unterstreicht das Flair und den Stil dieses gut aussehenden und eleganten Bauteils zus\u00e4tzlich. Dieses schlanke, leichte und auff\u00e4llige Messer ist mit unserem leistungsstarken Tri-Ad-Verriegelungsmechanismus f\u00fcr zus\u00e4tzliche Sicherheit und St\u00e4rke ausgestattet und wird mit Sicherheit ein fester Bestandteil jeder Sammlung sein!<\/p>\n<p>PRODUKTPARAMETER<br \/>\nKlingenl\u00e4nge: 101 mm<br \/>\nFarbe: Schwarz\/Silber<br \/>\nGriffl\u00e4nge: 139 mm<br \/>\nGesamtgr\u00f6\u00dfe: 241 mm<br \/>\nGriffmaterial: Langes G-10<br \/>\nStahl: S35VN<br \/>\nKlingenst\u00e4rke: 3,5 mm<br \/>\nGewicht: 136,07 g<\/p>\n","protected":false},"excerpt":{"rendered":"<p>Das Black Talon II Serrated Edge von Cold Steel ist ein Klappmesser mit einer bedrohlich geschwungenen Klinge.<\/p>\n","protected":false},"featured_media":335632,"comment_status":"open","ping_status":"closed","template":"","meta":[],"pwb-brand":[3602],"product_brand":[],"product_cat":[3303,3285],"product_tag":[],"class_list":{"0":"post-335631","1":"product","2":"type-product","3":"status-publish","4":"has-post-thumbnail","6":"pwb-brand-kalter-stahl","7":"product_cat-schliesmesser","8":"product_cat-messer","10":"first","11":"instock","12":"taxable","13":"shipping-taxable","14":"purchasable","15":"product-type-simple"},"brands":[{"id":3602,"name":"Kalter Stahl","slug":"kalter-stahl"}],"_links":{"self":[{"href":"https:\/\/www.moskito.cz\/de\/wp-json\/wp\/v2\/product\/335631","targetHints":{"allow":["GET"]}}],"collection":[{"href":"https:\/\/www.moskito.cz\/de\/wp-json\/wp\/v2\/product"}],"about":[{"href":"https:\/\/www.moskito.cz\/de\/wp-json\/wp\/v2\/types\/product"}],"replies":[{"embeddable":true,"href":"https:\/\/www.moskito.cz\/de\/wp-json\/wp\/v2\/comments?post=335631"}],"wp:featuredmedia":[{"embeddable":true,"href":"https:\/\/www.moskito.cz\/de\/wp-json\/wp\/v2\/media\/335632"}],"wp:attachment":[{"href":"https:\/\/www.moskito.cz\/de\/wp-json\/wp\/v2\/media?parent=335631"}],"wp:term":[{"taxonomy":"pwb-brand","embeddable":true,"href":"https:\/\/www.moskito.cz\/de\/wp-json\/wp\/v2\/pwb-brand?post=335631"},{"taxonomy":"product_brand","embeddable":true,"href":"https:\/\/www.moskito.cz\/de\/wp-json\/wp\/v2\/product_brand?post=335631"},{"taxonomy":"product_cat","embeddable":true,"href":"https:\/\/www.moskito.cz\/de\/wp-json\/wp\/v2\/product_cat?post=335631"},{"taxonomy":"product_tag","embeddable":true,"href":"https:\/\/www.moskito.cz\/de\/wp-json\/wp\/v2\/product_tag?post=335631"}],"curies":[{"name":"wp","href":"https:\/\/api.w.org\/{rel}","templated":true}]}}