{"id":335636,"date":"2023-03-26T08:36:04","date_gmt":"2024-04-19T09:51:00","guid":{"rendered":"https:\/\/www.moskito.cz\/produkt\/cold-steel-range-boss-klappmesser-von-green\/"},"modified":"2025-05-07T11:12:43","modified_gmt":"2025-05-07T10:12:43","slug":"cold-steel-range-boss-klappmesser-von-green","status":"publish","type":"product","link":"https:\/\/www.moskito.cz\/de\/produkt\/cold-steel-range-boss-klappmesser-von-green\/","title":{"rendered":"Cold Steel RANGE BOSS Klappmesser VON GREEN"},"content":{"rendered":"<p><strong>Cold Steel<\/strong> RANGE BOSS Klappmesser VON GREEN<\/p>\n<p>Egal, ob Sie in Manhattan ein Taxi fahren oder in Montana reiten, wir sind sicher, dass Sie unseren Range Boss zu sch\u00e4tzen wissen. Es ist so konzipiert, dass es den ganzen Tag \u00fcber in der Tasche oder an der H\u00fcfte getragen werden kann, ist leicht und einfach zu tragen. Es nimmt nicht viel Platz ein und kann praktisch unbemerkt mitgef\u00fchrt werden, bis Sie es \u00f6ffnen. Die Klinge des Range Boss ist flach geschliffen und hat eine d\u00fcnne Kante, die so scharf ist, dass Sie staunen werden. Es ist stonewashed, um Rost zu widerstehen, und seine Vielseitigkeit macht es zu einem verdammt guten H\u00e4utungsmesser, ganz zu schweigen von der Essenszubereitung. Der Griff aus glasfaserverst\u00e4rktem Nylon ist f\u00fcr einen guten Halt mit einem Punktmuster strukturiert und verf\u00fcgt \u00fcber die bekannte Tri-Ad\u00ae-Verriegelung f\u00fcr \u00fcberragende Festigkeit.<\/p>\n<p>Beschreibung:<\/p>\n<p>Gesamtgr\u00f6\u00dfe: 235 mm<br \/>\nKlingenl\u00e4nge: 101 mm<br \/>\nKlingenst\u00e4rke: 3,5 mm<br \/>\nGriffl\u00e4nge: 134 mm<br \/>\nStahlmaterial:<br \/>\n4034SS-Stahl<br \/>\nGriffmaterial: Long Zy-Ex, gr\u00fcn<br \/>\nSicherheit: Tri-Ad Lock<br \/>\nGewicht: 96 g<\/p>\n","protected":false},"excerpt":{"rendered":"<p><strong>Das Range Boss ist ein Klappmesser mit glatter Klinge und flachem Schliff. Es handelt sich um ein klassisches EDC, also ein Messer f\u00fcr den Alltag. Ein relativ gro\u00dfes, aber angenehm leichtes Arbeitsger\u00e4t.<\/strong><\/p>\n","protected":false},"featured_media":335637,"comment_status":"open","ping_status":"closed","template":"","meta":[],"pwb-brand":[3602],"product_brand":[],"product_cat":[3285,3303],"product_tag":[],"class_list":{"0":"post-335636","1":"product","2":"type-product","3":"status-publish","4":"has-post-thumbnail","6":"pwb-brand-kalter-stahl","7":"product_cat-messer","8":"product_cat-schliesmesser","10":"first","11":"instock","12":"taxable","13":"shipping-taxable","14":"purchasable","15":"product-type-simple"},"brands":[{"id":3602,"name":"Kalter Stahl","slug":"kalter-stahl"}],"_links":{"self":[{"href":"https:\/\/www.moskito.cz\/de\/wp-json\/wp\/v2\/product\/335636","targetHints":{"allow":["GET"]}}],"collection":[{"href":"https:\/\/www.moskito.cz\/de\/wp-json\/wp\/v2\/product"}],"about":[{"href":"https:\/\/www.moskito.cz\/de\/wp-json\/wp\/v2\/types\/product"}],"replies":[{"embeddable":true,"href":"https:\/\/www.moskito.cz\/de\/wp-json\/wp\/v2\/comments?post=335636"}],"wp:featuredmedia":[{"embeddable":true,"href":"https:\/\/www.moskito.cz\/de\/wp-json\/wp\/v2\/media\/335637"}],"wp:attachment":[{"href":"https:\/\/www.moskito.cz\/de\/wp-json\/wp\/v2\/media?parent=335636"}],"wp:term":[{"taxonomy":"pwb-brand","embeddable":true,"href":"https:\/\/www.moskito.cz\/de\/wp-json\/wp\/v2\/pwb-brand?post=335636"},{"taxonomy":"product_brand","embeddable":true,"href":"https:\/\/www.moskito.cz\/de\/wp-json\/wp\/v2\/product_brand?post=335636"},{"taxonomy":"product_cat","embeddable":true,"href":"https:\/\/www.moskito.cz\/de\/wp-json\/wp\/v2\/product_cat?post=335636"},{"taxonomy":"product_tag","embeddable":true,"href":"https:\/\/www.moskito.cz\/de\/wp-json\/wp\/v2\/product_tag?post=335636"}],"curies":[{"name":"wp","href":"https:\/\/api.w.org\/{rel}","templated":true}]}}