{"id":335677,"date":"2023-06-28T19:22:09","date_gmt":"2024-04-19T09:59:44","guid":{"rendered":"https:\/\/www.moskito.cz\/produkt\/spyderco-stretch-2xl-leichtes-c258psbk-klappmesser\/"},"modified":"2025-05-07T11:12:46","modified_gmt":"2025-05-07T10:12:46","slug":"spyderco-stretch-2xl-leichtes-c258psbk-klappmesser","status":"publish","type":"product","link":"https:\/\/www.moskito.cz\/de\/produkt\/spyderco-stretch-2xl-leichtes-c258psbk-klappmesser\/","title":{"rendered":"Spyderco Stretch 2XL Leichtes C258PSBK Klappmesser"},"content":{"rendered":"<p>Spyderco Stretch 2XL Leichtes C258PSBK Klappmesser<\/p>\n<p>Der Stretch 2 XL Lightweight von Spyderco ist das n\u00e4chste Kapitel einer Geschichte, die vor Jahrzehnten begann. Seine lange, reiche Geschichte begann mit der Konzentration auf die Bed\u00fcrfnisse von J\u00e4gern und Naturliebhabern; Aber sein Design hat sich weit \u00fcber diesen Bereich hinaus weiterentwickelt und ist zu einem der leistungsf\u00e4higsten Allzweck-Klappmesser in unserem Sortiment geworden.<\/p>\n<p>Die Wurzeln dieser Geschichte liegen im Jahr 1983, als Spyderco-Mitbegr\u00fcnder Sal Glesser den C03 Hunter entwickelte. Es war das erste CLIPIT-Messer mit einer versenkten Klingenspitze \u2013 ein Stil, der von vielen Naturliebhabern f\u00fcr die Wildverarbeitung bevorzugt wird. Wie alle fr\u00fchen Spyderco-Modelle verf\u00fcgte das Hunter \u00fcber eine Klinge aus GIN-1-Edelstahl, einen genieteten Edelstahlgriff, einen robusten Verriegelungsmechanismus und einen Clip mit einer einzigen Position, der f\u00fcr das Tragen mit der Spitze nach unten konfiguriert ist. Es wurden sowohl Rechts- als auch Linksh\u00e4nderversionen hergestellt, und beide waren mit PlainEdge- und SpyderEdge-Paddeln erh\u00e4ltlich.<\/p>\n<p>Im Jahr 1991 wurde das Hunter-Design aktualisiert, um der Klinge etwas mehr \u201eBauch\u201c zu verleihen und Kraton-Eins\u00e4tze in Griff und Clip einzubauen, um einen sichereren Halt unter schwierigen Feldbedingungen zu gew\u00e4hrleisten. Durch diese \u00c4nderungen entstand urspr\u00fcnglich der C13 Pro-Hunter, aber da dieser Name bereits von einem anderen Unternehmen verwendet wurde, wurde er sp\u00e4ter in ProVenator ge\u00e4ndert (venator bedeutet auf Lateinisch \u201eJ\u00e4ger\u201c). Um das Gewicht des Messers zu reduzieren und es erschwinglicher zu machen, wurde 1994 das ProVenator-Design mit einem leichten Griff aus glasfaserverst\u00e4rktem Nylon (FRN) mit Kraton-Einsatz und einem integrierten Clip zum zusammenklappen des Tragens entwickelt. Urspr\u00fcnglich hie\u00df dieses Modell ProVenator Lightweight, aber da der Begriff \u201eVenator\u201c auf dem Mainstream-Markt nicht sehr bekannt war, wurde es sp\u00e4ter in C33 ProGrip umbenannt.<\/p>\n<p>1999 wurden C13 und C33 zum C13 ProGrip zusammengefasst, der weiterhin wahlweise mit Edelstahl- oder FRN-Griffen erh\u00e4ltlich war. In den fr\u00fchen 2000er-Jahren wurden beide Versionen aus verschiedenen Klingenst\u00e4hlen hergestellt und sowohl in der PlainEdge- als auch in der CombinationEdge-Konfiguration angeboten.<\/p>\n<p>Im Jahr 2004 wurde der ProGrip eingestellt und das erste Stretch-Modell eingef\u00fchrt. Wie der Name schon sagt, handelte es sich hierbei um eine \u201eerweiterte\u201c Version des ProGrip-Designs. Der Stretch ist insgesamt 17 Prozent gr\u00f6\u00dfer und hat eine 24 Prozent l\u00e4ngere Klinge als der ProGrip. Urspr\u00fcnglich war er mit einem Griff aus Edelstahl, Kraton-Spiegeleins\u00e4tzen auf beiden Seiten, einem Taschenclip mit vier Positionen und VG-10-Edelstahl ausgestattet. Klinge. Im Jahr 2006 wurde diese Version eingestellt und ein Jahr sp\u00e4ter durch Stretch mit Carbon-Schalen und ultrahochkohlenstoffhaltiger ZDP-189-Klinge ersetzt. Im Gegensatz zu den Modellen Hunter, Pro-Hunter, ProVenator und ProGrip, die alle hohlgeschliffene Klingen hatten, markierte das raffinierte Stretch-Design auch den \u00dcbergang zu einem vollst\u00e4ndig flachen Schliff.<\/p>\n<p>In Anlehnung an seine Vorg\u00e4nger wurde das Stretch-Muster 2009 in einer g\u00fcnstigeren, leichten Version mit einem spritzgegossenen FRN-Griff, einer \u00e4u\u00dferst griffigen bidirektionalen Textur, skelettierten Edelstahleins\u00e4tzen und einem Taschenclip mit vier Positionen pr\u00e4sentiert. Das Stretch Lightweight wurde urspr\u00fcnglich mit einer Klinge aus VG-10-Edelstahl angeboten, inspirierte aber bald zu anderen Varianten, darunter eine mit einer Klinge aus ultrahartem Kohlenstoff ZDP-189 und einem FRN-Griff in British Racing Green.<\/p>\n<p>Im Jahr 2015 ging Sal Glesser zur\u00fcck ans Zeichenbrett und gestaltete den Stretch neu, um seinen Griff etwas zu verl\u00e4ngern, die Ergonomie zu verbessern und die F\u00e4higkeiten des Zeigefingers zu vertiefen. Zusammengenommen erh\u00f6hen diese subtilen \u00c4nderungen die Kontrolle des Benutzers \u00fcber das Messer und machen es noch besser f\u00fcr den allgemeinen Gebrauch geeignet. Das als Stretch 2 bezeichnete Design wurde urspr\u00fcnglich mit vollst\u00e4ndig skelettierten Edelstahleins\u00e4tzen und G-10-Sch\u00e4lschalen angeboten und wurde auch von leichten Versionen mit Klingen aus Standard-Edelstahl und Hochleistungs-Werkzeugstahl inspiriert. Bei einigen Versionen des Stretch 2 wurde auch die charakteristische Drop-Tip-Klinge durch ein Profil mit \u201egerader Spitze\u201c ersetzt, das den klassischen Designstil von Spyderco widerspiegelt und durch die Bereitstellung einer sch\u00e4rferen Spitze erweiterte, vielseitige Funktionen unterst\u00fctzt.<\/p>\n<p>Im Laufe dieses Entwicklungsprozesses haben wir zus\u00e4tzlich zu den vielen oben beschriebenen Versionen der Hauptproduktlinie auch eine breite Palette an Varianten, Exklusivmodellen und Sprint-Run-Ausf\u00fchrungen dieser Modelle mit unterschiedlichen Stahlklingen, Griffmaterialien und anderen einzigartigen Merkmalen produziert. .<\/p>\n<p>Stretch 2 XL leicht<\/p>\n<p>Was passiert, wenn man etwas dehnt, das bereits gedehnt wurde? Im Fall von Stretch 2 erhalten Sie eine \u201eextragro\u00dfe\u201c Ausf\u00fchrung des gleichen bew\u00e4hrten Designs \u2013 und noch viel mehr.<\/p>\n<p>Das Stretch 2 XL Lightweight verl\u00e4ngert die Gesamtl\u00e4nge des Stretch 2 um acht Prozent und packt gleichzeitig 13 Prozent mehr Klingenl\u00e4nge in seine vollst\u00e4ndig geschliffene Klinge aus VG-10-Edelstahl. Der gerade R\u00fccken der Klinge verj\u00fcngt sich zu einer scharfen, praktischen Spitze und verleiht ihr das charakteristische \u201emodifizierte Clip-Point\u201c-Profil einiger der ber\u00fchmtesten Modelle von Spyderco. Die rundum zug\u00e4ngliche runde Marken\u00f6ffnung erm\u00f6glicht ein schnelles und zuverl\u00e4ssiges einh\u00e4ndiges \u00d6ffnen mit einer Hand. Um eine bessere Kontrolle beim Pr\u00e4zisionsschneiden zu erm\u00f6glichen, verf\u00fcgt das Design \u00fcber eine 50\/50-Choil (Fingerrille), die es dem Benutzer erm\u00f6glicht, das Messer \u201eersticken\u201c und n\u00e4her an der Klinge greifen zu k\u00f6nnen. Sowohl der Choil als auch die gegen\u00fcberliegende Daumenrampe verf\u00fcgen \u00fcber strategisch platzierte Rillen (strukturierte Rillen), um einen sicheren Halt zu gew\u00e4hrleisten.<\/p>\n<p>Trotz seiner gr\u00f6\u00dferen Gr\u00f6\u00dfe ist der Stretch 2 XL tats\u00e4chlich 29 Prozent leichter als der Stretch 2 Lightweight \u2013 was einem Gewicht von nur 2,7 Unzen (77 Gramm) entspricht. Diese erstaunliche Qualit\u00e4t wird durch den Verzicht auf die Edelstahleins\u00e4tze seines Vorg\u00e4ngers und die Verwendung eines Linerless-Designs erreicht. Seine spritzgegossenen FRN-Griffschalen verf\u00fcgen \u00fcber ein Netzwerk aus verst\u00e4rkten Rippen auf ihren Innenfl\u00e4chen, um ihnen eine erh\u00f6hte strukturelle Festigkeit zu verleihen. Die Au\u00dfenfl\u00e4chen verf\u00fcgen \u00fcber ein Zwei-Wege-Texturmuster f\u00fcr sicheren und rutschfesten Halt auch unter anspruchsvollsten Bedingungen. Ein robuster Verriegelungsmechanismus verriegelt die Klinge im Gebrauch sicher und ein vollst\u00e4ndig konfigurierbarer Taschenclip mit vier Positionen erm\u00f6glicht die Wahl zwischen links oder rechts, Flip oder Spitze. Diese Merkmale gepaart mit dem v\u00f6llig symmetrischen Design des Messers<\/p>\n<p>Es bietet eine besonders hohe Schneidleistung in einem ultraleichten Paket. Dieses bemerkenswerte Klappmesser, der H\u00f6hepunkt eines Evolutionsprozesses, der sich \u00fcber fast vier Jahrzehnte erstreckte, ist eine Klasse f\u00fcr sich.<\/p>\n<p>Spezifikationen<br \/>\nKlingenl\u00e4nge: 10 cm<br \/>\nL\u00e4nge geschlossen: 12,6 cm<br \/>\nGesamtl\u00e4nge: 22,5 cm<br \/>\nKlingenst\u00e4rke: 0,3 cm<br \/>\nKlingenmaterial: Edelstahl VG10<br \/>\nKlingenstil: Blattform<br \/>\nKlingenschliff: V\u00f6llig flach<br \/>\nOberfl\u00e4chenbehandlung der Klinge: satiniert<br \/>\nKlingenkante: Combo<br \/>\nGriffmaterial: FRN<br \/>\nGrifffarbe: Schwarz<br \/>\nVerriegelungsmechanismus: Lockback<br \/>\nTaschenclip: Edelstahl (Tip-Up\/Down, Rechts-\/Links-Trageweise)<br \/>\nModellnummer: C258PBK<br \/>\nModellname: Stretch 2XL Lightweight<br \/>\nGewicht: 2,7 Unzen. (77g)<br \/>\nHergestellt in Japan<\/p>\n","protected":false},"excerpt":{"rendered":"<p><strong>Der Stretch 2 XL Lightweight von Spyderco ist das n\u00e4chste Kapitel einer Geschichte, die vor Jahrzehnten begann. Seine lange, reiche Geschichte begann mit der Konzentration auf die Bed\u00fcrfnisse von J\u00e4gern und Naturliebhabern; Aber sein Design hat sich weit \u00fcber diesen Bereich hinaus weiterentwickelt und ist zu einem der leistungsf\u00e4higsten Allzweck-Klappmesser in unserem Sortiment geworden.<\/strong><\/p>\n","protected":false},"featured_media":335678,"comment_status":"open","ping_status":"closed","template":"","meta":[],"pwb-brand":[3427],"product_brand":[],"product_cat":[3303,3285],"product_tag":[3669],"class_list":{"0":"post-335677","1":"product","2":"type-product","3":"status-publish","4":"has-post-thumbnail","6":"pwb-brand-spyderco-de","7":"product_cat-schliesmesser","8":"product_cat-messer","9":"product_tag-b2b-de","11":"first","12":"instock","13":"taxable","14":"shipping-taxable","15":"purchasable","16":"product-type-simple"},"brands":[{"id":3427,"name":"Spyderco","slug":"spyderco-de"}],"_links":{"self":[{"href":"https:\/\/www.moskito.cz\/de\/wp-json\/wp\/v2\/product\/335677","targetHints":{"allow":["GET"]}}],"collection":[{"href":"https:\/\/www.moskito.cz\/de\/wp-json\/wp\/v2\/product"}],"about":[{"href":"https:\/\/www.moskito.cz\/de\/wp-json\/wp\/v2\/types\/product"}],"replies":[{"embeddable":true,"href":"https:\/\/www.moskito.cz\/de\/wp-json\/wp\/v2\/comments?post=335677"}],"wp:featuredmedia":[{"embeddable":true,"href":"https:\/\/www.moskito.cz\/de\/wp-json\/wp\/v2\/media\/335678"}],"wp:attachment":[{"href":"https:\/\/www.moskito.cz\/de\/wp-json\/wp\/v2\/media?parent=335677"}],"wp:term":[{"taxonomy":"pwb-brand","embeddable":true,"href":"https:\/\/www.moskito.cz\/de\/wp-json\/wp\/v2\/pwb-brand?post=335677"},{"taxonomy":"product_brand","embeddable":true,"href":"https:\/\/www.moskito.cz\/de\/wp-json\/wp\/v2\/product_brand?post=335677"},{"taxonomy":"product_cat","embeddable":true,"href":"https:\/\/www.moskito.cz\/de\/wp-json\/wp\/v2\/product_cat?post=335677"},{"taxonomy":"product_tag","embeddable":true,"href":"https:\/\/www.moskito.cz\/de\/wp-json\/wp\/v2\/product_tag?post=335677"}],"curies":[{"name":"wp","href":"https:\/\/api.w.org\/{rel}","templated":true}]}}