{"id":335747,"date":"2022-04-19T21:36:28","date_gmt":"2024-04-19T11:54:19","guid":{"rendered":"https:\/\/www.moskito.cz\/produkt\/klappmesser-cold-steel-voyager-xl-tanto-point-plain-edge-aus10a\/"},"modified":"2025-05-07T11:12:51","modified_gmt":"2025-05-07T10:12:51","slug":"klappmesser-cold-steel-voyager-xl-tanto-point-plain-edge-aus10a","status":"publish","type":"product","link":"https:\/\/www.moskito.cz\/de\/produkt\/klappmesser-cold-steel-voyager-xl-tanto-point-plain-edge-aus10a\/","title":{"rendered":"Klappmesser Cold Steel VOYAGER XL TANTO POINT &#8211; PLAIN EDGE (AUS10A)"},"content":{"rendered":"<p>Klappmesser <strong>Cold Steel<\/strong> VOYAGER XL TANTO POINT &#8211; PLAIN EDGE (AUS10A)<\/p>\n<p>Die Voyager-Serie von Cold Steel ist als echtes Messer f\u00fcr jedermann konzipiert. Sie sind leicht, bequem und superscharf, robust, zuverl\u00e4ssig und perfekt f\u00fcr die Jagd und das Camping sowie f\u00fcr den allgemeinen Gebrauch und das t\u00e4gliche Hacken. Voyager zeichnen sich bei vielen \u00dcberlebens- und Rettungseins\u00e4tzen aus und erfreuen sich bei Polizei- und Milit\u00e4rangeh\u00f6rigen gro\u00dfer Beliebtheit, da sie die Kombination aus Schneidleistung und Sicherheit zu sch\u00e4tzen wissen. Jedes Messer in unserem umfangreichen Voyager-Sortiment ist nach unseren h\u00f6chsten Standards pr\u00e4zisionsgefertigt. Die Voyager-Reihe verf\u00fcgt \u00fcber Klingen aus japanischer AUS10A-Legierung und unseren Tri-Ad-Verriegelungsmechanismus \u2013 wahrscheinlich der sicherste, sicherste und sto\u00dffesteste Verschluss, der derzeit auf dem Markt erh\u00e4ltlich ist! Die ergonomischen Griv-Ex Voyager-Griffe (verst\u00e4rkt mit w\u00e4rmebehandelten 6061-Aluminiumeins\u00e4tzen) bieten hervorragenden Komfort und sicheren Halt auch bei l\u00e4ngerem Einsatz unter anspruchsvollen Bedingungen. Erh\u00e4ltlich in zwei Gr\u00f6\u00dfen und mit zahlreichen Klingen- und Klingenkonfigurationen ist f\u00fcr jeden das passende Voyager dabei.<\/p>\n<p>PRODUKTPARAMETER<br \/>\nGriffmaterial: Long Griv-Ex<br \/>\nFarbe: Schwarz\/Silber<br \/>\nGewicht: 218,29 g<br \/>\nSicherungstyp: Tri-Ad Lock<br \/>\nKlingenst\u00e4rke: 4 mm<br \/>\nStahl: Japanischer AUS 10A Edelstahl<br \/>\nGeh\u00e4usematerial: Beidh\u00e4ndig verwendbare Tasche\/G\u00fcrtelclip<br \/>\nGesamtgr\u00f6\u00dfe: 304 mm<br \/>\nGriffl\u00e4nge: 169 mm<br \/>\nKlingenl\u00e4nge: 135 mm<\/p>\n<p>Die Voyager-Serie von Cold Steel ist als echtes Jedermannsmesser konzipiert. Sie sind leicht, bequem und superscharf, robust, zuverl\u00e4ssig und perfekt f\u00fcr die Jagd und das Camping sowie f\u00fcr allgemeine Gebrauchs- und t\u00e4gliche Schneidarbeiten. Voyager zeichnen sich bei vielen \u00dcberlebens- und Rettungseins\u00e4tzen aus und erfreuen sich gro\u00dfer Beliebtheit bei Polizei- und Milit\u00e4rangeh\u00f6rigen, die die Kombination aus Schnittleistung und Sicherheit zu sch\u00e4tzen wissen. Jedes Messer unserer umfangreichen Voyager-Serie ist pr\u00e4zisionsgefertigt und entspricht unseren h\u00f6chsten Standards. Die Voyager-Serie verf\u00fcgt \u00fcber Klingen aus japanischer AUS10A-Legierung und unseren Tri-Ad-Verriegelungsmechanismus \u2013 der wahrscheinlich der sicherste und sto\u00dffestste Verschluss auf dem heutigen Markt ist! Die ergonomischen Griv-Ex-Griffe des Voyager (verst\u00e4rkt mit w\u00e4rmebehandelten 6061-Aluminiumauskleidungen) bieten sowohl hohen Komfort als auch sicheren Halt, selbst bei l\u00e4ngerem Einsatz unter schwierigen Bedingungen. Erh\u00e4ltlich in zwei Gr\u00f6\u00dfen und mit zahlreichen Klingen- und Kantenkonfigurationen ist f\u00fcr jeden das passende Voyager dabei.<\/p>\n<p>Gewicht: 7,7 Unzen Klingenst\u00e4rke: 4 mm Klingenl\u00e4nge: 5-1\/2 Zoll Klingenstahl: Japanischer AUS10A Griffl\u00e4nge\/Material: 6-3\/4 Zoll Griv-Ex mit 6061-Aluminium-Liner Gesamtl\u00e4nge: 12-1\/4 Zoll Beidh\u00e4ndig verwendbares Taschen-\/G\u00fcrtelclipmesser Typ: Folder Klingenl\u00e4ngenbereich: 5+ Zoll Stahlfamilie: AUS Klingenform: Tanto Verriegelungsmechanismus: Tri-Ad Lock Produktfamilie: Voyager<\/p>\n","protected":false},"excerpt":{"rendered":"<p>Das Voyager Tanto Plain Edge von Cold Steel ist ein Klappmesser mit glatter Schneide. Dieses mittelgro\u00dfe taktische Messer wird bei der Verwendung durch Milit\u00e4r- oder Sicherheitspersonal eingesetzt.<\/p>\n","protected":false},"featured_media":335748,"comment_status":"open","ping_status":"closed","template":"","meta":[],"pwb-brand":[3602],"product_brand":[],"product_cat":[3285,3303],"product_tag":[],"class_list":{"0":"post-335747","1":"product","2":"type-product","3":"status-publish","4":"has-post-thumbnail","6":"pwb-brand-kalter-stahl","7":"product_cat-messer","8":"product_cat-schliesmesser","10":"first","11":"instock","12":"taxable","13":"shipping-taxable","14":"purchasable","15":"product-type-simple"},"brands":[{"id":3602,"name":"Kalter Stahl","slug":"kalter-stahl"}],"_links":{"self":[{"href":"https:\/\/www.moskito.cz\/de\/wp-json\/wp\/v2\/product\/335747","targetHints":{"allow":["GET"]}}],"collection":[{"href":"https:\/\/www.moskito.cz\/de\/wp-json\/wp\/v2\/product"}],"about":[{"href":"https:\/\/www.moskito.cz\/de\/wp-json\/wp\/v2\/types\/product"}],"replies":[{"embeddable":true,"href":"https:\/\/www.moskito.cz\/de\/wp-json\/wp\/v2\/comments?post=335747"}],"wp:featuredmedia":[{"embeddable":true,"href":"https:\/\/www.moskito.cz\/de\/wp-json\/wp\/v2\/media\/335748"}],"wp:attachment":[{"href":"https:\/\/www.moskito.cz\/de\/wp-json\/wp\/v2\/media?parent=335747"}],"wp:term":[{"taxonomy":"pwb-brand","embeddable":true,"href":"https:\/\/www.moskito.cz\/de\/wp-json\/wp\/v2\/pwb-brand?post=335747"},{"taxonomy":"product_brand","embeddable":true,"href":"https:\/\/www.moskito.cz\/de\/wp-json\/wp\/v2\/product_brand?post=335747"},{"taxonomy":"product_cat","embeddable":true,"href":"https:\/\/www.moskito.cz\/de\/wp-json\/wp\/v2\/product_cat?post=335747"},{"taxonomy":"product_tag","embeddable":true,"href":"https:\/\/www.moskito.cz\/de\/wp-json\/wp\/v2\/product_tag?post=335747"}],"curies":[{"name":"wp","href":"https:\/\/api.w.org\/{rel}","templated":true}]}}