{"id":335769,"date":"2022-11-07T21:01:36","date_gmt":"2024-04-19T12:02:53","guid":{"rendered":"https:\/\/www.moskito.cz\/produkt\/klappmesser-cold-steel-range-boss-flat-dark-earth\/"},"modified":"2025-05-07T11:12:54","modified_gmt":"2025-05-07T10:12:54","slug":"klappmesser-cold-steel-range-boss-flat-dark-earth","status":"publish","type":"product","link":"https:\/\/www.moskito.cz\/de\/produkt\/klappmesser-cold-steel-range-boss-flat-dark-earth\/","title":{"rendered":"Klappmesser Cold Steel RANGE BOSS FLAT DARK EARTH"},"content":{"rendered":"<p>Klappmesser <strong>Cold Steel<\/strong> RANGE BOSS FLAT DARK EARTH.<\/p>\n<p>Egal, ob Sie in Manhattan ein Taxi fahren oder in Montana reiten, wir sind sicher, dass Sie unseren Range Boss zu sch\u00e4tzen wissen. Es ist so konzipiert, dass es den ganzen Tag \u00fcber in der Tasche oder an der H\u00fcfte getragen werden kann, ist leicht und einfach zu tragen. Es nimmt nicht viel Platz ein und kann praktisch unbemerkt mitgef\u00fchrt werden, bis Sie es \u00f6ffnen. Die Klinge des Range Boss ist flach geschliffen und hat eine d\u00fcnne Kante, die so scharf ist, dass Sie staunen werden. Es ist stonewashed, um Rost zu widerstehen, und seine Vielseitigkeit macht es zu einem verdammt guten H\u00e4utungsmesser, ganz zu schweigen von der Essenszubereitung. Der Griff aus glasfaserverst\u00e4rktem Nylon ist f\u00fcr einen guten Halt mit einem Punktmuster strukturiert und verf\u00fcgt \u00fcber die ber\u00fchmte Tri-Ad\u00ae-Verriegelung f\u00fcr \u00fcberragende Festigkeit.<\/p>\n<p>\u201eIch werde ein superd\u00fcnnes, ultraleichtes Messer mit einer langen Klinge und einer n\u00fctzlichen Spitze immer lieben. Deshalb wird das Range Boss eines meiner Alltagsmesser sein. Wie das 3&#8243; Hold Out ist es leicht genug, um es rund um die Uhr zu tragen Im Gegensatz zum Hold Out verf\u00fcgt es \u00fcber einen vielseitigeren Clip, der sich meiner Meinung nach sehr gut zum Abrichten und H\u00e4uten selbst gro\u00dfer Wildschweine bis zu 250 Pfund eignet. Nutzen Sie Naturprodukte f\u00fcr den Bauernhof oder das Gesch\u00e4ft und helfen Sie dem neuen Schurken im Gro\u00dfstadtdschungel. Es ist sehr preisg\u00fcnstig und bietet meiner Meinung nach ein enormes Preis-Leistungs-Verh\u00e4ltnis, insbesondere wenn man bedenkt, dass es mit dem ber\u00fchmten Tri-AD-Schloss von Cold Steel ausgestattet ist!!!\u201c \u2013 Lynn Thompson<\/p>\n<p>PRODUKTPARAMETER<br \/>\nGewicht: 96 g<br \/>\nArt der Sperre: Tri-Ad Lock<br \/>\nKlingenl\u00e4nge: 101 mm<br \/>\nGeh\u00e4usematerial: Stahlclip<br \/>\nGriffl\u00e4nge: 134 mm<br \/>\nGesamtgr\u00f6\u00dfe: 235 mm<br \/>\nStahl: 4034SS-Stahl<br \/>\nKlingenst\u00e4rke: 3,5 mm<br \/>\nGriffmaterial: Long Zy-Ex\u2122<br \/>\nFarbe braun<\/p>\n","protected":false},"excerpt":{"rendered":"<p>Das Range Boss ist ein Klappmesser mit glatter Klinge und flachem Schliff.<\/p>\n","protected":false},"featured_media":335770,"comment_status":"open","ping_status":"closed","template":"","meta":[],"pwb-brand":[3602],"product_brand":[],"product_cat":[3285,3303],"product_tag":[],"class_list":{"0":"post-335769","1":"product","2":"type-product","3":"status-publish","4":"has-post-thumbnail","6":"pwb-brand-kalter-stahl","7":"product_cat-messer","8":"product_cat-schliesmesser","10":"first","11":"outofstock","12":"taxable","13":"shipping-taxable","14":"purchasable","15":"product-type-simple"},"brands":[{"id":3602,"name":"Kalter Stahl","slug":"kalter-stahl"}],"_links":{"self":[{"href":"https:\/\/www.moskito.cz\/de\/wp-json\/wp\/v2\/product\/335769","targetHints":{"allow":["GET"]}}],"collection":[{"href":"https:\/\/www.moskito.cz\/de\/wp-json\/wp\/v2\/product"}],"about":[{"href":"https:\/\/www.moskito.cz\/de\/wp-json\/wp\/v2\/types\/product"}],"replies":[{"embeddable":true,"href":"https:\/\/www.moskito.cz\/de\/wp-json\/wp\/v2\/comments?post=335769"}],"wp:featuredmedia":[{"embeddable":true,"href":"https:\/\/www.moskito.cz\/de\/wp-json\/wp\/v2\/media\/335770"}],"wp:attachment":[{"href":"https:\/\/www.moskito.cz\/de\/wp-json\/wp\/v2\/media?parent=335769"}],"wp:term":[{"taxonomy":"pwb-brand","embeddable":true,"href":"https:\/\/www.moskito.cz\/de\/wp-json\/wp\/v2\/pwb-brand?post=335769"},{"taxonomy":"product_brand","embeddable":true,"href":"https:\/\/www.moskito.cz\/de\/wp-json\/wp\/v2\/product_brand?post=335769"},{"taxonomy":"product_cat","embeddable":true,"href":"https:\/\/www.moskito.cz\/de\/wp-json\/wp\/v2\/product_cat?post=335769"},{"taxonomy":"product_tag","embeddable":true,"href":"https:\/\/www.moskito.cz\/de\/wp-json\/wp\/v2\/product_tag?post=335769"}],"curies":[{"name":"wp","href":"https:\/\/api.w.org\/{rel}","templated":true}]}}