{"id":335782,"date":"2022-10-31T21:11:32","date_gmt":"2024-04-19T12:04:21","guid":{"rendered":"https:\/\/www.moskito.cz\/produkt\/klappmesser-cold-steel-voyager-xl-tanto-point-serrated-edge-aus10a\/"},"modified":"2025-05-07T11:12:54","modified_gmt":"2025-05-07T10:12:54","slug":"klappmesser-cold-steel-voyager-xl-tanto-point-serrated-edge-aus10a","status":"publish","type":"product","link":"https:\/\/www.moskito.cz\/de\/produkt\/klappmesser-cold-steel-voyager-xl-tanto-point-serrated-edge-aus10a\/","title":{"rendered":"Klappmesser Cold Steel VOYAGER XL TANTO POINT &#8211; SERRATED EDGE (AUS10A)"},"content":{"rendered":"<p>Klappmesser Cold Steel VOYAGER XL TANTO POINT &#8211; SERRATED EDGE (AUS10A)<\/p>\n<p>Die Voyager-Serie von Cold Steel ist als echtes Messer f\u00fcr jedermann konzipiert. Sie sind leicht, bequem und superscharf, robust, zuverl\u00e4ssig und perfekt f\u00fcr die Jagd und das Camping sowie f\u00fcr den allgemeinen Gebrauch und das t\u00e4gliche Hacken. Voyager zeichnen sich bei vielen \u00dcberlebens- und Rettungseins\u00e4tzen aus und erfreuen sich bei Polizei- und Milit\u00e4rangeh\u00f6rigen gro\u00dfer Beliebtheit, da sie die Kombination aus Schneidleistung und Sicherheit zu sch\u00e4tzen wissen. Jedes Messer unserer umfangreichen Voyager-Serie ist nach unseren h\u00f6chsten Standards pr\u00e4zisionsgefertigt. Die Voyager-Reihe verf\u00fcgt \u00fcber Klingen aus japanischer AUS10A-Legierung und unseren Tri-Ad-Verriegelungsmechanismus \u2013 wahrscheinlich der sicherste, sicherste und sto\u00dffesteste Verschluss, der derzeit auf dem Markt erh\u00e4ltlich ist! Die ergonomischen Griv-Ex-Griffe des Voyager (verst\u00e4rkt mit w\u00e4rmebehandelten 6061-Aluminiumeins\u00e4tzen) bieten hervorragenden Komfort und sicheren Halt auch bei l\u00e4ngerem Einsatz unter anspruchsvollen Bedingungen. Der Voyager ist in zwei Gr\u00f6\u00dfen und mit zahlreichen Klingen- und Kantenkonfigurationen erh\u00e4ltlich, sodass f\u00fcr jeden etwas dabei ist.<\/p>\n<p>PRODUKTPARAMETER<\/p>\n<p>Stahl: Japanischer AUS 10A Edelstahl<br \/>\nArt der Sperre: Tri-Ad Lock<br \/>\nGewicht: 219,29 g<br \/>\nGriffmaterial: Long Griv-Ex<br \/>\nFarbe: Schwarz\/Silber<br \/>\nHolstermaterial: Beidh\u00e4ndig verwendbare Tasche\/G\u00fcrtelclip<br \/>\nKlingenst\u00e4rke: 4 mm<br \/>\nGriffl\u00e4nge: 169 mm<br \/>\nGesamtgr\u00f6\u00dfe: 304 mm<br \/>\nKlingenl\u00e4nge: 135 mm<\/p>\n<p>&nbsp;<\/p>\n","protected":false},"excerpt":{"rendered":"<p>Die Voyager-Serie von Cold Steel ist als echtes Messer f\u00fcr jedermann konzipiert.<\/p>\n","protected":false},"featured_media":335783,"comment_status":"open","ping_status":"closed","template":"","meta":[],"pwb-brand":[3602],"product_brand":[],"product_cat":[3285,3303],"product_tag":[],"class_list":{"0":"post-335782","1":"product","2":"type-product","3":"status-publish","4":"has-post-thumbnail","6":"pwb-brand-kalter-stahl","7":"product_cat-messer","8":"product_cat-schliesmesser","10":"first","11":"instock","12":"taxable","13":"shipping-taxable","14":"purchasable","15":"product-type-simple"},"brands":[{"id":3602,"name":"Kalter Stahl","slug":"kalter-stahl"}],"_links":{"self":[{"href":"https:\/\/www.moskito.cz\/de\/wp-json\/wp\/v2\/product\/335782","targetHints":{"allow":["GET"]}}],"collection":[{"href":"https:\/\/www.moskito.cz\/de\/wp-json\/wp\/v2\/product"}],"about":[{"href":"https:\/\/www.moskito.cz\/de\/wp-json\/wp\/v2\/types\/product"}],"replies":[{"embeddable":true,"href":"https:\/\/www.moskito.cz\/de\/wp-json\/wp\/v2\/comments?post=335782"}],"wp:featuredmedia":[{"embeddable":true,"href":"https:\/\/www.moskito.cz\/de\/wp-json\/wp\/v2\/media\/335783"}],"wp:attachment":[{"href":"https:\/\/www.moskito.cz\/de\/wp-json\/wp\/v2\/media?parent=335782"}],"wp:term":[{"taxonomy":"pwb-brand","embeddable":true,"href":"https:\/\/www.moskito.cz\/de\/wp-json\/wp\/v2\/pwb-brand?post=335782"},{"taxonomy":"product_brand","embeddable":true,"href":"https:\/\/www.moskito.cz\/de\/wp-json\/wp\/v2\/product_brand?post=335782"},{"taxonomy":"product_cat","embeddable":true,"href":"https:\/\/www.moskito.cz\/de\/wp-json\/wp\/v2\/product_cat?post=335782"},{"taxonomy":"product_tag","embeddable":true,"href":"https:\/\/www.moskito.cz\/de\/wp-json\/wp\/v2\/product_tag?post=335782"}],"curies":[{"name":"wp","href":"https:\/\/api.w.org\/{rel}","templated":true}]}}