{"id":335810,"date":"2022-04-17T20:25:08","date_gmt":"2024-04-19T12:12:59","guid":{"rendered":"https:\/\/www.moskito.cz\/produkt\/massives-messer-cold-steel-tai-pan-cpm-3v\/"},"modified":"2025-05-07T11:12:56","modified_gmt":"2025-05-07T10:12:56","slug":"massives-messer-cold-steel-tai-pan-cpm-3v","status":"publish","type":"product","link":"https:\/\/www.moskito.cz\/de\/produkt\/massives-messer-cold-steel-tai-pan-cpm-3v\/","title":{"rendered":"Massives Messer Cold Steel TAI PAN (CPM 3V)"},"content":{"rendered":"<p>Feststehendes Messer <strong>Cold Steel<\/strong> TAI PAN (CPM 3V)<\/p>\n<p>Wie sein Namensgeber, die Schlange, ist die Tai Pan\u00ae aggressiv, schnell und t\u00f6dlich. Der von Lynn C. Thompson im unverwechselbaren \u201eTanto\u201c-Stil entworfene Tai Pan\u00ae verk\u00f6rpert die besten Eigenschaften des klassischen Dolches und minimiert gleichzeitig seine M\u00e4ngel. Die meisten Dolche sind daf\u00fcr bekannt, dass sie d\u00fcnne, spr\u00f6de Spitzen haben, die leicht brechen. Im Gegensatz dazu verf\u00fcgt die Tai Pan\u00ae \u00fcber eine robuste Speerspitze, die breit und stark genug ist, um einem Bruch standzuhalten, ohne ihre F\u00e4higkeit zu beeintr\u00e4chtigen, ein tiefes und einfaches Eindringen zu erm\u00f6glichen.<\/p>\n<p>PRODUKTPARAMETER<br \/>\nGesamtgr\u00f6\u00dfe: 330,2 mm<br \/>\nKlingenl\u00e4nge: 190,5 mm<br \/>\nGriffmaterial: Long Kray-Ex\u2122<br \/>\nKlingenst\u00e4rke: 5 mm<br \/>\nGewicht: 306,1 g<br \/>\nGriffl\u00e4nge: 140 mm<br \/>\nFarbe: Schwarz\/Silber<br \/>\nStahl: US CPM 3-V High Carbon<br \/>\nMantelmaterial: Secure-Ex\u00ae Mantel<\/p>\n<p>Wie sein Namensgeber, die Schlange, ist die Tai Pan\u00ae aggressiv, schnell und t\u00f6dlich. Der von Lynn C. Thompson im unverwechselbaren \u201eTanto\u201c-Stil entworfene Tai Pan\u00ae verk\u00f6rpert die besten Eigenschaften eines klassischen Dolches und minimiert gleichzeitig seine M\u00e4ngel. Die meisten Dolche sind daf\u00fcr bekannt, dass sie d\u00fcnne, zerbrechliche Spitzen haben, die leicht brechen. Im Gegensatz dazu verf\u00fcgt die Tai Pan\u00ae \u00fcber eine robuste Speerspitze, die breit und dick genug ist, um einem Brechen standzuhalten, ohne ihre F\u00e4higkeit zu beeintr\u00e4chtigen, tiefes, m\u00fcheloses Eindringen zu erm\u00f6glichen.<\/p>\n<p>Gewicht: 10,8 Unzen Klingenst\u00e4rke: 5 mm Klingenl\u00e4nge: 7-1\/2&#8243; Klingenstahl: CPM 3V Griffl\u00e4nge\/Material: 5-1\/2&#8243; Kray-Ex\u2122 Gesamtl\u00e4nge: 9-1\/2&#8243; Zus\u00e4tzliche Funktionen: Sicher -Ex\u00ae Scheidenmessertyp: Feste Klingenl\u00e4nge: 5+ in Stahlfamilie: CPM Klingenform: Speerspitze<\/p>\n","protected":false},"excerpt":{"rendered":"<p><strong>COLD STEEL<\/strong> 3V Tai Pan ist ein solider Dolch mit einer beidseitig gesch\u00e4rften Klinge. Es wird mit einem Secure-Ex\u00ae-Etui geliefert.<\/p>\n","protected":false},"featured_media":335811,"comment_status":"open","ping_status":"closed","template":"","meta":[],"pwb-brand":[3602],"product_brand":[],"product_cat":[3285,3287],"product_tag":[3669],"class_list":{"0":"post-335810","1":"product","2":"type-product","3":"status-publish","4":"has-post-thumbnail","6":"pwb-brand-kalter-stahl","7":"product_cat-messer","8":"product_cat-solide-messer","9":"product_tag-b2b-de","11":"first","12":"instock","13":"taxable","14":"shipping-taxable","15":"purchasable","16":"product-type-simple"},"brands":[{"id":3602,"name":"Kalter Stahl","slug":"kalter-stahl"}],"_links":{"self":[{"href":"https:\/\/www.moskito.cz\/de\/wp-json\/wp\/v2\/product\/335810","targetHints":{"allow":["GET"]}}],"collection":[{"href":"https:\/\/www.moskito.cz\/de\/wp-json\/wp\/v2\/product"}],"about":[{"href":"https:\/\/www.moskito.cz\/de\/wp-json\/wp\/v2\/types\/product"}],"replies":[{"embeddable":true,"href":"https:\/\/www.moskito.cz\/de\/wp-json\/wp\/v2\/comments?post=335810"}],"wp:featuredmedia":[{"embeddable":true,"href":"https:\/\/www.moskito.cz\/de\/wp-json\/wp\/v2\/media\/335811"}],"wp:attachment":[{"href":"https:\/\/www.moskito.cz\/de\/wp-json\/wp\/v2\/media?parent=335810"}],"wp:term":[{"taxonomy":"pwb-brand","embeddable":true,"href":"https:\/\/www.moskito.cz\/de\/wp-json\/wp\/v2\/pwb-brand?post=335810"},{"taxonomy":"product_brand","embeddable":true,"href":"https:\/\/www.moskito.cz\/de\/wp-json\/wp\/v2\/product_brand?post=335810"},{"taxonomy":"product_cat","embeddable":true,"href":"https:\/\/www.moskito.cz\/de\/wp-json\/wp\/v2\/product_cat?post=335810"},{"taxonomy":"product_tag","embeddable":true,"href":"https:\/\/www.moskito.cz\/de\/wp-json\/wp\/v2\/product_tag?post=335810"}],"curies":[{"name":"wp","href":"https:\/\/api.w.org\/{rel}","templated":true}]}}