{"id":335817,"date":"2022-04-19T22:20:27","date_gmt":"2022-04-19T21:20:27","guid":{"rendered":"https:\/\/www.moskito.cz\/produkt\/massives-messer-cold-steel-chaos-bowie\/"},"modified":"2025-05-07T11:12:57","modified_gmt":"2025-05-07T10:12:57","slug":"massives-messer-cold-steel-chaos-bowie","status":"publish","type":"product","link":"https:\/\/www.moskito.cz\/de\/produkt\/massives-messer-cold-steel-chaos-bowie\/","title":{"rendered":"Massives Messer Cold Steel CHAOS BOWIE"},"content":{"rendered":"<p>Massives Messer <strong>Cold Steel<\/strong> CHAOS BOWIE.<\/p>\n<p>Inspiriert von den klassischen \u201eGrabenmessern\u201c beider Weltkriege des letzten Jahrhunderts haben wir eine Reihe taktischer feststehender Klingen entwickelt, die f\u00fcr die Herausforderungen geeignet sind, denen sich moderne Krieger von heute gegen\u00fcbersehen. Unsere soliden Chaos-Klingen verf\u00fcgen \u00fcber einzigartige \u201eD\u201c-Ringsch\u00fctzer aus verst\u00e4rktem 6061-Aluminium, die einen unglaublich sicheren und bequemen Griff erm\u00f6glichen und gleichzeitig die Hand vor eingehenden Angriffen und Sch\u00e4den sch\u00fctzen, wenn sie einen Gegner treffen oder schneiden, der mit K\u00f6rperschutz und Munition bedeckt ist. , Taschenlampen, Zeitschriften und Ausr\u00fcstung! Ihre extrastarken K\u00f6pfe aus 1055-Kohlenstoffstahl sind konisch zulaufend, um die Schlagkraft des Hammerschlags zu konzentrieren, und ihre Klingen aus SK-5-Kohlenstoffstahl sind f\u00fcr maximale Leistung fachm\u00e4nnisch w\u00e4rmebehandelt. Ihre robusten Secure-Ex-Holster sind Molle-Lok- und Tek-Lok-kompatibel und verf\u00fcgen \u00fcber langlebige, verstellbare Cor-Ex-G\u00fcrtelschlaufen und Befestigungsgurte f\u00fcr eine sichere Verriegelung, wenn sie nicht verwendet werden. Chaosseries vereint maximale Sicherheit mit extremer Leistung und Kampfpotenzial.<\/p>\n<p>PRODUKTPARAMETER<br \/>\nGriffl\u00e4nge: 152 mm<br \/>\nStahl: SK-5 High Carbon<br \/>\nSchwarze Farbe<br \/>\nMantelmaterial: Secure-Ex\u00ae Mantel<br \/>\nGesamtgr\u00f6\u00dfe: 419 mm<br \/>\nGewicht: 655 g<br \/>\nKlingenl\u00e4nge: 267 mm<br \/>\nGriffmaterial: 6061 Aluminium<br \/>\nKlingenst\u00e4rke: 5 mm<\/p>\n<p>Inspiriert von den klassischen \u201eGrabenmessern\u201c aus beiden Weltkriegen des letzten Jahrhunderts haben wir eine Reihe taktischer feststehender Klingen entwickelt, die f\u00fcr die Herausforderungen geeignet sind, denen sich moderne Krieger von heute gegen\u00fcbersehen. Unsere feststehenden Chaos-Klingen sind mit einzigartigen \u201eD\u201c-Ringsch\u00fctzern aus verst\u00e4rktem 6061-Aluminium ausgestattet, die einen unglaublich sicheren und bequemen Griff erm\u00f6glichen und gleichzeitig die Hand vor eingehenden Angriffen und Sch\u00e4den sch\u00fctzen, wenn sie einen Gegner treffen oder schneiden, der mit K\u00f6rperschutz und Munition bedeckt ist , Taschenlampen, Zeitschriften und Ausr\u00fcstung! Ihre extra dicken Kn\u00e4ufe aus 1055-Kohlenstoffstahl sind konisch zulaufend, um die Schlagkraft eines Hammerschlags zu konzentrieren, und ihre Vollerl-Klingen aus SK-5-Kohlenstoffstahl sind f\u00fcr maximale Leistung fachm\u00e4nnisch w\u00e4rmebehandelt. Ihre robusten Secure-Ex-Scheiden sind Molle-Lok- und Tek-Lok-kompatibel und verf\u00fcgen \u00fcber robuste, verstellbare Cor-Ex-G\u00fcrtelschlaufen und Haltegurte f\u00fcr einen sicheren und zuverl\u00e4ssigen Verschluss, wenn sie nicht verwendet werden. Die Chaos-Serie vereint maximale Sicherheit mit extremer Leistung und Kampfpotential.<\/p>\n<p>Gewicht: 23,1 Unzen Klingenst\u00e4rke: 5 mm Klingenl\u00e4nge: 10-1\/2&#8243; Klingenstahl: SK-5 High Carbon Griffl\u00e4nge\/Material: 6&#8243; 6061 Aluminium Gesamtl\u00e4nge: 16-1\/2&#8243; Zus\u00e4tzliche Funktionen: Secure-Ex\u00ae Scheidenmessertyp: Feste Klingenl\u00e4ngenbereich: 5+ in Stahlfamilie: St\u00e4hle mit hohem Kohlenstoffgehalt Klingenform: Clip Point Produktfamilie: Chaos<\/p>\n","protected":false},"excerpt":{"rendered":"<p>Das Chaos Bowie ist ein solides Messer mit glatter Schneide. Das Messer wird von einem \u201eD\u201c-Handschutz aus hochfestem 6061-Aluminium dominiert.<\/p>\n","protected":false},"featured_media":335818,"comment_status":"open","ping_status":"closed","template":"","meta":[],"pwb-brand":[3602],"product_brand":[],"product_cat":[3287,3285],"product_tag":[3669],"class_list":{"0":"post-335817","1":"product","2":"type-product","3":"status-publish","4":"has-post-thumbnail","6":"pwb-brand-kalter-stahl","7":"product_cat-solide-messer","8":"product_cat-messer","9":"product_tag-b2b-de","11":"first","12":"instock","13":"taxable","14":"shipping-taxable","15":"purchasable","16":"product-type-simple"},"brands":[{"id":3602,"name":"Kalter Stahl","slug":"kalter-stahl"}],"_links":{"self":[{"href":"https:\/\/www.moskito.cz\/de\/wp-json\/wp\/v2\/product\/335817","targetHints":{"allow":["GET"]}}],"collection":[{"href":"https:\/\/www.moskito.cz\/de\/wp-json\/wp\/v2\/product"}],"about":[{"href":"https:\/\/www.moskito.cz\/de\/wp-json\/wp\/v2\/types\/product"}],"replies":[{"embeddable":true,"href":"https:\/\/www.moskito.cz\/de\/wp-json\/wp\/v2\/comments?post=335817"}],"wp:featuredmedia":[{"embeddable":true,"href":"https:\/\/www.moskito.cz\/de\/wp-json\/wp\/v2\/media\/335818"}],"wp:attachment":[{"href":"https:\/\/www.moskito.cz\/de\/wp-json\/wp\/v2\/media?parent=335817"}],"wp:term":[{"taxonomy":"pwb-brand","embeddable":true,"href":"https:\/\/www.moskito.cz\/de\/wp-json\/wp\/v2\/pwb-brand?post=335817"},{"taxonomy":"product_brand","embeddable":true,"href":"https:\/\/www.moskito.cz\/de\/wp-json\/wp\/v2\/product_brand?post=335817"},{"taxonomy":"product_cat","embeddable":true,"href":"https:\/\/www.moskito.cz\/de\/wp-json\/wp\/v2\/product_cat?post=335817"},{"taxonomy":"product_tag","embeddable":true,"href":"https:\/\/www.moskito.cz\/de\/wp-json\/wp\/v2\/product_tag?post=335817"}],"curies":[{"name":"wp","href":"https:\/\/api.w.org\/{rel}","templated":true}]}}