{"id":335845,"date":"2022-04-19T22:10:21","date_gmt":"2022-04-19T21:10:21","guid":{"rendered":"https:\/\/www.moskito.cz\/produkt\/massives-gesenkgeschmiedetes-wespenmesser-aus-kaltem-stahl\/"},"modified":"2025-05-07T11:12:59","modified_gmt":"2025-05-07T10:12:59","slug":"massives-gesenkgeschmiedetes-wespenmesser-aus-kaltem-stahl","status":"publish","type":"product","link":"https:\/\/www.moskito.cz\/de\/produkt\/massives-gesenkgeschmiedetes-wespenmesser-aus-kaltem-stahl\/","title":{"rendered":"Massives, gesenkgeschmiedetes Wespenmesser aus kaltem Stahl"},"content":{"rendered":"<p>Massives, gesenkgeschmiedetes Wespenmesser <strong>aus kaltem Stahl<\/strong> .<\/p>\n<p>Es ist eine echte Herausforderung, ein zweischneidiges Messer stark und langlebig genug zu machen, um unseren Anspr\u00fcchen gerecht zu werden, aber unser neues Drop Forged Wasp hat alle unsere Erwartungen \u00fcbertroffen. Man sieht, dass nichts kaputt geht, sich l\u00f6st oder verschlei\u00dft! Seine monolithische Konstruktion macht Klinge, Schutz und Spitze zu einem untrennbaren Teil! Lediglich die Griffgewichte sind \u201eZubeh\u00f6r\u201c und k\u00f6nnen im sehr unwahrscheinlichen Fall eines Bruchs oder Verschlei\u00dfes schnell und einfach ausgetauscht werden. Perfekt ausbalanciert mit einer festen, aber scharfen Spitze und einer Wespentaille, sodass es beim Kommen und Gehen schneidet. Das Wasp ist ein erschreckend effektives Messer, das praktisch bombensicher ist! Wird mit einem tollen Secure-Ex-Etui geliefert. Es ist leicht genug, um es den ganzen Tag zu tragen, und bei angemessener Pflege h\u00e4lt es mit Sicherheit ein Leben lang.<\/p>\n<p>PRODUKTPARAMETER<br \/>\nGriffmaterial: Lang<br \/>\nKlingenl\u00e4nge: 171 mm<br \/>\nGriffl\u00e4nge: 140 mm<br \/>\nGesamtgr\u00f6\u00dfe: 311 mm<br \/>\nGewicht: 238 g<br \/>\nStahl: 52100 High Carbon<br \/>\nKlingenst\u00e4rke: 7 mm<br \/>\nGraue Farbe<\/p>\n<p>Es ist eine echte Herausforderung, ein zweischneidiges Messer stark und robust genug zu machen, um unseren Anspr\u00fcchen gerecht zu werden, aber unser neues Drop Forged Wasp hat alle unsere Erwartungen \u00fcbertroffen. Sie sehen, es gibt nichts, was kaputt gehen, sich l\u00f6sen oder verschlei\u00dfen k\u00f6nnte! Seine monolithische Konstruktion macht Klinge, Parierstange und Erl zu einem untrennbaren Teil! Lediglich die Griffschalen sind ein \u201eZusatzteil\u201c und k\u00f6nnen im sehr unwahrscheinlichen Fall eines Bruchs oder einer Abnutzung schnell und einfach ausgetauscht werden. Perfekt ausbalanciert mit einer robusten, aber dennoch nadelscharfen Spitze und einer Wespentaille, sodass es beim Kommen und Gehen schneidet. Das Wasp ist ein erschreckend effektives Messer, das praktisch bombensicher ist! Wird mit einer tollen Secure-Ex-Scheide geliefert. Es ist leicht genug, um es den ganzen Tag zu tragen, und h\u00e4lt bei angemessener Pflege sicher ein Leben lang.<\/p>\n<p>Gewicht: 8,4 Unzen. Klingenst\u00e4rke: 7 mm. Ex\u00ae-H\u00fcllenmessertyp: Feste Klingenl\u00e4ngenbereich: 5+ in Stahlfamilie: St\u00e4hle mit hohem Kohlenstoffgehalt Klingenform: Speerspitze Produktfamilie: Gesenkgeschmiedet<\/p>\n","protected":false},"excerpt":{"rendered":"<p>Ein langer Angriffsdolch mit zweischneidiger Klinge. Dolche mit langer Klinge erlangten im 2. Jahrhundert ihre gr\u00f6\u00dfte Ber\u00fchmtheit. Im Zweiten Weltkrieg, als sie bei den britischen Kommandos im Einsatz waren.<\/p>\n","protected":false},"featured_media":335846,"comment_status":"open","ping_status":"closed","template":"","meta":[],"pwb-brand":[3602],"product_brand":[],"product_cat":[3287,3285],"product_tag":[],"class_list":{"0":"post-335845","1":"product","2":"type-product","3":"status-publish","4":"has-post-thumbnail","6":"pwb-brand-kalter-stahl","7":"product_cat-solide-messer","8":"product_cat-messer","10":"first","11":"outofstock","12":"taxable","13":"shipping-taxable","14":"purchasable","15":"product-type-simple"},"brands":[{"id":3602,"name":"Kalter Stahl","slug":"kalter-stahl"}],"_links":{"self":[{"href":"https:\/\/www.moskito.cz\/de\/wp-json\/wp\/v2\/product\/335845","targetHints":{"allow":["GET"]}}],"collection":[{"href":"https:\/\/www.moskito.cz\/de\/wp-json\/wp\/v2\/product"}],"about":[{"href":"https:\/\/www.moskito.cz\/de\/wp-json\/wp\/v2\/types\/product"}],"replies":[{"embeddable":true,"href":"https:\/\/www.moskito.cz\/de\/wp-json\/wp\/v2\/comments?post=335845"}],"wp:featuredmedia":[{"embeddable":true,"href":"https:\/\/www.moskito.cz\/de\/wp-json\/wp\/v2\/media\/335846"}],"wp:attachment":[{"href":"https:\/\/www.moskito.cz\/de\/wp-json\/wp\/v2\/media?parent=335845"}],"wp:term":[{"taxonomy":"pwb-brand","embeddable":true,"href":"https:\/\/www.moskito.cz\/de\/wp-json\/wp\/v2\/pwb-brand?post=335845"},{"taxonomy":"product_brand","embeddable":true,"href":"https:\/\/www.moskito.cz\/de\/wp-json\/wp\/v2\/product_brand?post=335845"},{"taxonomy":"product_cat","embeddable":true,"href":"https:\/\/www.moskito.cz\/de\/wp-json\/wp\/v2\/product_cat?post=335845"},{"taxonomy":"product_tag","embeddable":true,"href":"https:\/\/www.moskito.cz\/de\/wp-json\/wp\/v2\/product_tag?post=335845"}],"curies":[{"name":"wp","href":"https:\/\/api.w.org\/{rel}","templated":true}]}}