{"id":335847,"date":"2022-11-08T21:45:10","date_gmt":"2022-11-08T20:45:10","guid":{"rendered":"https:\/\/www.moskito.cz\/produkt\/massives-messer-cold-steel-chaos-double-edge\/"},"modified":"2025-05-07T11:12:59","modified_gmt":"2025-05-07T10:12:59","slug":"massives-messer-cold-steel-chaos-double-edge","status":"publish","type":"product","link":"https:\/\/www.moskito.cz\/de\/produkt\/massives-messer-cold-steel-chaos-double-edge\/","title":{"rendered":"Massives Messer Cold Steel CHAOS DOUBLE EDGE"},"content":{"rendered":"<p>Massives Messer <strong>Cold Steel<\/strong> CHAOS DOUBLE EDGE.<\/p>\n<p>Inspiriert von den klassischen \u201eGrabenmessern\u201c beider Weltkriege des letzten Jahrhunderts haben wir eine Reihe neuer taktischer feststehender Klingen entwickelt, die den Herausforderungen gerecht werden, denen sich moderne Krieger von heute gegen\u00fcbersehen. Unsere soliden Klingen der Chaos-Serie verf\u00fcgen \u00fcber einzigartige \u201eD\u201c-f\u00f6rmige Schutzringe aus verst\u00e4rktem 6061-Aluminium, die einen unglaublich sicheren und bequemen Griff erm\u00f6glichen und gleichzeitig die Hand vor eingehenden Angriffen und Sch\u00e4den sch\u00fctzen, wenn sie einen Gegner treffen oder schneiden, der mit K\u00f6rperschutz und Munition bedeckt ist , Taschenlampen, Zeitschriften und Ausr\u00fcstung! Ihre extrastarken K\u00f6pfe aus 1055-Kohlenstoffstahl sind konisch zulaufend, um die Schlagkraft des Hammerschlags zu konzentrieren, und ihre Klingen aus SK-5-Kohlenstoffstahl sind f\u00fcr maximale Leistung fachm\u00e4nnisch w\u00e4rmebehandelt.<\/p>\n<p>PRODUKTPARAMETER<br \/>\nStahl: SK-5 High Carbon<br \/>\nGesamtgr\u00f6\u00dfe: 342 mm<br \/>\nKlingenl\u00e4nge: 190 mm<br \/>\nGriffmaterial: 6061 Aluminium<br \/>\nGriffl\u00e4nge: 152 mm<br \/>\nSchwarze Farbe:<\/p>\n<p>Gewicht: 481,94 g<br \/>\nKlingenst\u00e4rke: 4,5 mm<br \/>\nMantelmaterial: Secure-Ex\u00ae Mantel<\/p>\n","protected":false},"excerpt":{"rendered":"<p>Wir stellen vor: das Chaos Double Edge von Cold Steel.<\/p>\n","protected":false},"featured_media":335848,"comment_status":"open","ping_status":"closed","template":"","meta":[],"pwb-brand":[3602],"product_brand":[],"product_cat":[3287,3285],"product_tag":[],"class_list":{"0":"post-335847","1":"product","2":"type-product","3":"status-publish","4":"has-post-thumbnail","6":"pwb-brand-kalter-stahl","7":"product_cat-solide-messer","8":"product_cat-messer","10":"first","11":"instock","12":"taxable","13":"shipping-taxable","14":"purchasable","15":"product-type-simple"},"brands":[{"id":3602,"name":"Kalter Stahl","slug":"kalter-stahl"}],"_links":{"self":[{"href":"https:\/\/www.moskito.cz\/de\/wp-json\/wp\/v2\/product\/335847","targetHints":{"allow":["GET"]}}],"collection":[{"href":"https:\/\/www.moskito.cz\/de\/wp-json\/wp\/v2\/product"}],"about":[{"href":"https:\/\/www.moskito.cz\/de\/wp-json\/wp\/v2\/types\/product"}],"replies":[{"embeddable":true,"href":"https:\/\/www.moskito.cz\/de\/wp-json\/wp\/v2\/comments?post=335847"}],"wp:featuredmedia":[{"embeddable":true,"href":"https:\/\/www.moskito.cz\/de\/wp-json\/wp\/v2\/media\/335848"}],"wp:attachment":[{"href":"https:\/\/www.moskito.cz\/de\/wp-json\/wp\/v2\/media?parent=335847"}],"wp:term":[{"taxonomy":"pwb-brand","embeddable":true,"href":"https:\/\/www.moskito.cz\/de\/wp-json\/wp\/v2\/pwb-brand?post=335847"},{"taxonomy":"product_brand","embeddable":true,"href":"https:\/\/www.moskito.cz\/de\/wp-json\/wp\/v2\/product_brand?post=335847"},{"taxonomy":"product_cat","embeddable":true,"href":"https:\/\/www.moskito.cz\/de\/wp-json\/wp\/v2\/product_cat?post=335847"},{"taxonomy":"product_tag","embeddable":true,"href":"https:\/\/www.moskito.cz\/de\/wp-json\/wp\/v2\/product_tag?post=335847"}],"curies":[{"name":"wp","href":"https:\/\/api.w.org\/{rel}","templated":true}]}}