{"id":335864,"date":"2022-11-04T20:09:14","date_gmt":"2024-04-19T12:25:48","guid":{"rendered":"https:\/\/www.moskito.cz\/produkt\/feststehendes-messer-cold-steel-magnum-warcraft-tanto-4034\/"},"modified":"2025-05-07T11:13:00","modified_gmt":"2025-05-07T10:13:00","slug":"feststehendes-messer-cold-steel-magnum-warcraft-tanto-4034","status":"publish","type":"product","link":"https:\/\/www.moskito.cz\/de\/produkt\/feststehendes-messer-cold-steel-magnum-warcraft-tanto-4034\/","title":{"rendered":"Feststehendes Messer Cold Steel MAGNUM WARCRAFT TANTO (4034)"},"content":{"rendered":"<p>Feststehendes Messer <strong>Cold Steel<\/strong> MAGNUM WARCRAFT TANTO (4034)<\/p>\n<p>Die Produktlinie Warcraft Tanto ist als moderne Version eines Milit\u00e4rmessers f\u00fcr Streitkr\u00e4fte gedacht. Die 5 mm starke Klinge mit robuster Full-Tang-Konstruktion, die sich durch den gesamten Formgriff zieht, verleihen dem Messer au\u00dfergew\u00f6hnliche Eigenschaften. Das Messer liegt perfekt in der Hand und sein h\u00f6heres Gewicht betont die Technik beim Schneiden. Jedes unserer Warcraft Tanto-Messer ist aus japanischem 4034-Edelstahl gefertigt. Dieser Edelstahl hat vergleichbare Eigenschaften wie AUS8A oder 440C. Das GNF-Griffmaterial ist Nylon, laminiert mit Glasfaser. Das Messer ist in drei Gr\u00f6\u00dfen erh\u00e4ltlich. Das Warcraft Tanto wird mit einem Hartschalenetui aus Secure-Ex\u00ae Sheath-Material geliefert.<\/p>\n<p>PRODUKTPARAMETER<br \/>\nGewicht: 510 g<br \/>\nKlingenl\u00e4nge: 305 mm<br \/>\nMantelmaterial: Secure-Ex\u00ae Mantel<br \/>\nStahl: 4034SS-Stahl<br \/>\nFarbe silber<br \/>\nKlingenst\u00e4rke: 5 mm<br \/>\nGriffl\u00e4nge: 127 mm<br \/>\nGesamtgr\u00f6\u00dfe: 431,8 mm<br \/>\nGriffmaterial: GFN<\/p>\n","protected":false},"excerpt":{"rendered":"<p>Das Magnum Warcraft Tanto Messer mit feststehender Klinge ist aufgrund seiner L\u00e4nge und Form der Klinge sowie des geformten Griffs pr\u00e4destiniert f\u00fcr Hiebtechniken.<\/p>\n","protected":false},"featured_media":335865,"comment_status":"open","ping_status":"closed","template":"","meta":[],"pwb-brand":[3602],"product_brand":[],"product_cat":[3285,3287],"product_tag":[],"class_list":{"0":"post-335864","1":"product","2":"type-product","3":"status-publish","4":"has-post-thumbnail","6":"pwb-brand-kalter-stahl","7":"product_cat-messer","8":"product_cat-solide-messer","10":"first","11":"instock","12":"taxable","13":"shipping-taxable","14":"purchasable","15":"product-type-simple"},"brands":[{"id":3602,"name":"Kalter Stahl","slug":"kalter-stahl"}],"_links":{"self":[{"href":"https:\/\/www.moskito.cz\/de\/wp-json\/wp\/v2\/product\/335864","targetHints":{"allow":["GET"]}}],"collection":[{"href":"https:\/\/www.moskito.cz\/de\/wp-json\/wp\/v2\/product"}],"about":[{"href":"https:\/\/www.moskito.cz\/de\/wp-json\/wp\/v2\/types\/product"}],"replies":[{"embeddable":true,"href":"https:\/\/www.moskito.cz\/de\/wp-json\/wp\/v2\/comments?post=335864"}],"wp:featuredmedia":[{"embeddable":true,"href":"https:\/\/www.moskito.cz\/de\/wp-json\/wp\/v2\/media\/335865"}],"wp:attachment":[{"href":"https:\/\/www.moskito.cz\/de\/wp-json\/wp\/v2\/media?parent=335864"}],"wp:term":[{"taxonomy":"pwb-brand","embeddable":true,"href":"https:\/\/www.moskito.cz\/de\/wp-json\/wp\/v2\/pwb-brand?post=335864"},{"taxonomy":"product_brand","embeddable":true,"href":"https:\/\/www.moskito.cz\/de\/wp-json\/wp\/v2\/product_brand?post=335864"},{"taxonomy":"product_cat","embeddable":true,"href":"https:\/\/www.moskito.cz\/de\/wp-json\/wp\/v2\/product_cat?post=335864"},{"taxonomy":"product_tag","embeddable":true,"href":"https:\/\/www.moskito.cz\/de\/wp-json\/wp\/v2\/product_tag?post=335864"}],"curies":[{"name":"wp","href":"https:\/\/api.w.org\/{rel}","templated":true}]}}