{"id":335882,"date":"2021-07-21T13:30:53","date_gmt":"2021-07-21T12:30:53","guid":{"rendered":"https:\/\/www.moskito.cz\/produkt\/feststehendes-messer-cold-steel-magnum-tanto-ii-san-mai\/"},"modified":"2024-04-19T13:33:07","modified_gmt":"2024-04-19T12:33:07","slug":"feststehendes-messer-cold-steel-magnum-tanto-ii-san-mai","status":"publish","type":"product","link":"https:\/\/www.moskito.cz\/de\/produkt\/feststehendes-messer-cold-steel-magnum-tanto-ii-san-mai\/","title":{"rendered":"Feststehendes Messer Cold Steel Magnum Tanto II San Mai"},"content":{"rendered":"<p>Feststehendes Messer <strong>Cold Steel<\/strong> Magnum Tanto II San Mai.<\/p>\n<p>Es gibt heute niemanden in der Messerbranche, der mehr \u00fcber Tanto wei\u00df als Cold Steel. Schlie\u00dflich hat Cold Steel diesen Messerstil Anfang der 1980er Jahre erfunden und popul\u00e4r gemacht. Flug. Wir haben Millionen von Dollar ausgegeben, um die \u00d6ffentlichkeit von den vielen Vorteilen von Tanto zu \u00fcberzeugen, sowohl durch Werbung als auch durch Live-Demonstrationen oder Videoaufzeichnungen. Wir produzieren Tanto seit \u00fcber 30 Jahren und es gibt immer noch keine Tanto-Fabrik oder keinen Messerhersteller, der auch nur ann\u00e4hernd an die Schneid-, Hack- oder Stechleistung von Cold Steel herankommt. Alle unsere Tantos verf\u00fcgen \u00fcber ein tiefgl\u00e4nzendes Satin-Finish auf den hohlgeschliffenen Fasen der Klinge und ein kontrastierendes Linienfinish auf den flachen Oberfl\u00e4chen der Klinge. Diese Technik unterstreicht unsere hochmodernen Schleifmethoden und unterstreicht das einzigartige Erscheinungsbild des Cold Steel Tanto. Dar\u00fcber hinaus ist das Tanto mit unserem ber\u00fchmten abgeflachten ovalen Kraton-Griff ausgestattet. Die ovale Form sorgt f\u00fcr einen festen Halt und verhindert, dass das Messer bei hartem Gebrauch umkippt oder sich in der Hand verdreht, was ein kleineres Messer mit der Zeit zerst\u00f6ren w\u00fcrde. Die Verwendung von Kraton im Messergriff ist eine weitere Innovation von Cold Steel. Kraton ist ein konkurrenzloses Material aus dem Weltraumzeitalter, das nicht rei\u00dft oder verrottet und immun gegen die Verw\u00fcstung durch schlechtes Wetter ist. Der konische Stahlkopf ist ein weiteres wichtiges Merkmal des Tanto, das Sie nicht au\u00dfer Acht lassen sollten. Lynn Thompson hat es entwickelt, um die volle Kraft eines vernichtenden Schlags auf einen kleinen Bereich zu konzentrieren, sodass selbst ein m\u00e4\u00dfiger Schlag einen Angreifer bemerkenswert effektiv entwaffnen oder auf andere Weise au\u00dfer Gefecht setzen kann. Alle Messer der San Mai Tanto-Serie werden mit einer dicken, hochwertigen Secure-Ex\u2122-Scheide geliefert, die Ihnen viele Jahre lang gute Dienste leistet und Ihr Tanto einsatzbereit an Ihrer Seite h\u00e4lt.<\/p>\n<p>Stahl: VG-10 San Mai \u2013 dreischichtiges Sandwich<br \/>\nKlingenl\u00e4nge: 190 mm<br \/>\nKlingenst\u00e4rke: 5 mm<br \/>\nKlingenl\u00e4nge: 333 mm<br \/>\nGesamtgewicht des Messers 322 g<\/p>\n<p>Cold Steel ist ein Unternehmen, das sich mit der Herstellung der st\u00e4rksten und sch\u00e4rfsten Messer der Welt besch\u00e4ftigt. In den letzten drei Jahrzehnten stand Cold Steel an der Spitze zahlreicher Innovationen, die die Messerindustrie gepr\u00e4gt haben. Aufeinanderfolgende Erfolge, darunter die Einf\u00fchrung von karierten Kraton\u00ae-Griffen und Tanto-Spitzklingenstilen, haben sich von merkw\u00fcrdigen Merkmalen zu industriellen Markenzeichen f\u00fcr Qualit\u00e4t und Raffinesse entwickelt. Die neue Richtung wurde auch mit der Einf\u00fchrung einzigartiger neuer Stahlklingen wie San Mai III\u00ae und Tri-Ad\u2122 Lock &amp; Lock-Mechanismus f\u00fcr Klappmesser gebrochen. Zum Beispiel wurde das Tri-Ad\u2122-Schloss von keinem Mitbewerber von Cold Steel erreicht und es wurde nicht nachgewiesen, dass es alles \u00fcbertrifft, was sie bisher produziert haben. Selbstverst\u00e4ndlich blickt Cold Steel stets in die Zukunft und ist stets bestrebt, die st\u00e4rksten und sch\u00e4rfsten Messer der Welt herzustellen. Dieses gleicherma\u00dfen schwer fassbare und schwer zu erreichende Ziel ist seit vierzig Jahren dasselbe. Cold Steel Inc. ist ein Unternehmen, das sich auf die Herstellung der st\u00e4rksten und sch\u00e4rfsten Messer, Schwerter, Tomahawks, Macheten, Bestecke und Werkzeuge f\u00fcr den t\u00e4glichen Gebrauch konzentriert: EDC. Cold Steel wurde schnell vom Milit\u00e4r, den Spezialeinheiten der Strafverfolgungsbeh\u00f6rden, Notfallhelfern, Selbstverteidigungsexperten und Mitgliedern der Kampfsportgemeinschaft \u00fcbernommen und machte sich schnell einen Namen f\u00fcr Qualit\u00e4t, St\u00e4rke, Zuverl\u00e4ssigkeit und Zuverl\u00e4ssigkeit beim t\u00e4glichen Tragen (EDC). . Unser vielf\u00e4ltiges und abwechslungsreiches Sortiment wuchs schnell und umfasste nicht nur eine riesige Auswahl an Klappmessern (von kleineren \u201eEDC\u201c-Klingen bis zu unseren legend\u00e4ren riesigen \u201eMega-Foldern\u201c), sondern auch feststehende Klingen, Schwerter, S\u00e4bel, St\u00e4be und Hellebarden sowie Jagdzubeh\u00f6r, Speere, Gewehre, \u00c4xte, Macheten, Tomahawks und Werkzeuge! Im Laufe der Jahrzehnte hat Cold Steel bahnbrechende neue Materialien und Designs eingef\u00fchrt, die die Welt moderner Messer, Blankwaffen und Werkzeuge gepr\u00e4gt haben. Von der Einf\u00fchrung der karierten Kraton\u00ae-Griffe und der \u201eamerikanisierten\u201c Tanto-Klinge bis hin zur Einbeziehung innovativer neuer Klingenst\u00e4hle wie San Mai III\u00ae und bahnbrechender Verriegelungsmechanismen (wie unserem Tri-Ad \u2122 Lock). Wenn wir in die Zukunft blicken, bringt Cold Steel weiterhin neue Ma\u00dfst\u00e4be an Festigkeit, Sicherheit und Leistung auf den Markt und bietet bew\u00e4hrte Produkte, auf die Sie sich jederzeit und \u00fcberall verlassen k\u00f6nnen!<\/p>\n","protected":false},"excerpt":{"rendered":"<p>Feststehendes Messer mit Scheide.<\/p>\n","protected":false},"featured_media":335883,"comment_status":"open","ping_status":"closed","template":"","meta":[],"pwb-brand":[3602],"product_brand":[],"product_cat":[3287,3285],"product_tag":[],"class_list":{"0":"post-335882","1":"product","2":"type-product","3":"status-publish","4":"has-post-thumbnail","6":"pwb-brand-kalter-stahl","7":"product_cat-solide-messer","8":"product_cat-messer","10":"first","11":"instock","12":"taxable","13":"shipping-taxable","14":"purchasable","15":"product-type-simple"},"brands":[{"id":3602,"name":"Kalter Stahl","slug":"kalter-stahl"}],"_links":{"self":[{"href":"https:\/\/www.moskito.cz\/de\/wp-json\/wp\/v2\/product\/335882","targetHints":{"allow":["GET"]}}],"collection":[{"href":"https:\/\/www.moskito.cz\/de\/wp-json\/wp\/v2\/product"}],"about":[{"href":"https:\/\/www.moskito.cz\/de\/wp-json\/wp\/v2\/types\/product"}],"replies":[{"embeddable":true,"href":"https:\/\/www.moskito.cz\/de\/wp-json\/wp\/v2\/comments?post=335882"}],"wp:featuredmedia":[{"embeddable":true,"href":"https:\/\/www.moskito.cz\/de\/wp-json\/wp\/v2\/media\/335883"}],"wp:attachment":[{"href":"https:\/\/www.moskito.cz\/de\/wp-json\/wp\/v2\/media?parent=335882"}],"wp:term":[{"taxonomy":"pwb-brand","embeddable":true,"href":"https:\/\/www.moskito.cz\/de\/wp-json\/wp\/v2\/pwb-brand?post=335882"},{"taxonomy":"product_brand","embeddable":true,"href":"https:\/\/www.moskito.cz\/de\/wp-json\/wp\/v2\/product_brand?post=335882"},{"taxonomy":"product_cat","embeddable":true,"href":"https:\/\/www.moskito.cz\/de\/wp-json\/wp\/v2\/product_cat?post=335882"},{"taxonomy":"product_tag","embeddable":true,"href":"https:\/\/www.moskito.cz\/de\/wp-json\/wp\/v2\/product_tag?post=335882"}],"curies":[{"name":"wp","href":"https:\/\/api.w.org\/{rel}","templated":true}]}}