{"id":335895,"date":"2023-10-05T15:04:26","date_gmt":"2023-10-05T14:04:26","guid":{"rendered":"https:\/\/www.moskito.cz\/produkt\/massives-messer-cold-steel-wild-west-bowie-81b\/"},"modified":"2025-05-07T11:13:02","modified_gmt":"2025-05-07T10:13:02","slug":"massives-messer-cold-steel-wild-west-bowie-81b","status":"publish","type":"product","link":"https:\/\/www.moskito.cz\/de\/produkt\/massives-messer-cold-steel-wild-west-bowie-81b\/","title":{"rendered":"Massives Messer COLD STEEL WILD WEST BOWIE 81B"},"content":{"rendered":"<p>Massives Messer <strong>COLD STEEL<\/strong> WILD WEST BOWIE 81B<\/p>\n<p>Unser Wild West Bowie ist im Stil der ikonischen Big Blades in Western-TV-Shows und -Filmen gestaltet und ein markanter amerikanischer Klassiker. Die Klinge besteht aus 1090 Kohlenstoffstahl. Es handelt sich um eine lange, breite Klinge mit einer Vorw\u00e4rtsbalance, einem S\u00e4belschliff und einer verst\u00e4rkten falschen Schneide f\u00fcr maximale Schneid-, Hieb- und Stichkraft. Der Griff hat ein klassisches Profil mit Palisanderschalen, die mit Messingschrauben an der gesamten Spitze befestigt sind, und verf\u00fcgt \u00fcber einen charakteristischen Messinghandschutz mit S-Muster, um Ihre Finger zu sch\u00fctzen und sein Verteidigungspotenzial zu erh\u00f6hen. Der Wild West Bowie verf\u00fcgt \u00fcber ein traditionelles schwarzes Lederholster mit einer drehbaren G\u00fcrtelschlaufe aus Messing und einem Lederriemen.<\/p>\n<p>Klingenmaterial: 1090<br \/>\nGeh\u00e4usematerial: Leder<br \/>\nKlingenl\u00e4nge: 27,3 cm<br \/>\nGesamtl\u00e4nge: 41 cm<br \/>\nGriffl\u00e4nge: 13,3 cm<br \/>\nKlingenst\u00e4rke: 0,47 cm<br \/>\nGewicht: 655 g<br \/>\nKlingentyp: Clip Point<\/p>\n<p>&nbsp;<\/p>\n","protected":false},"excerpt":{"rendered":"<p><strong>Wild West Bowie ist eine Nachbildung eines Bowiemessers aus dem Wilden Westen.<\/strong><\/p>\n","protected":false},"featured_media":335896,"comment_status":"open","ping_status":"closed","template":"","meta":[],"pwb-brand":[3602],"product_brand":[],"product_cat":[3287,3285],"product_tag":[],"class_list":{"0":"post-335895","1":"product","2":"type-product","3":"status-publish","4":"has-post-thumbnail","6":"pwb-brand-kalter-stahl","7":"product_cat-solide-messer","8":"product_cat-messer","10":"first","11":"outofstock","12":"taxable","13":"shipping-taxable","14":"purchasable","15":"product-type-simple"},"brands":[{"id":3602,"name":"Kalter Stahl","slug":"kalter-stahl"}],"_links":{"self":[{"href":"https:\/\/www.moskito.cz\/de\/wp-json\/wp\/v2\/product\/335895","targetHints":{"allow":["GET"]}}],"collection":[{"href":"https:\/\/www.moskito.cz\/de\/wp-json\/wp\/v2\/product"}],"about":[{"href":"https:\/\/www.moskito.cz\/de\/wp-json\/wp\/v2\/types\/product"}],"replies":[{"embeddable":true,"href":"https:\/\/www.moskito.cz\/de\/wp-json\/wp\/v2\/comments?post=335895"}],"wp:featuredmedia":[{"embeddable":true,"href":"https:\/\/www.moskito.cz\/de\/wp-json\/wp\/v2\/media\/335896"}],"wp:attachment":[{"href":"https:\/\/www.moskito.cz\/de\/wp-json\/wp\/v2\/media?parent=335895"}],"wp:term":[{"taxonomy":"pwb-brand","embeddable":true,"href":"https:\/\/www.moskito.cz\/de\/wp-json\/wp\/v2\/pwb-brand?post=335895"},{"taxonomy":"product_brand","embeddable":true,"href":"https:\/\/www.moskito.cz\/de\/wp-json\/wp\/v2\/product_brand?post=335895"},{"taxonomy":"product_cat","embeddable":true,"href":"https:\/\/www.moskito.cz\/de\/wp-json\/wp\/v2\/product_cat?post=335895"},{"taxonomy":"product_tag","embeddable":true,"href":"https:\/\/www.moskito.cz\/de\/wp-json\/wp\/v2\/product_tag?post=335895"}],"curies":[{"name":"wp","href":"https:\/\/api.w.org\/{rel}","templated":true}]}}