{"id":335946,"date":"2022-11-08T22:13:14","date_gmt":"2024-04-19T12:44:13","guid":{"rendered":"https:\/\/www.moskito.cz\/produkt\/tomahawk-cold-steel-war-hawk\/"},"modified":"2025-05-07T11:13:04","modified_gmt":"2025-05-07T10:13:04","slug":"tomahawk-cold-steel-war-hawk","status":"publish","type":"product","link":"https:\/\/www.moskito.cz\/de\/produkt\/tomahawk-cold-steel-war-hawk\/","title":{"rendered":"Tomahawk Cold Steel WAR HAWK"},"content":{"rendered":"<p>Tomahawk <strong>Cold Steel<\/strong> WAR HAWK.<\/p>\n<p>Unser War Hawk kombiniert den taktischen Stil und die Materialien unseres beliebten Trench Hawk mit historisch inspirierten Designelementen alter Kampfhand\u00e4xte. Mit seinem breiten, b\u00e4rtigen Axtkopf und dem gebogenen, verst\u00e4rkten umgekehrten Dorn im Tanto-Stil ist dies ein durch und durch moderner taktischer Tomahawk und Durchbruch. Werkzeug! Jeder War Hawk wird mit einem patentierten Secure-Ex-Gelenkholster geliefert.<br \/>\nPRODUKTPARAMETER<br \/>\nSchwarze Farbe<br \/>\nStahl: Gesenkgeschmiedeter 1055-Kohlenstoff<br \/>\nKopfgr\u00f6\u00dfe: 76<br \/>\nGesamtgr\u00f6\u00dfe: 482 mm<br \/>\nGewicht: 836,31 g<br \/>\nGriffmaterial: Polypropylen<\/p>\n","protected":false},"excerpt":{"rendered":"<p>Tomahawk Cold Steel WAR HAWK. Unser War Hawk kombiniert den taktischen Stil und die Materialien unseres beliebten Trench Hawk mit historisch inspirierten Designelementen alter Kampfhand\u00e4xte. Mit seinem breiten, b\u00e4rtigen Axtkopf und dem gebogenen, verst\u00e4rkten umgekehrten Dorn im Tanto-Stil ist dies ein durch und durch moderner taktischer Tomahawk und Durchbruch. Werkzeug! Jeder War Hawk wird mit [&hellip;]<\/p>\n","protected":false},"featured_media":335947,"comment_status":"open","ping_status":"closed","template":"","meta":[],"pwb-brand":[3602],"product_brand":[],"product_cat":[3301],"product_tag":[],"class_list":{"0":"post-335946","1":"product","2":"type-product","3":"status-publish","4":"has-post-thumbnail","6":"pwb-brand-kalter-stahl","7":"product_cat-axte","9":"first","10":"instock","11":"sale","12":"taxable","13":"shipping-taxable","14":"purchasable","15":"product-type-simple"},"brands":[{"id":3602,"name":"Kalter Stahl","slug":"kalter-stahl"}],"_links":{"self":[{"href":"https:\/\/www.moskito.cz\/de\/wp-json\/wp\/v2\/product\/335946","targetHints":{"allow":["GET"]}}],"collection":[{"href":"https:\/\/www.moskito.cz\/de\/wp-json\/wp\/v2\/product"}],"about":[{"href":"https:\/\/www.moskito.cz\/de\/wp-json\/wp\/v2\/types\/product"}],"replies":[{"embeddable":true,"href":"https:\/\/www.moskito.cz\/de\/wp-json\/wp\/v2\/comments?post=335946"}],"wp:featuredmedia":[{"embeddable":true,"href":"https:\/\/www.moskito.cz\/de\/wp-json\/wp\/v2\/media\/335947"}],"wp:attachment":[{"href":"https:\/\/www.moskito.cz\/de\/wp-json\/wp\/v2\/media?parent=335946"}],"wp:term":[{"taxonomy":"pwb-brand","embeddable":true,"href":"https:\/\/www.moskito.cz\/de\/wp-json\/wp\/v2\/pwb-brand?post=335946"},{"taxonomy":"product_brand","embeddable":true,"href":"https:\/\/www.moskito.cz\/de\/wp-json\/wp\/v2\/product_brand?post=335946"},{"taxonomy":"product_cat","embeddable":true,"href":"https:\/\/www.moskito.cz\/de\/wp-json\/wp\/v2\/product_cat?post=335946"},{"taxonomy":"product_tag","embeddable":true,"href":"https:\/\/www.moskito.cz\/de\/wp-json\/wp\/v2\/product_tag?post=335946"}],"curies":[{"name":"wp","href":"https:\/\/api.w.org\/{rel}","templated":true}]}}