{"id":335956,"date":"2023-04-05T15:11:21","date_gmt":"2024-04-19T12:45:18","guid":{"rendered":"https:\/\/www.moskito.cz\/produkt\/cold-steel-trench-hawk-axt-von-green\/"},"modified":"2025-05-07T11:13:05","modified_gmt":"2025-05-07T10:13:05","slug":"cold-steel-trench-hawk-axt-von-green","status":"publish","type":"product","link":"https:\/\/www.moskito.cz\/de\/produkt\/cold-steel-trench-hawk-axt-von-green\/","title":{"rendered":"Cold Steel TRENCH HAWK Axt von GREEN"},"content":{"rendered":"<p><strong>Cold Steel<\/strong> TRENCH HAWK Axt von GREEN<\/p>\n<p><strong>Kaltstahl-Grabenfalke<\/strong>  verf\u00fcgt \u00fcber eine scharfe Kante und eine Keilspitze, die den modernen Kriegern unseres Landes zahlreiche taktische \u201eOptionen\u201c bietet. Der aus 1055-Kohlenstoffstahl gesenkgeschmiedete und differenziell geh\u00e4rtete Trench Hawk-Kopf widersteht gro\u00dfen St\u00f6\u00dfen und der schrecklichen Belastung durch langfristigen harten Einsatz. Der Griff unseres Trench Hawk ist \u00e4u\u00dferst sto\u00dffest und h\u00e4lt Belastungen stand, die selbst einen soliden Hickory-Stiel zerbrechen w\u00fcrden. Und als zus\u00e4tzlicher Bonus ist es einfach und kosteng\u00fcnstig auszutauschen, wenn es durch wiederholtes Werfen schlie\u00dflich abgenutzt ist.* Der Trench Hawk wird mit einer patentierten Secure-Ex\u2122-Gelenkh\u00fclse geliefert.<\/p>\n<p>Beschreibung:<\/p>\n<p>Geh\u00e4usematerial: Secure-Ex<br \/>\nGriffmaterial: Polypropylen<br \/>\nKlingenmaterial: 1055<br \/>\nAxttyp: Tomahawk<br \/>\nGewicht: 822 g<br \/>\nGesamtl\u00e4nge: 48,3 cm<br \/>\nAxtkopfl\u00e4nge: 9 cm<\/p>\n<p>&nbsp;<\/p>\n","protected":false},"excerpt":{"rendered":"<p><strong>COLD STEEL Trench Hawk ist ein Tomahawk aus modernen und sehr langlebigen Materialien.<\/strong><\/p>\n","protected":false},"featured_media":335957,"comment_status":"open","ping_status":"closed","template":"","meta":[],"pwb-brand":[3602],"product_brand":[],"product_cat":[3301],"product_tag":[],"class_list":{"0":"post-335956","1":"product","2":"type-product","3":"status-publish","4":"has-post-thumbnail","6":"pwb-brand-kalter-stahl","7":"product_cat-axte","9":"first","10":"outofstock","11":"taxable","12":"shipping-taxable","13":"purchasable","14":"product-type-simple"},"brands":[{"id":3602,"name":"Kalter Stahl","slug":"kalter-stahl"}],"_links":{"self":[{"href":"https:\/\/www.moskito.cz\/de\/wp-json\/wp\/v2\/product\/335956","targetHints":{"allow":["GET"]}}],"collection":[{"href":"https:\/\/www.moskito.cz\/de\/wp-json\/wp\/v2\/product"}],"about":[{"href":"https:\/\/www.moskito.cz\/de\/wp-json\/wp\/v2\/types\/product"}],"replies":[{"embeddable":true,"href":"https:\/\/www.moskito.cz\/de\/wp-json\/wp\/v2\/comments?post=335956"}],"wp:featuredmedia":[{"embeddable":true,"href":"https:\/\/www.moskito.cz\/de\/wp-json\/wp\/v2\/media\/335957"}],"wp:attachment":[{"href":"https:\/\/www.moskito.cz\/de\/wp-json\/wp\/v2\/media?parent=335956"}],"wp:term":[{"taxonomy":"pwb-brand","embeddable":true,"href":"https:\/\/www.moskito.cz\/de\/wp-json\/wp\/v2\/pwb-brand?post=335956"},{"taxonomy":"product_brand","embeddable":true,"href":"https:\/\/www.moskito.cz\/de\/wp-json\/wp\/v2\/product_brand?post=335956"},{"taxonomy":"product_cat","embeddable":true,"href":"https:\/\/www.moskito.cz\/de\/wp-json\/wp\/v2\/product_cat?post=335956"},{"taxonomy":"product_tag","embeddable":true,"href":"https:\/\/www.moskito.cz\/de\/wp-json\/wp\/v2\/product_tag?post=335956"}],"curies":[{"name":"wp","href":"https:\/\/api.w.org\/{rel}","templated":true}]}}