{"id":335965,"date":"2022-04-20T19:49:43","date_gmt":"2024-04-19T12:46:31","guid":{"rendered":"https:\/\/www.moskito.cz\/produkt\/massives-messer-cold-steel-leatherneck-tanto\/"},"modified":"2025-05-07T11:13:05","modified_gmt":"2025-05-07T10:13:05","slug":"massives-messer-cold-steel-leatherneck-tanto","status":"publish","type":"product","link":"https:\/\/www.moskito.cz\/de\/produkt\/massives-messer-cold-steel-leatherneck-tanto\/","title":{"rendered":"Massives Messer Cold Steel LEATHERNECK TANTO"},"content":{"rendered":"<p>Massives Messer <strong>Cold Steel<\/strong> LEATHERNECK TANTO.<\/p>\n<p>Die Cold Steel Leatherneck-Reihe besteht aus zwei unterschiedlichen und ikonischen Klingenstilen, die sich beide bei unseren Br\u00fcdern und Schwestern in den Streitkr\u00e4ften als \u00e4u\u00dferst beliebt erwiesen haben: Der Leatherneck-SF (f\u00fcr Semper-Fi) verf\u00fcgt \u00fcber einen wundersch\u00f6nen handgeschliffenen S\u00e4bel. Die geschliffene Clip Point- und Leatherneck-Tanto-Klinge verf\u00fcgt \u00fcber unsere charakteristische \u201eAmerican Tanto\u201c-Klinge von Cold Steel mit einer soliden, verst\u00e4rkten Spitze f\u00fcr zus\u00e4tzliche Festigkeit. Beide bestehen aus robustem D2-Werkzeugstahl mit einer entspiegelten schwarzen Pulverbeschichtung. Um zu verhindern, dass die Finger des Benutzers an der scharfen Kante nach vorne rutschen, sind Leathernecks mit einem massiven Doppelparierstangenschutz aus Stahl ausgestattet. Die Griffe bestehen aus tief kariertem Kray-Ex\u2122, das die extra breiten und vollen Lederh\u00e4lse vollst\u00e4ndig bedeckt. Der Leatherneck-Griff ist mit einer dicken Schaftkappe aus bearbeitetem Stahl versehen (kein billiger Guss oder Kunststoff wie bei einigen anderen auf dem Markt), sodass er im Notfall auch als Hammer fungieren kann! F\u00fcr den sicheren und bequemen Transport von Leatherneck-Messern ist jede Klinge mit einer robusten und vielseitigen Secure-Ex-Scheide im Milit\u00e4rstil mit einer vollst\u00e4ndig abnehmbaren und umkehrbaren G\u00fcrtelschlaufe ausgestattet.<\/p>\n<p>PRODUKTPARAMETER<br \/>\nGriffmaterial: Long Griv-Ex\u2122<br \/>\nSchwarze Farbe<br \/>\nStahl: Deutscher D2-Stahl mit schwarzer Pulverbeschichtung<br \/>\nGewicht: 345,86 g<br \/>\nKlingenst\u00e4rke: 5 mm<br \/>\nGriffl\u00e4nge: 123 mm<br \/>\nKlingenl\u00e4nge: 180 mm<br \/>\nGesamtgr\u00f6\u00dfe: 303 mm<br \/>\nMantelmaterial: Secure-Ex\u00ae Mantel<\/p>\n<p>Die Cold Steel Leatherneck-Serie besteht aus zwei unterschiedlichen und ikonischen Klingenstilen, die sich beide bei unseren Br\u00fcdern und Schwestern in den Streitkr\u00e4ften als \u00e4u\u00dferst beliebt erwiesen haben: Der Leatherneck-SF (f\u00fcr Semper-Fi) verf\u00fcgt \u00fcber einen wundersch\u00f6nen handgeschliffenen S\u00e4bel Die geschliffene Clip-Point-Klinge des Leatherneck Tanto verf\u00fcgt \u00fcber unsere charakteristische \u201eAmerican Tanto\u201c-Klinge von Cold Steel mit einer robusten, verst\u00e4rkten Spitze f\u00fcr zus\u00e4tzliche Festigkeit. Beide bestehen aus robustem D2-Werkzeugstahl mit einer nicht reflektierenden schwarzen Pulverbeschichtung. Um zu verhindern, dass die Finger des Benutzers nach vorne auf die scharfe Kante rutschen, sind die Leathernecks mit einem massiven Doppelparierstangenschutz aus Stahl ausgestattet. Die Griffe bestehen aus tief kariertem Kray-Ex\u2122, das die extrabreite Vollerl des Leathernecks vollst\u00e4ndig umschlie\u00dft. Der Griff des Leatherneck ist mit einer dicken, bearbeiteten Schaftkappe aus Stahl versehen (kein billiger Guss oder Kunststoff wie bei einigen anderen auf dem Markt), sodass er im Notfall sogar als Hammer fungieren kann! Um die Leatherneck-Messer sicher und bequem zu tragen, wird jede Klinge mit einer robusten und vielseitigen Secure-Ex-Scheide im Milit\u00e4rstil mit vollst\u00e4ndig abnehmbarer und beidh\u00e4ndig verwendbarer G\u00fcrtelschlaufe geliefert.<\/p>\n<p>Gewicht: 12,2 Unzen Klingenst\u00e4rke: 5 mm Klingenl\u00e4nge: 7 Zoll Klingenstahl: Deutscher D2-Stahl mit schwarzer Pulverbeschichtung Griffl\u00e4nge\/Material: 5 Zoll Griv-Ex\u2122 Gesamtl\u00e4nge: 12 Zoll Zus\u00e4tzliche Funktionen: Secure-Ex\u00ae-Scheide<\/p>\n","protected":false},"excerpt":{"rendered":"<p>Das Leatherneck Tanto von COLD STEEL ist ein Feldmesser mit feststehender Klinge. Dieses Taschenmesser wurde als Hommage an das United States Marine Corps hergestellt.<\/p>\n","protected":false},"featured_media":335967,"comment_status":"open","ping_status":"closed","template":"","meta":[],"pwb-brand":[3602],"product_brand":[],"product_cat":[3285,3287],"product_tag":[],"class_list":{"0":"post-335965","1":"product","2":"type-product","3":"status-publish","4":"has-post-thumbnail","6":"pwb-brand-kalter-stahl","7":"product_cat-messer","8":"product_cat-solide-messer","10":"first","11":"outofstock","12":"taxable","13":"shipping-taxable","14":"purchasable","15":"product-type-simple"},"brands":[{"id":3602,"name":"Kalter Stahl","slug":"kalter-stahl"}],"_links":{"self":[{"href":"https:\/\/www.moskito.cz\/de\/wp-json\/wp\/v2\/product\/335965","targetHints":{"allow":["GET"]}}],"collection":[{"href":"https:\/\/www.moskito.cz\/de\/wp-json\/wp\/v2\/product"}],"about":[{"href":"https:\/\/www.moskito.cz\/de\/wp-json\/wp\/v2\/types\/product"}],"replies":[{"embeddable":true,"href":"https:\/\/www.moskito.cz\/de\/wp-json\/wp\/v2\/comments?post=335965"}],"wp:featuredmedia":[{"embeddable":true,"href":"https:\/\/www.moskito.cz\/de\/wp-json\/wp\/v2\/media\/335967"}],"wp:attachment":[{"href":"https:\/\/www.moskito.cz\/de\/wp-json\/wp\/v2\/media?parent=335965"}],"wp:term":[{"taxonomy":"pwb-brand","embeddable":true,"href":"https:\/\/www.moskito.cz\/de\/wp-json\/wp\/v2\/pwb-brand?post=335965"},{"taxonomy":"product_brand","embeddable":true,"href":"https:\/\/www.moskito.cz\/de\/wp-json\/wp\/v2\/product_brand?post=335965"},{"taxonomy":"product_cat","embeddable":true,"href":"https:\/\/www.moskito.cz\/de\/wp-json\/wp\/v2\/product_cat?post=335965"},{"taxonomy":"product_tag","embeddable":true,"href":"https:\/\/www.moskito.cz\/de\/wp-json\/wp\/v2\/product_tag?post=335965"}],"curies":[{"name":"wp","href":"https:\/\/api.w.org\/{rel}","templated":true}]}}