{"id":336000,"date":"2022-11-24T22:24:53","date_gmt":"2024-04-19T13:07:19","guid":{"rendered":"https:\/\/www.moskito.cz\/produkt\/schliessmesser-extrema-ratio-mf1-schwarz-ruvido\/"},"modified":"2025-05-07T11:13:06","modified_gmt":"2025-05-07T10:13:06","slug":"schliessmesser-extrema-ratio-mf1-schwarz-ruvido","status":"publish","type":"product","link":"https:\/\/www.moskito.cz\/de\/produkt\/schliessmesser-extrema-ratio-mf1-schwarz-ruvido\/","title":{"rendered":"Schlie\u00dfmesser Extrema Ratio MF1 SCHWARZ RUVIDO"},"content":{"rendered":"<p>Schlie\u00dfmesser <strong>Extrema Ratio<\/strong> MF1 SCHWARZ RUVIDO.<\/p>\n<p>Alles, was gerade \u00fcber die MF-Serie gesagt wurde, gilt auch f\u00fcr das MF1-Modell. Seine Variante, der MF1 BC (\u201eBelt Cutter\u201c), verf\u00fcgt \u00fcber einen integrierten G\u00fcrtelschneider im Griff, der f\u00fcr die Aufnahme einer Standard-Schneidklinge in Industriequalit\u00e4t ausgelegt ist, die leicht ausgetauscht werden kann. Es verf\u00fcgt au\u00dferdem \u00fcber einen eingebauten Schraubendreher zum Einstellen der Optik der Waffe. Diese Version ist mit einem rauen Griff f\u00fcr besseren Halt ausgestattet.<\/p>\n<p>GEWICHT G: 166<br \/>\nGEWICHT UNZEN: 5,9<br \/>\nKLINGENL\u00c4NGE (MM): 92<br \/>\nKLINGENL\u00c4NGE (ZOLL): 3,6<br \/>\nGESAMTL\u00c4NGE (MM): 227<br \/>\nGESAMTL\u00c4NGE (ZOLL): 8,9<br \/>\nKLINGENST\u00c4RKE (MM): 4<br \/>\nKLINGENST\u00c4RKE (ZOLL): 0,16<br \/>\nKLINGENMATERIAL: B\u00d6HLER N690 STAHL (58HRC)<br \/>\nKLINGENOBERFL\u00c4CHENBEHANDLUNG: MIL-C-13924-POLIEREN<br \/>\nHAUPTGITTER: FLACH<br \/>\nGRIFFMATERIAL: KORROSIONSSCHUTZ ELOXIERTES ALUMINIUM<\/p>\n","protected":false},"excerpt":{"rendered":"<p>Extrema Ratio mit Sitz in Prato, Italien, entwirft und produziert seit 1997 leistungsstarke Kampf-, Milit\u00e4r-, K\u00fcchen-, Jagd- und taktische Messer und genie\u00dft einen Ruf f\u00fcr \u00fcberlegene Qualit\u00e4t, die in der Milit\u00e4r- und taktischen Messerbranche ihresgleichen sucht. Kostenloser Transport .<\/p>\n","protected":false},"featured_media":336001,"comment_status":"open","ping_status":"closed","template":"","meta":[],"pwb-brand":[3539],"product_brand":[],"product_cat":[3285,3303],"product_tag":[3669],"class_list":{"0":"post-336000","1":"product","2":"type-product","3":"status-publish","4":"has-post-thumbnail","6":"pwb-brand-extrema-verhaltnis","7":"product_cat-messer","8":"product_cat-schliesmesser","9":"product_tag-b2b-de","11":"first","12":"instock","13":"taxable","14":"shipping-taxable","15":"purchasable","16":"product-type-simple"},"brands":[{"id":3539,"name":"Extrema-Verh\u00e4ltnis","slug":"extrema-verhaltnis"}],"_links":{"self":[{"href":"https:\/\/www.moskito.cz\/de\/wp-json\/wp\/v2\/product\/336000","targetHints":{"allow":["GET"]}}],"collection":[{"href":"https:\/\/www.moskito.cz\/de\/wp-json\/wp\/v2\/product"}],"about":[{"href":"https:\/\/www.moskito.cz\/de\/wp-json\/wp\/v2\/types\/product"}],"replies":[{"embeddable":true,"href":"https:\/\/www.moskito.cz\/de\/wp-json\/wp\/v2\/comments?post=336000"}],"wp:featuredmedia":[{"embeddable":true,"href":"https:\/\/www.moskito.cz\/de\/wp-json\/wp\/v2\/media\/336001"}],"wp:attachment":[{"href":"https:\/\/www.moskito.cz\/de\/wp-json\/wp\/v2\/media?parent=336000"}],"wp:term":[{"taxonomy":"pwb-brand","embeddable":true,"href":"https:\/\/www.moskito.cz\/de\/wp-json\/wp\/v2\/pwb-brand?post=336000"},{"taxonomy":"product_brand","embeddable":true,"href":"https:\/\/www.moskito.cz\/de\/wp-json\/wp\/v2\/product_brand?post=336000"},{"taxonomy":"product_cat","embeddable":true,"href":"https:\/\/www.moskito.cz\/de\/wp-json\/wp\/v2\/product_cat?post=336000"},{"taxonomy":"product_tag","embeddable":true,"href":"https:\/\/www.moskito.cz\/de\/wp-json\/wp\/v2\/product_tag?post=336000"}],"curies":[{"name":"wp","href":"https:\/\/api.w.org\/{rel}","templated":true}]}}