{"id":336153,"date":"2022-11-27T22:07:01","date_gmt":"2024-04-19T14:18:47","guid":{"rendered":"https:\/\/www.moskito.cz\/produkt\/multifunktionsschere-sog-parashears-schwarz\/"},"modified":"2025-05-07T11:13:11","modified_gmt":"2025-05-07T10:13:11","slug":"multifunktionsschere-sog-parashears-schwarz","status":"publish","type":"product","link":"https:\/\/www.moskito.cz\/de\/produkt\/multifunktionsschere-sog-parashears-schwarz\/","title":{"rendered":"Multifunktionsschere SOG PARASHEARS SCHWARZ"},"content":{"rendered":"<p>Multifunktionsschere <strong>SOG<\/strong> PARASHEARS SCHWARZ.<\/p>\n<p>ParaShears ist ein zielgerichtetes Multitool, das speziell f\u00fcr Ersthelfer entwickelt wurde. Es wird mit einem missionsspezifischen Werkzeugsatz geliefert, der 11 Komponenten umfasst, darunter eine Schere, einen Gurtschneider, einen Glasbrecher, einen Sauerstoffschl\u00fcssel und eine Pinzette. Durch den Einsatz der patentierten Compound Leverage-Technologie von SOG sind ParaShears in der Lage, Material einfacher und schneller zu schneiden als vergleichbare Scheren. ParaShears ist ein leistungsstarkes und zuverl\u00e4ssiges Multifunktionswerkzeug, das f\u00fcr schnelles und pr\u00e4zises Arbeiten unter den anspruchsvollsten Bedingungen in medizinischen Anwendungen entwickelt wurde.<\/p>\n<p>Multitool-Schere f\u00fcr den Notfall bereit<br \/>\nMultifunktionsger\u00e4t mit 11 Werkzeugen f\u00fcr Sanit\u00e4ter und Retter. Aus Edelstahl mit GRN-Griff. Es wiegt 4,8 Unzen und besteht aus autoklavkompatiblen Materialien.<\/p>\n<p>HEBELWIRKUNG DER SOG-VERBINDUNG<br \/>\nDie patentierte Compound Leverage-Technologie von SOG nutzt mehrere Drehpunkte, die im Verh\u00e4ltnis zur Bewegung der Zange einen gr\u00f6\u00dferen Griffhub erzeugen. Das Ergebnis ist ein Hebelwirkungsvorteil, der ein sanfteres und einfacheres Schneiden erm\u00f6glicht.<\/p>\n<p>11 WERKZEUG<br \/>\nEnth\u00e4lt Daumenlineal, MM-Lineal, Schere, Linienschneider, Glasbrecher, Pinzette, Kreuzschlitz Nr. 1, Flaschen\u00f6ffner, mittelgro\u00dfen Flachkopf, Ahle, Seilschneider und O2-Schraubenschl\u00fcssel.<\/p>\n<p>GESAMTGR\u00d6SSE: 185 mm<br \/>\nGRIFFMATERIAL: Edelstahl und GRN<br \/>\nKLINGENL\u00c4NGE: 46 mm<br \/>\nFarbe: Schwarz<br \/>\nGEWICHT: 136 g<br \/>\nSTAHL: 3Cr13<br \/>\nGRIFFL\u00c4NGE: 130 mm<br \/>\nSICHERUNGSART: Klappmechanismus<br \/>\nKLINGENST\u00c4RKE: 2,5 mm<br \/>\nGEH\u00c4USEMATERIAL: Nylon<\/p>\n<p><iframe title=\"Parashears\" width=\"800\" height=\"450\" src=\"https:\/\/www.youtube.com\/embed\/DOcOGQdJ56c?feature=oembed\" frameborder=\"0\" allow=\"accelerometer; autoplay; clipboard-write; encrypted-media; gyroscope; picture-in-picture; web-share\" referrerpolicy=\"strict-origin-when-cross-origin\" allowfullscreen><\/iframe><\/p>\n<p>&nbsp;<\/p>\n","protected":false},"excerpt":{"rendered":"<p>ParaShears sind multifunktionale medizinische Scheren, die f\u00fcr schnelles und pr\u00e4zises Arbeiten unter schwierigsten Bedingungen entwickelt wurden. Sie enthalten 11 Werkzeuge, die in den Griffen versteckt sind.<\/p>\n","protected":false},"featured_media":336154,"comment_status":"open","ping_status":"closed","template":"","meta":[],"pwb-brand":[3605],"product_brand":[],"product_cat":[3340],"product_tag":[3669],"class_list":{"0":"post-336153","1":"product","2":"type-product","3":"status-publish","4":"has-post-thumbnail","6":"pwb-brand-wie-g","7":"product_cat-multi-tool-de","8":"product_tag-b2b-de","10":"first","11":"instock","12":"taxable","13":"shipping-taxable","14":"purchasable","15":"product-type-simple"},"brands":[{"id":3605,"name":"WIE G","slug":"wie-g"}],"_links":{"self":[{"href":"https:\/\/www.moskito.cz\/de\/wp-json\/wp\/v2\/product\/336153","targetHints":{"allow":["GET"]}}],"collection":[{"href":"https:\/\/www.moskito.cz\/de\/wp-json\/wp\/v2\/product"}],"about":[{"href":"https:\/\/www.moskito.cz\/de\/wp-json\/wp\/v2\/types\/product"}],"replies":[{"embeddable":true,"href":"https:\/\/www.moskito.cz\/de\/wp-json\/wp\/v2\/comments?post=336153"}],"wp:featuredmedia":[{"embeddable":true,"href":"https:\/\/www.moskito.cz\/de\/wp-json\/wp\/v2\/media\/336154"}],"wp:attachment":[{"href":"https:\/\/www.moskito.cz\/de\/wp-json\/wp\/v2\/media?parent=336153"}],"wp:term":[{"taxonomy":"pwb-brand","embeddable":true,"href":"https:\/\/www.moskito.cz\/de\/wp-json\/wp\/v2\/pwb-brand?post=336153"},{"taxonomy":"product_brand","embeddable":true,"href":"https:\/\/www.moskito.cz\/de\/wp-json\/wp\/v2\/product_brand?post=336153"},{"taxonomy":"product_cat","embeddable":true,"href":"https:\/\/www.moskito.cz\/de\/wp-json\/wp\/v2\/product_cat?post=336153"},{"taxonomy":"product_tag","embeddable":true,"href":"https:\/\/www.moskito.cz\/de\/wp-json\/wp\/v2\/product_tag?post=336153"}],"curies":[{"name":"wp","href":"https:\/\/api.w.org\/{rel}","templated":true}]}}