{"id":336271,"date":"2024-04-19T17:06:02","date_gmt":"2024-04-19T16:06:02","guid":{"rendered":"https:\/\/www.moskito.cz\/produkt\/crkt-facet-k254tm390-klappmesser-in-limitierter-auflage\/"},"modified":"2025-05-07T11:13:12","modified_gmt":"2025-05-07T10:13:12","slug":"crkt-facet-k254tm390-klappmesser-in-limitierter-auflage","status":"publish","type":"product","link":"https:\/\/www.moskito.cz\/de\/produkt\/crkt-facet-k254tm390-klappmesser-in-limitierter-auflage\/","title":{"rendered":"CRKT Facet K254TM390 Klappmesser in limitierter Auflage"},"content":{"rendered":"<p><strong>CRKT<\/strong> Facet K254TM390 Klappmesser in limitierter Auflage.<\/p>\n<p><strong>Ken Onion<\/strong> ist f\u00fcr sein schlankes und praktisches Design bekannt und der K254TM390 bildet da keine Ausnahme. Die Winkel und Facetten des Griffs erg\u00e4nzen das d\u00fcnne Design und die kantige Form der Klinge. Ausgestattet mit dem IKBS-Kugellagerstiftsystem von CRKT \u00f6ffnen sich die Blade-Schl\u00e4ger wie Sie es nicht glauben w\u00fcrden. Die Klinge besteht aus hochwertigem B\u00f6hler M390-Stahl f\u00fcr au\u00dfergew\u00f6hnliche Schnitthaltigkeit und ist satiniert. Der eingelassene Rahmenverschluss nutzt eine starke Verriegelungsstange, um die Klinge sicher zu sichern. Durch den zus\u00e4tzlichen halbtiefen Taschenclip l\u00e4sst sich das Facet leicht tragen, ohne die Aufmerksamkeit auf sich zu ziehen oder im Weg zu stehen.<\/p>\n<p>Diese limitierte Sonderversion des beliebten Facet-Designs zeichnet sich durch eine wesentliche Verbesserung der Stahl- und Titangriffe mit einem fantastischen \u201eviralen\u201c Design aus. Limitiert auf 500 St\u00fcck.<\/p>\n<p>\u00dcber den Messerdesigner<\/p>\n<p>Ken Onion \u2013 \u201eObwohl ich seit meiner Kindheit ein begeisterter Messersammler bin und haupts\u00e4chlich Lagermesser und alles, was ich sonst noch finden konnte, sammle, war mir die Branche der ma\u00dfgeschneiderten Messer erst 1989 bewusst, als ich in meiner \u00f6rtlichen Drogerie eine Ausgabe von Knives Illustrated sah. Von dort aus fand ich einen \u00f6rtlichen Messermacher namens Stan Fujisaka und flehte ihn an, mir das beizubringen. Ich habe mein erstes Messer im November 1991 hergestellt und bin seitdem in der Branche t\u00e4tig. Nachdem ich mich 1996 von einer R\u00fcckenoperation erholt hatte, beschloss ich, ein Messer zu entwerfen, das einfacher zu handhaben war als das, was erh\u00e4ltlich war, und keine Schie\u00dfklinge. Das Ergebnis war das erste unterst\u00fctzte Messer, das ich \u201eSpeed \u200b\u200b\u200b\u200bSafe\u201c nannte. Nachdem ich einige Informationen \u00fcber den gesamten Patentprozess eingeholt und mich mit einem Anwalt beraten hatte, erhielt ich mein erstes Patent und erstellte es eine v\u00f6llig neue Kategorie von Messern zwischen manuell und automatisch.<\/p>\n<p>Klinge aus M390-Stahl<br \/>\nKlingenkante glatt<br \/>\nSatiniertes Klingenfinish<br \/>\nKlingenl\u00e4nge: 8,88 cm<br \/>\nKlingenst\u00e4rke 0,31 cm<br \/>\nGesamtl\u00e4nge: 19,68 cm<br \/>\nL\u00e4nge geschlossen: 10,97 cm<br \/>\nGewicht 3,00 Unzen. (85,05 g)<\/p>\n","protected":false},"excerpt":{"rendered":"<p>DESIGNER<br \/>\nKen Onion<br \/>\nKaneohe, Hawaii<br \/>\nKen ist der echte Deal. Ken, der j\u00fcngste Neuzugang, der 2008 in die Blade Magazine Hall of Fame aufgenommen wurde, gilt als einer der innovativsten und erfolgreichsten Messerdesigner aller Zeiten. 1996 entwickelte er den ersten kommerziell erfolgreichen unterst\u00fctzten \u00d6ffnungsmechanismus und stellte 20 Jahre sp\u00e4ter seine preisgekr\u00f6nte Field Strip-Technologie vor. Jetzt setzt diese weltver\u00e4ndernde Innovation mit der Field Strip Gen II-Technologie einen neuen Standard, eine Wiedergeburt, die ihrem Namen alle Ehre machen muss.<\/p>\n","protected":false},"featured_media":336225,"comment_status":"open","ping_status":"closed","template":"","meta":[],"pwb-brand":[3457],"product_brand":[],"product_cat":[3303,3285],"product_tag":[3669],"class_list":{"0":"post-336271","1":"product","2":"type-product","3":"status-publish","4":"has-post-thumbnail","6":"pwb-brand-crkt-de","7":"product_cat-schliesmesser","8":"product_cat-messer","9":"product_tag-b2b-de","11":"first","12":"instock","13":"taxable","14":"shipping-taxable","15":"purchasable","16":"product-type-simple"},"brands":[{"id":3457,"name":"CRKT","slug":"crkt-de"}],"_links":{"self":[{"href":"https:\/\/www.moskito.cz\/de\/wp-json\/wp\/v2\/product\/336271","targetHints":{"allow":["GET"]}}],"collection":[{"href":"https:\/\/www.moskito.cz\/de\/wp-json\/wp\/v2\/product"}],"about":[{"href":"https:\/\/www.moskito.cz\/de\/wp-json\/wp\/v2\/types\/product"}],"replies":[{"embeddable":true,"href":"https:\/\/www.moskito.cz\/de\/wp-json\/wp\/v2\/comments?post=336271"}],"wp:featuredmedia":[{"embeddable":true,"href":"https:\/\/www.moskito.cz\/de\/wp-json\/wp\/v2\/media\/336225"}],"wp:attachment":[{"href":"https:\/\/www.moskito.cz\/de\/wp-json\/wp\/v2\/media?parent=336271"}],"wp:term":[{"taxonomy":"pwb-brand","embeddable":true,"href":"https:\/\/www.moskito.cz\/de\/wp-json\/wp\/v2\/pwb-brand?post=336271"},{"taxonomy":"product_brand","embeddable":true,"href":"https:\/\/www.moskito.cz\/de\/wp-json\/wp\/v2\/product_brand?post=336271"},{"taxonomy":"product_cat","embeddable":true,"href":"https:\/\/www.moskito.cz\/de\/wp-json\/wp\/v2\/product_cat?post=336271"},{"taxonomy":"product_tag","embeddable":true,"href":"https:\/\/www.moskito.cz\/de\/wp-json\/wp\/v2\/product_tag?post=336271"}],"curies":[{"name":"wp","href":"https:\/\/api.w.org\/{rel}","templated":true}]}}